{"id":10689,"date":"2025-03-20T10:35:57","date_gmt":"2025-03-20T09:35:57","guid":{"rendered":"https:\/\/drinkera.sk\/?post_type=product&#038;p=10689"},"modified":"2026-05-13T14:40:48","modified_gmt":"2026-05-13T12:40:48","slug":"ovocne-remeselne-sirupy-domaci-hostinec","status":"publish","type":"product","link":"https:\/\/drinkera.sk\/cz\/produkt\/ovocne-remeselne-sirupy-domaci-hostinec\/","title":{"rendered":"Remeseln\u00e9 sirupy Dom\u00e1ci Hostinec"},"content":{"rendered":"<h1 class=\"p1\"><b>Remeseln\u00e9 sirupy &amp; Tonik<\/b><\/h1>\n<h3 class=\"p1\"><b>Extra hust\u00e9 pr\u00edrodn\u00e9 sirupy s ovocnou du\u017einou a poctivou macer\u00e1ciou byl\u00edn<\/b><\/h3>\n<p class=\"p1\">Objavte v\u00fdnimo\u010dn\u00e9 sirupy, ktor\u00e9 v sebe ukr\u00fdvaj\u00fa to najlep\u0161ie z pr\u00edrody \u2013 <strong>skuto\u010dn\u00fa ovocn\u00fa du\u017einu aj poctiv\u00fa macer\u00e1ciu byl\u00edn<\/strong>. Ka\u017ed\u00fd produkt vznik\u00e1 <strong>\u0159emeslnou v\u00fdrobou<\/strong> v mal\u00fdch d\u00e1vkach a pon\u00faka 100 % pr\u00edrodn\u00e9 zlo\u017eenie bez konzervantov, farb\u00edv \u010di umel\u00fdch zahus\u0165ovadiel.<\/p>\n<p class=\"p1\">Ovocn\u00e9 sirupy v\u00e1s pote\u0161ia svojou <strong>hustotou a<\/strong> <strong>plnou chu\u0165ou re\u00e1lneho ovocia<\/strong>, zatia\u013e \u010do tonikov\u00fd sirup z macer\u00e1tu chin\u00ednovn\u00edka prin\u00e1\u0161a charakteristick\u00fa <strong>horkos\u0165 a svie\u017eos\u0165<\/strong> pre osvie\u017euj\u00face n\u00e1poje aj pr\u00e9miov\u00e9 drinky.<\/p>\n<p class=\"p3\"><span class=\"s1\">\ud83d\udca1 <\/span><b>Ako v\u00e1m sirupy spr\u00edjemnia de\u0148?<\/b><b><\/b><\/p>\n<p class=\"p1\">\u2013 Priprav\u00edte s nimi <strong>osvie\u017euj\u00face dom\u00e1ce limon\u00e1dy<\/strong> s prirodzenou chu\u0165ou<\/p>\n<p class=\"p1\">\u2013 Vynikn\u00fa v <strong>mie\u0161an\u00fdch drinkoch, mocktailoch aj tonikov\u00fdch<\/strong> kombin\u00e1ci\u00e1ch<\/p>\n<p class=\"p1\">\u2013 S\u00fa ide\u00e1lne do milk\u0161ejkov, tepl\u00fdch n\u00e1pojov alebo ako toping na dezerty<\/p>\n<p>Tento sirup nen\u00ed jen chutn\u00fd, ale tak\u00e9\u00a0<strong data-start=\"1093\" data-end=\"1116\">v\u0161estrann\u00fd pomocn\u00edk<\/strong>\u00a0v kuchyni, a\u0165 u\u017e p\u0159ipravujete brunch pro p\u0159\u00e1tele nebo hled\u00e1te n\u011bco v\u00fdjime\u010dn\u00e9ho na dochucen\u00ed obl\u00edben\u00fdch n\u00e1poj\u016f.<\/p>\n<p class=\"p1\">\ud83d\udce6 <strong>Objem:<\/strong> 690 ml<\/p>\n<p class=\"p1\">\ud83c\uddea\ud83c\uddfa <strong>Vyrobeno v EU<\/strong><\/p>\n<p class=\"p1\">\ud83d\udccd <strong>Prodej v EU:<\/strong> Drinkera SK, N\u00e1bre\u017en\u00e1 3467\/8, 038 61 Vr\u00fatky, Slovensko<\/p>\n<p>&nbsp;<\/p>","protected":false},"excerpt":{"rendered":"<p class=\"p1\">Remeseln\u00e9 sirupy s ovocnou du\u017einou aj tonikov\u00fd sirup z macer\u00e1tu prin\u00e1\u0161aj\u00fa \u010dist\u00fa chu\u0165 bez kompromisov. Ide\u00e1lne na limon\u00e1dy, drinky aj kreat\u00edvne kombin\u00e1cie doma \u010di v bare.<\/p>","protected":false},"featured_media":12929,"template":"","meta":{"_kad_post_transparent":"default","_kad_post_title":"","_kad_post_layout":"default","_kad_post_sidebar_id":"","_kad_post_content_style":"default","_kad_post_vertical_padding":"default","_kad_post_feature":"","_kad_post_feature_position":"","_kad_post_header":false,"_kad_post_footer":false,"_kad_post_classname":""},"product_brand":[],"product_cat":[22],"product_tag":[],"class_list":{"0":"post-10689","1":"product","2":"type-product","3":"status-publish","4":"has-post-thumbnail","6":"product_cat-sirupy-a-ovocne-pyre","8":"first","9":"instock","10":"taxable","11":"shipping-taxable","12":"purchasable","13":"product-type-variable","14":"entry","15":"content-bg","16":"loop-entry"},"yoast_head":"<!-- This site is optimized with the Yoast SEO plugin v27.6 - https:\/\/yoast.com\/product\/yoast-seo-wordpress\/ -->\n<title>Remeseln\u00e9 sirupy Dom\u00e1ci Hostinec - Drinkera SK<\/title>\n<meta name=\"description\" content=\"Remeseln\u00e9 sirupy s ovocnou du\u017einou a tonikov\u00fd sirup z macer\u00e1tu. Ide\u00e1lne na limon\u00e1dy, drinky a pr\u00e9miov\u00e9 mie\u0161an\u00e9 n\u00e1poje. 100 % pr\u00edrodn\u00e9 zlo\u017eenie.\" \/>\n<meta name=\"robots\" content=\"index, follow, max-snippet:-1, max-image-preview:large, max-video-preview:-1\" \/>\n<link rel=\"canonical\" href=\"https:\/\/drinkera.sk\/cz\/product-2\/ovocne-remeselne-sirupy-domaci-hostinec\/\" \/>\n<meta property=\"og:locale\" content=\"cs_CZ\" \/>\n<meta property=\"og:type\" content=\"article\" \/>\n<meta property=\"og:title\" content=\"Remeseln\u00e9 sirupy Dom\u00e1ci Hostinec - Drinkera SK\" \/>\n<meta property=\"og:description\" content=\"Remeseln\u00e9 sirupy s ovocnou du\u017einou a tonikov\u00fd sirup z macer\u00e1tu. Ide\u00e1lne na limon\u00e1dy, drinky a pr\u00e9miov\u00e9 mie\u0161an\u00e9 n\u00e1poje. 100 % pr\u00edrodn\u00e9 zlo\u017eenie.\" \/>\n<meta property=\"og:url\" content=\"https:\/\/drinkera.sk\/cz\/product-2\/ovocne-remeselne-sirupy-domaci-hostinec\/\" \/>\n<meta property=\"og:site_name\" content=\"Drinkera SK\" \/>\n<meta property=\"article:modified_time\" content=\"2026-05-13T12:40:48+00:00\" \/>\n<meta property=\"og:image\" content=\"https:\/\/drinkera.sk\/wp-content\/uploads\/2025\/03\/Remeselne-sirupy-Domaci-Hostinec.png\" \/>\n\t<meta property=\"og:image:width\" content=\"800\" \/>\n\t<meta property=\"og:image:height\" content=\"800\" \/>\n\t<meta property=\"og:image:type\" content=\"image\/png\" \/>\n<meta name=\"twitter:card\" content=\"summary_large_image\" \/>\n<meta name=\"twitter:label1\" content=\"Odhadovan\u00e1 doba \u010dten\u00ed\" \/>\n\t<meta name=\"twitter:data1\" content=\"2 minuty\" \/>\n<script type=\"application\/ld+json\" class=\"yoast-schema-graph\">{\"@context\":\"https:\\\/\\\/schema.org\",\"@graph\":[{\"@type\":\"WebPage\",\"@id\":\"https:\\\/\\\/drinkera.sk\\\/produkt\\\/ovocne-remeselne-sirupy-domaci-hostinec\\\/\",\"url\":\"https:\\\/\\\/drinkera.sk\\\/produkt\\\/ovocne-remeselne-sirupy-domaci-hostinec\\\/\",\"name\":\"Remeseln\u00e9 sirupy Dom\u00e1ci Hostinec - Drinkera SK\",\"isPartOf\":{\"@id\":\"https:\\\/\\\/drinkera.sk\\\/#website\"},\"primaryImageOfPage\":{\"@id\":\"https:\\\/\\\/drinkera.sk\\\/produkt\\\/ovocne-remeselne-sirupy-domaci-hostinec\\\/#primaryimage\"},\"image\":{\"@id\":\"https:\\\/\\\/drinkera.sk\\\/produkt\\\/ovocne-remeselne-sirupy-domaci-hostinec\\\/#primaryimage\"},\"thumbnailUrl\":\"https:\\\/\\\/drinkera.sk\\\/wp-content\\\/uploads\\\/2025\\\/03\\\/Remeselne-sirupy-Domaci-Hostinec.png\",\"datePublished\":\"2025-03-20T09:35:57+00:00\",\"dateModified\":\"2026-05-13T12:40:48+00:00\",\"description\":\"Remeseln\u00e9 sirupy s ovocnou du\u017einou a tonikov\u00fd sirup z macer\u00e1tu. Ide\u00e1lne na limon\u00e1dy, drinky a pr\u00e9miov\u00e9 mie\u0161an\u00e9 n\u00e1poje. 100 % pr\u00edrodn\u00e9 zlo\u017eenie.\",\"breadcrumb\":{\"@id\":\"https:\\\/\\\/drinkera.sk\\\/produkt\\\/ovocne-remeselne-sirupy-domaci-hostinec\\\/#breadcrumb\"},\"inLanguage\":\"cs\",\"potentialAction\":[{\"@type\":\"ReadAction\",\"target\":[\"https:\\\/\\\/drinkera.sk\\\/produkt\\\/ovocne-remeselne-sirupy-domaci-hostinec\\\/\"]}]},{\"@type\":\"ImageObject\",\"inLanguage\":\"cs\",\"@id\":\"https:\\\/\\\/drinkera.sk\\\/produkt\\\/ovocne-remeselne-sirupy-domaci-hostinec\\\/#primaryimage\",\"url\":\"https:\\\/\\\/drinkera.sk\\\/wp-content\\\/uploads\\\/2025\\\/03\\\/Remeselne-sirupy-Domaci-Hostinec.png\",\"contentUrl\":\"https:\\\/\\\/drinkera.sk\\\/wp-content\\\/uploads\\\/2025\\\/03\\\/Remeselne-sirupy-Domaci-Hostinec.png\",\"width\":800,\"height\":800,\"caption\":\"Remeseln\u00e9 sirupy Dom\u00e1ci Hostinec \u2013 Brusnica, Hrozno a Citr\u00f3n v sklenenej f\u013ea\u0161i 750 ml | drinkera.sk\"},{\"@type\":\"BreadcrumbList\",\"@id\":\"https:\\\/\\\/drinkera.sk\\\/produkt\\\/ovocne-remeselne-sirupy-domaci-hostinec\\\/#breadcrumb\",\"itemListElement\":[{\"@type\":\"ListItem\",\"position\":1,\"name\":\"Domovsk\u00e1 str\u00e1nka\",\"item\":\"https:\\\/\\\/drinkera.sk\\\/\"},{\"@type\":\"ListItem\",\"position\":2,\"name\":\"E-shop\",\"item\":\"https:\\\/\\\/drinkera.sk\\\/obchod\\\/\"},{\"@type\":\"ListItem\",\"position\":3,\"name\":\"Remeseln\u00e9 sirupy Dom\u00e1ci Hostinec\"}]},{\"@type\":\"WebSite\",\"@id\":\"https:\\\/\\\/drinkera.sk\\\/#website\",\"url\":\"https:\\\/\\\/drinkera.sk\\\/\",\"name\":\"Drinkera SK\",\"description\":\"Miesto, kde bav\u00edme svet n\u00e1pojmi\",\"publisher\":{\"@id\":\"https:\\\/\\\/drinkera.sk\\\/#organization\"},\"potentialAction\":[{\"@type\":\"SearchAction\",\"target\":{\"@type\":\"EntryPoint\",\"urlTemplate\":\"https:\\\/\\\/drinkera.sk\\\/?s={search_term_string}\"},\"query-input\":{\"@type\":\"PropertyValueSpecification\",\"valueRequired\":true,\"valueName\":\"search_term_string\"}}],\"inLanguage\":\"cs\"},{\"@type\":\"Organization\",\"@id\":\"https:\\\/\\\/drinkera.sk\\\/#organization\",\"name\":\"Drinkera SK\",\"url\":\"https:\\\/\\\/drinkera.sk\\\/\",\"logo\":{\"@type\":\"ImageObject\",\"inLanguage\":\"cs\",\"@id\":\"https:\\\/\\\/drinkera.sk\\\/#\\\/schema\\\/logo\\\/image\\\/\",\"url\":\"https:\\\/\\\/drinkera.sk\\\/wp-content\\\/uploads\\\/2025\\\/05\\\/cropped-Drinkera-logo-scaled-1.png\",\"contentUrl\":\"https:\\\/\\\/drinkera.sk\\\/wp-content\\\/uploads\\\/2025\\\/05\\\/cropped-Drinkera-logo-scaled-1.png\",\"width\":2145,\"height\":571,\"caption\":\"Drinkera SK\"},\"image\":{\"@id\":\"https:\\\/\\\/drinkera.sk\\\/#\\\/schema\\\/logo\\\/image\\\/\"}}]}<\/script>\n<!-- \/ Yoast SEO plugin. -->","yoast_head_json":{"title":"Remeseln\u00e9 sirupy Dom\u00e1ci Hostinec - Drinkera SK","description":"Remeseln\u00e9 sirupy s ovocnou du\u017einou a tonikov\u00fd sirup z macer\u00e1tu. Ide\u00e1lne na limon\u00e1dy, drinky a pr\u00e9miov\u00e9 mie\u0161an\u00e9 n\u00e1poje. 100 % pr\u00edrodn\u00e9 zlo\u017eenie.","robots":{"index":"index","follow":"follow","max-snippet":"max-snippet:-1","max-image-preview":"max-image-preview:large","max-video-preview":"max-video-preview:-1"},"canonical":"https:\/\/drinkera.sk\/cz\/product-2\/ovocne-remeselne-sirupy-domaci-hostinec\/","og_locale":"cs_CZ","og_type":"article","og_title":"Remeseln\u00e9 sirupy Dom\u00e1ci Hostinec - Drinkera SK","og_description":"Remeseln\u00e9 sirupy s ovocnou du\u017einou a tonikov\u00fd sirup z macer\u00e1tu. Ide\u00e1lne na limon\u00e1dy, drinky a pr\u00e9miov\u00e9 mie\u0161an\u00e9 n\u00e1poje. 100 % pr\u00edrodn\u00e9 zlo\u017eenie.","og_url":"https:\/\/drinkera.sk\/cz\/product-2\/ovocne-remeselne-sirupy-domaci-hostinec\/","og_site_name":"Drinkera SK","article_modified_time":"2026-05-13T12:40:48+00:00","og_image":[{"width":800,"height":800,"url":"https:\/\/drinkera.sk\/wp-content\/uploads\/2025\/03\/Remeselne-sirupy-Domaci-Hostinec.png","type":"image\/png"}],"twitter_card":"summary_large_image","twitter_misc":{"Odhadovan\u00e1 doba \u010dten\u00ed":"2 minuty"},"schema":{"@context":"https:\/\/schema.org","@graph":[{"@type":"WebPage","@id":"https:\/\/drinkera.sk\/produkt\/ovocne-remeselne-sirupy-domaci-hostinec\/","url":"https:\/\/drinkera.sk\/produkt\/ovocne-remeselne-sirupy-domaci-hostinec\/","name":"Remeseln\u00e9 sirupy Dom\u00e1ci Hostinec - Drinkera SK","isPartOf":{"@id":"https:\/\/drinkera.sk\/#website"},"primaryImageOfPage":{"@id":"https:\/\/drinkera.sk\/produkt\/ovocne-remeselne-sirupy-domaci-hostinec\/#primaryimage"},"image":{"@id":"https:\/\/drinkera.sk\/produkt\/ovocne-remeselne-sirupy-domaci-hostinec\/#primaryimage"},"thumbnailUrl":"https:\/\/drinkera.sk\/wp-content\/uploads\/2025\/03\/Remeselne-sirupy-Domaci-Hostinec.png","datePublished":"2025-03-20T09:35:57+00:00","dateModified":"2026-05-13T12:40:48+00:00","description":"Remeseln\u00e9 sirupy s ovocnou du\u017einou a tonikov\u00fd sirup z macer\u00e1tu. Ide\u00e1lne na limon\u00e1dy, drinky a pr\u00e9miov\u00e9 mie\u0161an\u00e9 n\u00e1poje. 100 % pr\u00edrodn\u00e9 zlo\u017eenie.","breadcrumb":{"@id":"https:\/\/drinkera.sk\/produkt\/ovocne-remeselne-sirupy-domaci-hostinec\/#breadcrumb"},"inLanguage":"cs","potentialAction":[{"@type":"ReadAction","target":["https:\/\/drinkera.sk\/produkt\/ovocne-remeselne-sirupy-domaci-hostinec\/"]}]},{"@type":"ImageObject","inLanguage":"cs","@id":"https:\/\/drinkera.sk\/produkt\/ovocne-remeselne-sirupy-domaci-hostinec\/#primaryimage","url":"https:\/\/drinkera.sk\/wp-content\/uploads\/2025\/03\/Remeselne-sirupy-Domaci-Hostinec.png","contentUrl":"https:\/\/drinkera.sk\/wp-content\/uploads\/2025\/03\/Remeselne-sirupy-Domaci-Hostinec.png","width":800,"height":800,"caption":"Remeseln\u00e9 sirupy Dom\u00e1ci Hostinec \u2013 Brusnica, Hrozno a Citr\u00f3n v sklenenej f\u013ea\u0161i 750 ml | drinkera.sk"},{"@type":"BreadcrumbList","@id":"https:\/\/drinkera.sk\/produkt\/ovocne-remeselne-sirupy-domaci-hostinec\/#breadcrumb","itemListElement":[{"@type":"ListItem","position":1,"name":"Domovsk\u00e1 str\u00e1nka","item":"https:\/\/drinkera.sk\/"},{"@type":"ListItem","position":2,"name":"E-shop","item":"https:\/\/drinkera.sk\/obchod\/"},{"@type":"ListItem","position":3,"name":"Remeseln\u00e9 sirupy Dom\u00e1ci Hostinec"}]},{"@type":"WebSite","@id":"https:\/\/drinkera.sk\/#website","url":"https:\/\/drinkera.sk\/","name":"Drinkera SK","description":"M\u00edsto, kde bav\u00edme sv\u011bt n\u00e1poji.","publisher":{"@id":"https:\/\/drinkera.sk\/#organization"},"potentialAction":[{"@type":"SearchAction","target":{"@type":"EntryPoint","urlTemplate":"https:\/\/drinkera.sk\/?s={search_term_string}"},"query-input":{"@type":"PropertyValueSpecification","valueRequired":true,"valueName":"search_term_string"}}],"inLanguage":"cs"},{"@type":"Organization","@id":"https:\/\/drinkera.sk\/#organization","name":"Drinkera SK","url":"https:\/\/drinkera.sk\/","logo":{"@type":"ImageObject","inLanguage":"cs","@id":"https:\/\/drinkera.sk\/#\/schema\/logo\/image\/","url":"https:\/\/drinkera.sk\/wp-content\/uploads\/2025\/05\/cropped-Drinkera-logo-scaled-1.png","contentUrl":"https:\/\/drinkera.sk\/wp-content\/uploads\/2025\/05\/cropped-Drinkera-logo-scaled-1.png","width":2145,"height":571,"caption":"Drinkera SK"},"image":{"@id":"https:\/\/drinkera.sk\/#\/schema\/logo\/image\/"}}]}},"_links":{"self":[{"href":"https:\/\/drinkera.sk\/cz\/wp-json\/wp\/v2\/product\/10689","targetHints":{"allow":["GET"]}}],"collection":[{"href":"https:\/\/drinkera.sk\/cz\/wp-json\/wp\/v2\/product"}],"about":[{"href":"https:\/\/drinkera.sk\/cz\/wp-json\/wp\/v2\/types\/product"}],"wp:featuredmedia":[{"embeddable":true,"href":"https:\/\/drinkera.sk\/cz\/wp-json\/wp\/v2\/media\/12929"}],"wp:attachment":[{"href":"https:\/\/drinkera.sk\/cz\/wp-json\/wp\/v2\/media?parent=10689"}],"wp:term":[{"taxonomy":"product_brand","embeddable":true,"href":"https:\/\/drinkera.sk\/cz\/wp-json\/wp\/v2\/product_brand?post=10689"},{"taxonomy":"product_cat","embeddable":true,"href":"https:\/\/drinkera.sk\/cz\/wp-json\/wp\/v2\/product_cat?post=10689"},{"taxonomy":"product_tag","embeddable":true,"href":"https:\/\/drinkera.sk\/cz\/wp-json\/wp\/v2\/product_tag?post=10689"}],"curies":[{"name":"wp","href":"https:\/\/api.w.org\/{rel}","templated":true}]}}