{"id":10926,"date":"2025-03-20T11:09:17","date_gmt":"2025-03-20T10:09:17","guid":{"rendered":"https:\/\/drinkera.sk\/?post_type=product&#038;p=10926"},"modified":"2026-05-13T14:15:57","modified_gmt":"2026-05-13T12:15:57","slug":"hirams-matcha","status":"publish","type":"product","link":"https:\/\/drinkera.sk\/cz\/produkt\/hirams-matcha\/","title":{"rendered":"Hirams Matcha \u2013 Ceremonial &#038; Culinary"},"content":{"rendered":"<h3 class=\"p1\"><span class=\"s1\">\ud83c\udf75 <\/span><b>Hirams Matcha \u2013 Ceremonial &amp; Culinary japonsk\u00fd zelen\u00fd \u010daj v pr\u00e1\u0161ku<\/b><b><\/b><\/h3>\n<p class=\"p3\">Pr\u00e9miov\u00e1 japonsk\u00e1 a organick\u00e1 matcha v pr\u00e1\u0161ku, ktor\u00fa si zamilujete pre jej \u010distotu, v\u00fdnimo\u010dn\u00fa chu\u0165 aj v\u0161estrann\u00e9 pou\u017eitie. Od <span class=\"s2\"><b>jemnej ceremoni\u00e1lnej matchy ide\u00e1lnej na tradi\u010dn\u00fd \u010daj<\/b><\/span> a\u017e po <span class=\"s2\"><b>culinary varianty vhodn\u00e9 na latte, limon\u00e1dy a kreat\u00edvne pou\u017eitie<\/b><\/span>, Hirams Matcha je dokonalou ingredienciou pre ka\u017ed\u00fd moment.<\/p>\n<h4 class=\"p1\"><span class=\"s1\">\ud83d\udca1 <\/span><b>Pro\u010d si ji zamilujete?<\/b><b><\/b><\/h4>\n<p class=\"p3\">\u2013 100 % zelen\u00fd \u010daj matcha \u2013 bez pr\u00edsad, priamo z Japonska alebo kontrolovan\u00e9ho BIO pestovania<\/p>\n<p class=\"p3\">\u2013 Vysok\u00fd obsah antioxidant\u016f, L-theaninu a p\u0159\u00edrodn\u00edho kofeinu pro energii bez nervozity<\/p>\n<p class=\"p1\"><b>\u2013 Ceremonial kvalita pre \u010dist\u00fd \u010dajov\u00fd z\u00e1\u017eitok, premium varianty ide\u00e1lne na tradi\u010dn\u00fa pr\u00edpravu aj modern\u00e9 matcha latte<\/b><\/p>\n<p class=\"p1\"><b>\u2013 Dostupn\u00e1 v piatich baleniach:<\/b><\/p>\n<p class=\"p2\">30 g (Ceremonial Matcha Samurai),<br \/>\n100 g (Hirams Matcha Hikari),<br \/>\n130 g (Japan Matcha \u2013 s\u00e1\u010dok),<br \/>\n175 g (Japan Matcha \u2013 d\u00f3za),<br \/>\n200 g (Organic Taishan)<\/p>\n<p class=\"p3\"><span class=\"s1\">\ud83e\uded6 <\/span><b>Doporu\u010den\u00e1 p\u0159\u00edprava:<\/b><\/p>\n<p class=\"p3\">1 porcia = 2 g pr\u00e1\u0161ku (1 mokka ly\u017ei\u010dka)<\/p>\n<p class=\"p3\">Rozmie\u0161ajte v 30 ml hor\u00facej vody (cca 80 \u00b0C), pod\u013ea chuti dopl\u0148te mliekom alebo vodou.<\/p>\n<p class=\"p1\">\ud83d\udce6 <span class=\"s1\"><b>Balen\u00ed:<\/b><\/span> 30 g \/ 100 g \/ 130 g \/ 175 g \/ 200 g<\/p>\n<p class=\"p3\">\ud83c\udf3f 100 % p\u0159\u00edrodn\u00ed, bez aromat a p\u0159\u00eddatn\u00fdch l\u00e1tek<\/p>\n<p class=\"p3\">\ud83c\uddef\ud83c\uddf5 <strong>Vyroben\u00e9 v Japonsku \/ \ud83c\udde8\ud83c\uddf3 Bio matcha z provincie Zhejiang<\/strong><\/p>\n<p class=\"p3\">\ud83d\udccd <strong>Prodej v EU:<\/strong> Hiram\u00b4s Coffee &amp; Tea s. r. o., N\u00e1bre\u017en\u00e1 3467\/8, 038 61 Vr\u00fatky<\/p>","protected":false},"excerpt":{"rendered":"<p class=\"p1\">Japonsk\u00e1 a organick\u00e1 matcha v pr\u00e1\u0161ku \u2013 od ceremoni\u00e1lnej kvality na tradi\u010dn\u00fd \u010daj a\u017e po culinary varianty ide\u00e1lne na latte, limon\u00e1dy a ka\u017edodenn\u00e9 pou\u017eitie.<\/p>","protected":false},"featured_media":12947,"template":"","meta":{"_kad_post_transparent":"default","_kad_post_title":"","_kad_post_layout":"default","_kad_post_sidebar_id":"","_kad_post_content_style":"default","_kad_post_vertical_padding":"default","_kad_post_feature":"","_kad_post_feature_position":"","_kad_post_header":false,"_kad_post_footer":false,"_kad_post_classname":""},"product_brand":[],"product_cat":[23],"product_tag":[],"class_list":{"0":"post-10926","1":"product","2":"type-product","3":"status-publish","4":"has-post-thumbnail","6":"product_cat-hirams-matcha-superfoods","8":"first","9":"instock","10":"taxable","11":"shipping-taxable","12":"purchasable","13":"product-type-variable","14":"entry","15":"content-bg","16":"loop-entry"},"yoast_head":"<!-- This site is optimized with the Yoast SEO plugin v27.6 - https:\/\/yoast.com\/product\/yoast-seo-wordpress\/ -->\n<title>Hirams Matcha \u2013 Ceremonial &amp; Culinary - Drinkera SK<\/title>\n<meta name=\"description\" content=\"Pr\u00e9miov\u00e1 japonsk\u00e1 matcha v pr\u00e1\u0161ku \u2013 ceremonial na \u010daj aj culinary na latte, limon\u00e1dy a kreat\u00edvne pou\u017eitie. 100 % zelen\u00fd \u010daj bez pr\u00edsad.\" \/>\n<meta name=\"robots\" content=\"index, follow, max-snippet:-1, max-image-preview:large, max-video-preview:-1\" \/>\n<link rel=\"canonical\" href=\"https:\/\/drinkera.sk\/cz\/product-2\/hirams-matcha\/\" \/>\n<meta property=\"og:locale\" content=\"cs_CZ\" \/>\n<meta property=\"og:type\" content=\"article\" \/>\n<meta property=\"og:title\" content=\"Hirams Matcha \u2013 Ceremonial &amp; Culinary - Drinkera SK\" \/>\n<meta property=\"og:description\" content=\"Pr\u00e9miov\u00e1 japonsk\u00e1 matcha v pr\u00e1\u0161ku \u2013 ceremonial na \u010daj aj culinary na latte, limon\u00e1dy a kreat\u00edvne pou\u017eitie. 100 % zelen\u00fd \u010daj bez pr\u00edsad.\" \/>\n<meta property=\"og:url\" content=\"https:\/\/drinkera.sk\/cz\/product-2\/hirams-matcha\/\" \/>\n<meta property=\"og:site_name\" content=\"Drinkera SK\" \/>\n<meta property=\"article:modified_time\" content=\"2026-05-13T12:15:57+00:00\" \/>\n<meta property=\"og:image\" content=\"https:\/\/drinkera.sk\/wp-content\/uploads\/2025\/05\/Hirams-Matcha.png\" \/>\n\t<meta property=\"og:image:width\" content=\"800\" \/>\n\t<meta property=\"og:image:height\" content=\"800\" \/>\n\t<meta property=\"og:image:type\" content=\"image\/png\" \/>\n<meta name=\"twitter:card\" content=\"summary_large_image\" \/>\n<meta name=\"twitter:label1\" content=\"Odhadovan\u00e1 doba \u010dten\u00ed\" \/>\n\t<meta name=\"twitter:data1\" content=\"2 minuty\" \/>\n<script type=\"application\/ld+json\" class=\"yoast-schema-graph\">{\"@context\":\"https:\\\/\\\/schema.org\",\"@graph\":[{\"@type\":\"WebPage\",\"@id\":\"https:\\\/\\\/drinkera.sk\\\/produkt\\\/hirams-matcha\\\/\",\"url\":\"https:\\\/\\\/drinkera.sk\\\/produkt\\\/hirams-matcha\\\/\",\"name\":\"Hirams Matcha \u2013 Ceremonial & Culinary - Drinkera SK\",\"isPartOf\":{\"@id\":\"https:\\\/\\\/drinkera.sk\\\/#website\"},\"primaryImageOfPage\":{\"@id\":\"https:\\\/\\\/drinkera.sk\\\/produkt\\\/hirams-matcha\\\/#primaryimage\"},\"image\":{\"@id\":\"https:\\\/\\\/drinkera.sk\\\/produkt\\\/hirams-matcha\\\/#primaryimage\"},\"thumbnailUrl\":\"https:\\\/\\\/drinkera.sk\\\/wp-content\\\/uploads\\\/2025\\\/05\\\/Hirams-Matcha.png\",\"datePublished\":\"2025-03-20T10:09:17+00:00\",\"dateModified\":\"2026-05-13T12:15:57+00:00\",\"description\":\"Pr\u00e9miov\u00e1 japonsk\u00e1 matcha v pr\u00e1\u0161ku \u2013 ceremonial na \u010daj aj culinary na latte, limon\u00e1dy a kreat\u00edvne pou\u017eitie. 100 % zelen\u00fd \u010daj bez pr\u00edsad.\",\"breadcrumb\":{\"@id\":\"https:\\\/\\\/drinkera.sk\\\/produkt\\\/hirams-matcha\\\/#breadcrumb\"},\"inLanguage\":\"cs\",\"potentialAction\":[{\"@type\":\"ReadAction\",\"target\":[\"https:\\\/\\\/drinkera.sk\\\/produkt\\\/hirams-matcha\\\/\"]}]},{\"@type\":\"ImageObject\",\"inLanguage\":\"cs\",\"@id\":\"https:\\\/\\\/drinkera.sk\\\/produkt\\\/hirams-matcha\\\/#primaryimage\",\"url\":\"https:\\\/\\\/drinkera.sk\\\/wp-content\\\/uploads\\\/2025\\\/05\\\/Hirams-Matcha.png\",\"contentUrl\":\"https:\\\/\\\/drinkera.sk\\\/wp-content\\\/uploads\\\/2025\\\/05\\\/Hirams-Matcha.png\",\"width\":800,\"height\":800,\"caption\":\"Hirams Matcha \u2013 Japan Matcha a Organic Matcha Taishan v r\u00f4znych baleniach pre baristov | drinkera.sk\"},{\"@type\":\"BreadcrumbList\",\"@id\":\"https:\\\/\\\/drinkera.sk\\\/produkt\\\/hirams-matcha\\\/#breadcrumb\",\"itemListElement\":[{\"@type\":\"ListItem\",\"position\":1,\"name\":\"Domovsk\u00e1 str\u00e1nka\",\"item\":\"https:\\\/\\\/drinkera.sk\\\/\"},{\"@type\":\"ListItem\",\"position\":2,\"name\":\"E-shop\",\"item\":\"https:\\\/\\\/drinkera.sk\\\/obchod\\\/\"},{\"@type\":\"ListItem\",\"position\":3,\"name\":\"Hirams Matcha \u2013 Ceremonial &#038; Culinary\"}]},{\"@type\":\"WebSite\",\"@id\":\"https:\\\/\\\/drinkera.sk\\\/#website\",\"url\":\"https:\\\/\\\/drinkera.sk\\\/\",\"name\":\"Drinkera SK\",\"description\":\"Miesto, kde bav\u00edme svet n\u00e1pojmi\",\"publisher\":{\"@id\":\"https:\\\/\\\/drinkera.sk\\\/#organization\"},\"potentialAction\":[{\"@type\":\"SearchAction\",\"target\":{\"@type\":\"EntryPoint\",\"urlTemplate\":\"https:\\\/\\\/drinkera.sk\\\/?s={search_term_string}\"},\"query-input\":{\"@type\":\"PropertyValueSpecification\",\"valueRequired\":true,\"valueName\":\"search_term_string\"}}],\"inLanguage\":\"cs\"},{\"@type\":\"Organization\",\"@id\":\"https:\\\/\\\/drinkera.sk\\\/#organization\",\"name\":\"Drinkera SK\",\"url\":\"https:\\\/\\\/drinkera.sk\\\/\",\"logo\":{\"@type\":\"ImageObject\",\"inLanguage\":\"cs\",\"@id\":\"https:\\\/\\\/drinkera.sk\\\/#\\\/schema\\\/logo\\\/image\\\/\",\"url\":\"https:\\\/\\\/drinkera.sk\\\/wp-content\\\/uploads\\\/2025\\\/05\\\/cropped-Drinkera-logo-scaled-1.png\",\"contentUrl\":\"https:\\\/\\\/drinkera.sk\\\/wp-content\\\/uploads\\\/2025\\\/05\\\/cropped-Drinkera-logo-scaled-1.png\",\"width\":2145,\"height\":571,\"caption\":\"Drinkera SK\"},\"image\":{\"@id\":\"https:\\\/\\\/drinkera.sk\\\/#\\\/schema\\\/logo\\\/image\\\/\"}}]}<\/script>\n<!-- \/ Yoast SEO plugin. -->","yoast_head_json":{"title":"Hirams Matcha \u2013 Ceremonial & Culinary - Drinkera SK","description":"Pr\u00e9miov\u00e1 japonsk\u00e1 matcha v pr\u00e1\u0161ku \u2013 ceremonial na \u010daj aj culinary na latte, limon\u00e1dy a kreat\u00edvne pou\u017eitie. 100 % zelen\u00fd \u010daj bez pr\u00edsad.","robots":{"index":"index","follow":"follow","max-snippet":"max-snippet:-1","max-image-preview":"max-image-preview:large","max-video-preview":"max-video-preview:-1"},"canonical":"https:\/\/drinkera.sk\/cz\/product-2\/hirams-matcha\/","og_locale":"cs_CZ","og_type":"article","og_title":"Hirams Matcha \u2013 Ceremonial & Culinary - Drinkera SK","og_description":"Pr\u00e9miov\u00e1 japonsk\u00e1 matcha v pr\u00e1\u0161ku \u2013 ceremonial na \u010daj aj culinary na latte, limon\u00e1dy a kreat\u00edvne pou\u017eitie. 100 % zelen\u00fd \u010daj bez pr\u00edsad.","og_url":"https:\/\/drinkera.sk\/cz\/product-2\/hirams-matcha\/","og_site_name":"Drinkera SK","article_modified_time":"2026-05-13T12:15:57+00:00","og_image":[{"width":800,"height":800,"url":"https:\/\/drinkera.sk\/wp-content\/uploads\/2025\/05\/Hirams-Matcha.png","type":"image\/png"}],"twitter_card":"summary_large_image","twitter_misc":{"Odhadovan\u00e1 doba \u010dten\u00ed":"2 minuty"},"schema":{"@context":"https:\/\/schema.org","@graph":[{"@type":"WebPage","@id":"https:\/\/drinkera.sk\/produkt\/hirams-matcha\/","url":"https:\/\/drinkera.sk\/produkt\/hirams-matcha\/","name":"Hirams Matcha \u2013 Ceremonial & Culinary - Drinkera SK","isPartOf":{"@id":"https:\/\/drinkera.sk\/#website"},"primaryImageOfPage":{"@id":"https:\/\/drinkera.sk\/produkt\/hirams-matcha\/#primaryimage"},"image":{"@id":"https:\/\/drinkera.sk\/produkt\/hirams-matcha\/#primaryimage"},"thumbnailUrl":"https:\/\/drinkera.sk\/wp-content\/uploads\/2025\/05\/Hirams-Matcha.png","datePublished":"2025-03-20T10:09:17+00:00","dateModified":"2026-05-13T12:15:57+00:00","description":"Pr\u00e9miov\u00e1 japonsk\u00e1 matcha v pr\u00e1\u0161ku \u2013 ceremonial na \u010daj aj culinary na latte, limon\u00e1dy a kreat\u00edvne pou\u017eitie. 100 % zelen\u00fd \u010daj bez pr\u00edsad.","breadcrumb":{"@id":"https:\/\/drinkera.sk\/produkt\/hirams-matcha\/#breadcrumb"},"inLanguage":"cs","potentialAction":[{"@type":"ReadAction","target":["https:\/\/drinkera.sk\/produkt\/hirams-matcha\/"]}]},{"@type":"ImageObject","inLanguage":"cs","@id":"https:\/\/drinkera.sk\/produkt\/hirams-matcha\/#primaryimage","url":"https:\/\/drinkera.sk\/wp-content\/uploads\/2025\/05\/Hirams-Matcha.png","contentUrl":"https:\/\/drinkera.sk\/wp-content\/uploads\/2025\/05\/Hirams-Matcha.png","width":800,"height":800,"caption":"Hirams Matcha \u2013 Japan Matcha a Organic Matcha Taishan v r\u00f4znych baleniach pre baristov | drinkera.sk"},{"@type":"BreadcrumbList","@id":"https:\/\/drinkera.sk\/produkt\/hirams-matcha\/#breadcrumb","itemListElement":[{"@type":"ListItem","position":1,"name":"Domovsk\u00e1 str\u00e1nka","item":"https:\/\/drinkera.sk\/"},{"@type":"ListItem","position":2,"name":"E-shop","item":"https:\/\/drinkera.sk\/obchod\/"},{"@type":"ListItem","position":3,"name":"Hirams Matcha \u2013 Ceremonial &#038; Culinary"}]},{"@type":"WebSite","@id":"https:\/\/drinkera.sk\/#website","url":"https:\/\/drinkera.sk\/","name":"Drinkera SK","description":"M\u00edsto, kde bav\u00edme sv\u011bt n\u00e1poji.","publisher":{"@id":"https:\/\/drinkera.sk\/#organization"},"potentialAction":[{"@type":"SearchAction","target":{"@type":"EntryPoint","urlTemplate":"https:\/\/drinkera.sk\/?s={search_term_string}"},"query-input":{"@type":"PropertyValueSpecification","valueRequired":true,"valueName":"search_term_string"}}],"inLanguage":"cs"},{"@type":"Organization","@id":"https:\/\/drinkera.sk\/#organization","name":"Drinkera SK","url":"https:\/\/drinkera.sk\/","logo":{"@type":"ImageObject","inLanguage":"cs","@id":"https:\/\/drinkera.sk\/#\/schema\/logo\/image\/","url":"https:\/\/drinkera.sk\/wp-content\/uploads\/2025\/05\/cropped-Drinkera-logo-scaled-1.png","contentUrl":"https:\/\/drinkera.sk\/wp-content\/uploads\/2025\/05\/cropped-Drinkera-logo-scaled-1.png","width":2145,"height":571,"caption":"Drinkera SK"},"image":{"@id":"https:\/\/drinkera.sk\/#\/schema\/logo\/image\/"}}]}},"_links":{"self":[{"href":"https:\/\/drinkera.sk\/cz\/wp-json\/wp\/v2\/product\/10926","targetHints":{"allow":["GET"]}}],"collection":[{"href":"https:\/\/drinkera.sk\/cz\/wp-json\/wp\/v2\/product"}],"about":[{"href":"https:\/\/drinkera.sk\/cz\/wp-json\/wp\/v2\/types\/product"}],"wp:featuredmedia":[{"embeddable":true,"href":"https:\/\/drinkera.sk\/cz\/wp-json\/wp\/v2\/media\/12947"}],"wp:attachment":[{"href":"https:\/\/drinkera.sk\/cz\/wp-json\/wp\/v2\/media?parent=10926"}],"wp:term":[{"taxonomy":"product_brand","embeddable":true,"href":"https:\/\/drinkera.sk\/cz\/wp-json\/wp\/v2\/product_brand?post=10926"},{"taxonomy":"product_cat","embeddable":true,"href":"https:\/\/drinkera.sk\/cz\/wp-json\/wp\/v2\/product_cat?post=10926"},{"taxonomy":"product_tag","embeddable":true,"href":"https:\/\/drinkera.sk\/cz\/wp-json\/wp\/v2\/product_tag?post=10926"}],"curies":[{"name":"wp","href":"https:\/\/api.w.org\/{rel}","templated":true}]}}