{"id":12121,"date":"2025-05-28T09:46:47","date_gmt":"2025-05-28T07:46:47","guid":{"rendered":"https:\/\/drinkera.sk\/?post_type=product&#038;p=12121"},"modified":"2026-05-13T07:30:35","modified_gmt":"2026-05-13T05:30:35","slug":"nealko-vino","status":"publish","type":"product","link":"https:\/\/drinkera.sk\/cz\/produkt\/nealko-vino\/","title":{"rendered":"Nealko v\u00edno 750 ml"},"content":{"rendered":"<h2 data-start=\"0\" data-end=\"42\">\ud83c\udf77 Nealko v\u00edna \u2013 elegance bez alkoholu<\/h2>\n<p data-start=\"44\" data-end=\"285\">Nealko v\u00edna p\u0159in\u00e1\u0161ej\u00ed jemn\u00e9 perlen\u00ed \u0161umiv\u00e9ho v\u00edna a bohat\u00e9 odst\u00edny b\u00edl\u00fdch i \u010derven\u00fdch odr\u016fd \u2013 bez alkoholu. D\u00edky precizn\u00ed metod\u011b dealkoholizace si zachov\u00e1vaj\u00ed autentick\u00e9 aroma i texturu v\u00edna, tak\u017ee ka\u017ed\u00fd dou\u0161ek p\u016fsob\u00ed jako z vinn\u00e9ho sklepa.<\/p>\n<h3 data-start=\"287\" data-end=\"324\">\ud83d\udca1 Pro\u010d si zvolit Nealko v\u00edna?<\/h3>\n<p data-start=\"325\" data-end=\"703\">\u2013 <strong data-start=\"327\" data-end=\"350\">Autentick\u00fd z\u00e1\u017eitek:<\/strong> jemn\u00e9 bublinky \u0161umiv\u00e9ho v\u00edna a pln\u00e9 t\u011blo Chardonnay \u010di Merlotu<br data-start=\"408\" data-end=\"411\" \/>\u2013 <strong data-start=\"413\" data-end=\"438\">V\u0161estrann\u00e9 pod\u00e1v\u00e1n\u00ed:<\/strong> ide\u00e1ln\u00ed \u010dist\u00e9, na ledu i jako sou\u010d\u00e1st koktejl\u016f \u010di spritz\u016f<br data-start=\"497\" data-end=\"500\" \/>\u2013 <strong data-start=\"502\" data-end=\"521\">\u010cist\u00e9 slo\u017een\u00ed:<\/strong> bez alkoholu, konzervant\u016f a um\u011bl\u00fdch barviv, GMO free, schv\u00e1len\u00e9 The Vegan Society<br data-start=\"604\" data-end=\"607\" \/>\u2013 <strong data-start=\"609\" data-end=\"633\">Jednoduch\u00e1 p\u0159\u00edprava:<\/strong> otev\u0159ete a nalijete \u2013 bez nutnosti dekantace \u010di speci\u00e1ln\u00edch teplot<\/p>\n<p data-start=\"705\" data-end=\"724\">\ud83d\udccb <strong data-start=\"708\" data-end=\"722\">Sortiment:<\/strong><\/p>\n<ul data-start=\"725\" data-end=\"863\">\n<li data-start=\"725\" data-end=\"758\">\n<p data-start=\"727\" data-end=\"758\">Nealko \u0160umiv\u00e9 R\u016f\u017eov\u00e9 \u2013 750 ml<\/p>\n<\/li>\n<li data-start=\"759\" data-end=\"805\">\n<p data-start=\"761\" data-end=\"805\">Nealko \u0160umiv\u00e9 B\u00edl\u00e9 \u2013 750 ml<\/p>\n<\/li>\n<li data-start=\"759\" data-end=\"805\">Nealko \u0160umiv\u00e9 v\u00edno inspirovan\u00e9 \u0161ampa\u0148sk\u00fdm (Espumante)<\/li>\n<li data-start=\"806\" data-end=\"836\">\n<p data-start=\"808\" data-end=\"836\">Nealko Chardonnay \u2013 750 ml<\/p>\n<\/li>\n<li data-start=\"837\" data-end=\"863\">\n<p data-start=\"839\" data-end=\"863\">Nealko Merlot \u2013 750 ml<\/p>\n<\/li>\n<\/ul>\n<p data-start=\"865\" data-end=\"982\" data-is-last-node=\"\" data-is-only-node=\"\">\ud83d\udce6 <strong data-start=\"868\" data-end=\"879\">Objemy:<\/strong> 750 ml<br data-start=\"886\" data-end=\"889\" \/>\ud83c\uddea\ud83c\uddfa <strong data-start=\"894\" data-end=\"911\">Vyrobeno v EU<\/strong><br data-start=\"911\" data-end=\"914\" \/>\ud83d\udccd <strong data-start=\"917\" data-end=\"938\">Distributor v EU:<\/strong> Drinkera SK, N\u00e1bre\u017en\u00e1 3467\/8, 038 61 Vr\u00fatky<\/p>","protected":false},"excerpt":{"rendered":"<p data-start=\"42\" data-end=\"187\">Nealko v\u00edna nab\u00edzej\u00ed jemn\u00e9 perlen\u00ed \u0161umiv\u00e9ho v\u00edna, sv\u011b\u017e\u00ed Chardonnay a pln\u00e9 t\u011blo Merlotu bez alkoholu \u2013 ide\u00e1ln\u00ed na oslavy, koktejly i poklidn\u00e9 ve\u010dery.<\/p>\n<h3 data-start=\"189\" data-end=\"229\"><\/h3>","protected":false},"featured_media":13005,"template":"","meta":{"_kad_post_transparent":"default","_kad_post_title":"","_kad_post_layout":"default","_kad_post_sidebar_id":"","_kad_post_content_style":"default","_kad_post_vertical_padding":"default","_kad_post_feature":"","_kad_post_feature_position":"","_kad_post_header":false,"_kad_post_footer":false,"_kad_post_classname":""},"product_brand":[],"product_cat":[33],"product_tag":[],"class_list":{"0":"post-12121","1":"product","2":"type-product","3":"status-publish","4":"has-post-thumbnail","6":"product_cat-bezalkohol-nealko-vino","8":"first","9":"instock","10":"taxable","11":"shipping-taxable","12":"purchasable","13":"product-type-variable","14":"entry","15":"content-bg","16":"loop-entry"},"yoast_head":"<!-- This site is optimized with the Yoast SEO plugin v27.6 - https:\/\/yoast.com\/product\/yoast-seo-wordpress\/ -->\n<title>Nealko v\u00edno 750 ml - Drinkera SK<\/title>\n<meta name=\"description\" content=\"Nealko \u0160umiv\u00e9 Ru\u017eov\u00e9, Nealko \u0160umiv\u00e9 Biele, Chardonnay a Merlot \u2013 autentick\u00e9 v\u00edna bez alkoholu. GMO free, Vegan Society schv\u00e1len\u00e9. 750 ml.\" \/>\n<meta name=\"robots\" content=\"index, follow, max-snippet:-1, max-image-preview:large, max-video-preview:-1\" \/>\n<link rel=\"canonical\" href=\"https:\/\/drinkera.sk\/cz\/product-2\/nealko-vino\/\" \/>\n<meta property=\"og:locale\" content=\"cs_CZ\" \/>\n<meta property=\"og:type\" content=\"article\" \/>\n<meta property=\"og:title\" content=\"Nealko v\u00edno 750 ml - Drinkera SK\" \/>\n<meta property=\"og:description\" content=\"Nealko \u0160umiv\u00e9 Ru\u017eov\u00e9, Nealko \u0160umiv\u00e9 Biele, Chardonnay a Merlot \u2013 autentick\u00e9 v\u00edna bez alkoholu. GMO free, Vegan Society schv\u00e1len\u00e9. 750 ml.\" \/>\n<meta property=\"og:url\" content=\"https:\/\/drinkera.sk\/cz\/product-2\/nealko-vino\/\" \/>\n<meta property=\"og:site_name\" content=\"Drinkera SK\" \/>\n<meta property=\"article:modified_time\" content=\"2026-05-13T05:30:35+00:00\" \/>\n<meta property=\"og:image\" content=\"https:\/\/drinkera.sk\/wp-content\/uploads\/2025\/05\/Nealko-vino.png\" \/>\n\t<meta property=\"og:image:width\" content=\"800\" \/>\n\t<meta property=\"og:image:height\" content=\"800\" \/>\n\t<meta property=\"og:image:type\" content=\"image\/png\" \/>\n<meta name=\"twitter:card\" content=\"summary_large_image\" \/>\n<meta name=\"twitter:label1\" content=\"Odhadovan\u00e1 doba \u010dten\u00ed\" \/>\n\t<meta name=\"twitter:data1\" content=\"1 minuta\" \/>\n<script type=\"application\/ld+json\" class=\"yoast-schema-graph\">{\"@context\":\"https:\\\/\\\/schema.org\",\"@graph\":[{\"@type\":\"WebPage\",\"@id\":\"https:\\\/\\\/drinkera.sk\\\/produkt\\\/nealko-vino\\\/\",\"url\":\"https:\\\/\\\/drinkera.sk\\\/produkt\\\/nealko-vino\\\/\",\"name\":\"Nealko v\u00edno 750 ml - Drinkera SK\",\"isPartOf\":{\"@id\":\"https:\\\/\\\/drinkera.sk\\\/#website\"},\"primaryImageOfPage\":{\"@id\":\"https:\\\/\\\/drinkera.sk\\\/produkt\\\/nealko-vino\\\/#primaryimage\"},\"image\":{\"@id\":\"https:\\\/\\\/drinkera.sk\\\/produkt\\\/nealko-vino\\\/#primaryimage\"},\"thumbnailUrl\":\"https:\\\/\\\/drinkera.sk\\\/wp-content\\\/uploads\\\/2025\\\/05\\\/Nealko-vino.png\",\"datePublished\":\"2025-05-28T07:46:47+00:00\",\"dateModified\":\"2026-05-13T05:30:35+00:00\",\"description\":\"Nealko \u0160umiv\u00e9 Ru\u017eov\u00e9, Nealko \u0160umiv\u00e9 Biele, Chardonnay a Merlot \u2013 autentick\u00e9 v\u00edna bez alkoholu. GMO free, Vegan Society schv\u00e1len\u00e9. 750 ml.\",\"breadcrumb\":{\"@id\":\"https:\\\/\\\/drinkera.sk\\\/produkt\\\/nealko-vino\\\/#breadcrumb\"},\"inLanguage\":\"cs\",\"potentialAction\":[{\"@type\":\"ReadAction\",\"target\":[\"https:\\\/\\\/drinkera.sk\\\/produkt\\\/nealko-vino\\\/\"]}]},{\"@type\":\"ImageObject\",\"inLanguage\":\"cs\",\"@id\":\"https:\\\/\\\/drinkera.sk\\\/produkt\\\/nealko-vino\\\/#primaryimage\",\"url\":\"https:\\\/\\\/drinkera.sk\\\/wp-content\\\/uploads\\\/2025\\\/05\\\/Nealko-vino.png\",\"contentUrl\":\"https:\\\/\\\/drinkera.sk\\\/wp-content\\\/uploads\\\/2025\\\/05\\\/Nealko-vino.png\",\"width\":800,\"height\":800,\"caption\":\"Nealko v\u00edno ISH \u2013 Merlot, Chardonnay a Prosecco Ros\u00e9 bez alkoholu s pravou v\u00ednnou chu\u0165ou | drinkera.sk\"},{\"@type\":\"BreadcrumbList\",\"@id\":\"https:\\\/\\\/drinkera.sk\\\/produkt\\\/nealko-vino\\\/#breadcrumb\",\"itemListElement\":[{\"@type\":\"ListItem\",\"position\":1,\"name\":\"Domovsk\u00e1 str\u00e1nka\",\"item\":\"https:\\\/\\\/drinkera.sk\\\/\"},{\"@type\":\"ListItem\",\"position\":2,\"name\":\"E-shop\",\"item\":\"https:\\\/\\\/drinkera.sk\\\/obchod\\\/\"},{\"@type\":\"ListItem\",\"position\":3,\"name\":\"Nealko v\u00edno 750 ml\"}]},{\"@type\":\"WebSite\",\"@id\":\"https:\\\/\\\/drinkera.sk\\\/#website\",\"url\":\"https:\\\/\\\/drinkera.sk\\\/\",\"name\":\"Drinkera SK\",\"description\":\"Miesto, kde bav\u00edme svet n\u00e1pojmi\",\"publisher\":{\"@id\":\"https:\\\/\\\/drinkera.sk\\\/#organization\"},\"potentialAction\":[{\"@type\":\"SearchAction\",\"target\":{\"@type\":\"EntryPoint\",\"urlTemplate\":\"https:\\\/\\\/drinkera.sk\\\/?s={search_term_string}\"},\"query-input\":{\"@type\":\"PropertyValueSpecification\",\"valueRequired\":true,\"valueName\":\"search_term_string\"}}],\"inLanguage\":\"cs\"},{\"@type\":\"Organization\",\"@id\":\"https:\\\/\\\/drinkera.sk\\\/#organization\",\"name\":\"Drinkera SK\",\"url\":\"https:\\\/\\\/drinkera.sk\\\/\",\"logo\":{\"@type\":\"ImageObject\",\"inLanguage\":\"cs\",\"@id\":\"https:\\\/\\\/drinkera.sk\\\/#\\\/schema\\\/logo\\\/image\\\/\",\"url\":\"https:\\\/\\\/drinkera.sk\\\/wp-content\\\/uploads\\\/2025\\\/05\\\/cropped-Drinkera-logo-scaled-1.png\",\"contentUrl\":\"https:\\\/\\\/drinkera.sk\\\/wp-content\\\/uploads\\\/2025\\\/05\\\/cropped-Drinkera-logo-scaled-1.png\",\"width\":2145,\"height\":571,\"caption\":\"Drinkera SK\"},\"image\":{\"@id\":\"https:\\\/\\\/drinkera.sk\\\/#\\\/schema\\\/logo\\\/image\\\/\"}}]}<\/script>\n<!-- \/ Yoast SEO plugin. -->","yoast_head_json":{"title":"Nealko v\u00edno 750 ml - Drinkera SK","description":"Nealko \u0160umiv\u00e9 R\u016f\u017eov\u00e9, Nealko \u0160umiv\u00e9 B\u00edl\u00e9, Chardonnay a Merlot \u2013 autentick\u00e9 perlen\u00ed a hloubka v\u00edn bez alkoholu. GMO free, schv\u00e1leno Vegan Society. Objem 750 ml.","robots":{"index":"index","follow":"follow","max-snippet":"max-snippet:-1","max-image-preview":"max-image-preview:large","max-video-preview":"max-video-preview:-1"},"canonical":"https:\/\/drinkera.sk\/cz\/product-2\/nealko-vino\/","og_locale":"cs_CZ","og_type":"article","og_title":"Nealko v\u00edno 750 ml - Drinkera SK","og_description":"Nealko \u0160umiv\u00e9 Ru\u017eov\u00e9, Nealko \u0160umiv\u00e9 Biele, Chardonnay a Merlot \u2013 autentick\u00e9 v\u00edna bez alkoholu. GMO free, Vegan Society schv\u00e1len\u00e9. 750 ml.","og_url":"https:\/\/drinkera.sk\/cz\/product-2\/nealko-vino\/","og_site_name":"Drinkera SK","article_modified_time":"2026-05-13T05:30:35+00:00","og_image":[{"width":800,"height":800,"url":"https:\/\/drinkera.sk\/wp-content\/uploads\/2025\/05\/Nealko-vino.png","type":"image\/png"}],"twitter_card":"summary_large_image","twitter_misc":{"Odhadovan\u00e1 doba \u010dten\u00ed":"1 minuta"},"schema":{"@context":"https:\/\/schema.org","@graph":[{"@type":"WebPage","@id":"https:\/\/drinkera.sk\/produkt\/nealko-vino\/","url":"https:\/\/drinkera.sk\/produkt\/nealko-vino\/","name":"Nealko v\u00edno 750 ml - Drinkera SK","isPartOf":{"@id":"https:\/\/drinkera.sk\/#website"},"primaryImageOfPage":{"@id":"https:\/\/drinkera.sk\/produkt\/nealko-vino\/#primaryimage"},"image":{"@id":"https:\/\/drinkera.sk\/produkt\/nealko-vino\/#primaryimage"},"thumbnailUrl":"https:\/\/drinkera.sk\/wp-content\/uploads\/2025\/05\/Nealko-vino.png","datePublished":"2025-05-28T07:46:47+00:00","dateModified":"2026-05-13T05:30:35+00:00","description":"Nealko \u0160umiv\u00e9 R\u016f\u017eov\u00e9, Nealko \u0160umiv\u00e9 B\u00edl\u00e9, Chardonnay a Merlot \u2013 autentick\u00e9 perlen\u00ed a hloubka v\u00edn bez alkoholu. GMO free, schv\u00e1leno Vegan Society. Objem 750 ml.","breadcrumb":{"@id":"https:\/\/drinkera.sk\/produkt\/nealko-vino\/#breadcrumb"},"inLanguage":"cs","potentialAction":[{"@type":"ReadAction","target":["https:\/\/drinkera.sk\/produkt\/nealko-vino\/"]}]},{"@type":"ImageObject","inLanguage":"cs","@id":"https:\/\/drinkera.sk\/produkt\/nealko-vino\/#primaryimage","url":"https:\/\/drinkera.sk\/wp-content\/uploads\/2025\/05\/Nealko-vino.png","contentUrl":"https:\/\/drinkera.sk\/wp-content\/uploads\/2025\/05\/Nealko-vino.png","width":800,"height":800,"caption":"Nealko v\u00edno ISH \u2013 Merlot, Chardonnay a Prosecco Ros\u00e9 bez alkoholu s pravou v\u00ednnou chu\u0165ou | drinkera.sk"},{"@type":"BreadcrumbList","@id":"https:\/\/drinkera.sk\/produkt\/nealko-vino\/#breadcrumb","itemListElement":[{"@type":"ListItem","position":1,"name":"Domovsk\u00e1 str\u00e1nka","item":"https:\/\/drinkera.sk\/"},{"@type":"ListItem","position":2,"name":"E-shop","item":"https:\/\/drinkera.sk\/obchod\/"},{"@type":"ListItem","position":3,"name":"Nealko v\u00edno 750 ml"}]},{"@type":"WebSite","@id":"https:\/\/drinkera.sk\/#website","url":"https:\/\/drinkera.sk\/","name":"Drinkera SK","description":"M\u00edsto, kde bav\u00edme sv\u011bt n\u00e1poji.","publisher":{"@id":"https:\/\/drinkera.sk\/#organization"},"potentialAction":[{"@type":"SearchAction","target":{"@type":"EntryPoint","urlTemplate":"https:\/\/drinkera.sk\/?s={search_term_string}"},"query-input":{"@type":"PropertyValueSpecification","valueRequired":true,"valueName":"search_term_string"}}],"inLanguage":"cs"},{"@type":"Organization","@id":"https:\/\/drinkera.sk\/#organization","name":"Drinkera SK","url":"https:\/\/drinkera.sk\/","logo":{"@type":"ImageObject","inLanguage":"cs","@id":"https:\/\/drinkera.sk\/#\/schema\/logo\/image\/","url":"https:\/\/drinkera.sk\/wp-content\/uploads\/2025\/05\/cropped-Drinkera-logo-scaled-1.png","contentUrl":"https:\/\/drinkera.sk\/wp-content\/uploads\/2025\/05\/cropped-Drinkera-logo-scaled-1.png","width":2145,"height":571,"caption":"Drinkera SK"},"image":{"@id":"https:\/\/drinkera.sk\/#\/schema\/logo\/image\/"}}]}},"_links":{"self":[{"href":"https:\/\/drinkera.sk\/cz\/wp-json\/wp\/v2\/product\/12121","targetHints":{"allow":["GET"]}}],"collection":[{"href":"https:\/\/drinkera.sk\/cz\/wp-json\/wp\/v2\/product"}],"about":[{"href":"https:\/\/drinkera.sk\/cz\/wp-json\/wp\/v2\/types\/product"}],"wp:featuredmedia":[{"embeddable":true,"href":"https:\/\/drinkera.sk\/cz\/wp-json\/wp\/v2\/media\/13005"}],"wp:attachment":[{"href":"https:\/\/drinkera.sk\/cz\/wp-json\/wp\/v2\/media?parent=12121"}],"wp:term":[{"taxonomy":"product_brand","embeddable":true,"href":"https:\/\/drinkera.sk\/cz\/wp-json\/wp\/v2\/product_brand?post=12121"},{"taxonomy":"product_cat","embeddable":true,"href":"https:\/\/drinkera.sk\/cz\/wp-json\/wp\/v2\/product_cat?post=12121"},{"taxonomy":"product_tag","embeddable":true,"href":"https:\/\/drinkera.sk\/cz\/wp-json\/wp\/v2\/product_tag?post=12121"}],"curies":[{"name":"wp","href":"https:\/\/api.w.org\/{rel}","templated":true}]}}