{"id":13884,"date":"2025-09-16T17:31:44","date_gmt":"2025-09-16T15:31:44","guid":{"rendered":"https:\/\/drinkera.sk\/?post_type=product&#038;p=13884"},"modified":"2026-05-13T14:35:58","modified_gmt":"2026-05-13T12:35:58","slug":"hirams-cajove-limonady","status":"publish","type":"product","link":"https:\/\/drinkera.sk\/cz\/produkt\/hirams-cajove-limonady\/","title":{"rendered":"Hirams \u010cajov\u00e9 Koncentr\u00e1ty"},"content":{"rendered":"<h3><b>\ud83c\udf79 Hirams \u010cajov\u00e9 Koncentr\u00e1ty \u2013 osv\u011b\u017een\u00ed s \u010dajov\u00fdm z\u00e1kladem a ovocn\u00fdm twistem<\/b><\/h3>\n<p class=\"p3\">Hirams \u010dajov\u00e9 koncentr\u00e1ty se sn\u00ed\u017een\u00fdm obsahem cukru. \u010cajov\u00fd v\u00fdluh v kombinaci s ovocem, pln\u00fd chuti a p\u0159\u00edzniv\u00fdch zdravotn\u00edch benefit\u016f. Vhodn\u00e9 pro v\u0161echna \u010dty\u0159i ro\u010dn\u00ed obdob\u00ed \u2013 na zah\u0159\u00e1t\u00ed i osv\u011b\u017een\u00ed.<\/p>\n<p class=\"p3\">N\u00e1poje, kter\u00e9 dovedou v\u00edc ne\u017e jen uhasit \u017e\u00edze\u0148. V Hirams \u010dajov\u00fdch koncentr\u00e1tech se setk\u00e1v\u00e1 prav\u00fd \u010dajov\u00fd v\u00fdluh s exotick\u00fdm ovocem a bylinkami v harmonick\u00fdch kombinac\u00edch.<\/p>\n<p class=\"p1\"><span class=\"s1\">\ud83d\udca1 <\/span><b>Pro\u010d si je zamilujete?<\/b><b><\/b><\/p>\n<p class=\"p3\">\u2013 P\u0159ipraven\u00e9 tak, \u017ee sta\u010d\u00ed <strong>p\u0159idat teplou nebo studenou vodu<\/strong> \u2013 podle chuti a ro\u010dn\u00edho obdob\u00ed<\/p>\n<p class=\"p3\">\u2013 <strong>Sn\u00ed\u017een\u00fd obsah cukru<\/strong>, ale <strong>pln\u00e1 chu\u0165<\/strong> a p\u0159irozen\u00e1 sv\u011b\u017eest<\/p>\n<p class=\"p3\">\u2013 <strong>Pr\u00e9miov\u00e9 kombinace<\/strong> \u010daje, ovoce a bylinek<\/p>\n<p class=\"p3\">\u2013 Vhodn\u00e9 <strong>pro kav\u00e1rny<\/strong>, gastro provozy i letn\u00ed pop-upy, nebo <strong>tak\u00e9 na doma<\/strong><\/p>\n<p>&nbsp;<\/p>\n<p class=\"p1\">\ud83c\udf3f <strong>P\u0159\u00edchut\u011b:<\/strong><\/p>\n<p class=\"p1\"><strong>Green Tea Mango &amp; Pineapple<\/strong> \u2013 zelen\u00fd \u010daj s tropick\u00fdm n\u00e1dechem, kter\u00fd v\u00e1s p\u0159enese p\u0159\u00edmo do letn\u00edho r\u00e1na pod palmami<\/p>\n<p class=\"p1\"><strong>Matcha &amp; Passionfruit<\/strong> \u2013 sametov\u011b zelen\u00e1 matcha a v\u00e1\u0161niv\u00fd ovocn\u00fd z\u00e1v\u011br \u2013 pro ty, kte\u0159\u00ed cht\u011bj\u00ed n\u011bco extra<\/p>\n<p class=\"p1\"><strong>Rooibos &amp; Aloe<\/strong> \u2013 jemn\u00fd rooibos a sv\u011b\u017e\u00ed aloe vytv\u00e1\u0159ej\u00ed lahodn\u00e9, uklid\u0148uj\u00edc\u00ed duo s wellness vibe<\/p>\n<p class=\"p1\"><strong>White Tea Rose &amp; Pomegranate<\/strong> \u2013 lehkost b\u00edl\u00e9ho \u010daje, kv\u011btinov\u00e1 noblesa r\u016f\u017ee a sladkokysel\u00fd gran\u00e1t \u2013 jako ned\u011bln\u00ed odpoledne v rozkvetl\u00e9 zahrad\u011b<\/p>\n<p class=\"p1\">\ud83d\udce6 <strong>Objem<\/strong>: 530 ml<\/p>\n<p class=\"p1\">\ud83c\udf6c <strong>Slazen\u00ed:<\/strong> n\u00edzk\u00fd obsah cukru (low sugar)<\/p>\n<p class=\"p1\">\ud83c\uddea\ud83c\uddfa <strong>Vyrobeno v EU<\/strong><\/p>\n<p class=\"p3\">\ud83d\udccd <span class=\"s3\"><b>Distributor v EU:<\/b><\/span> Drinkera SK, N\u00e1bre\u017en\u00e1 3467\/8, 038 61 Vr\u00fatky<\/p>","protected":false},"excerpt":{"rendered":"<p class=\"p1\">\u010cajov\u00e9 koncentr\u00e1ty Hirams se sn\u00ed\u017een\u00fdm obsahem cukru a pr\u00e9miov\u00fdm v\u00fdluhem jsou p\u0159ipraven\u00e9 k pou\u017eit\u00ed \u2013 sta\u010d\u00ed je zal\u00edt vodou, horkou nebo studenou. Pro skv\u011bl\u00fd nealkoholick\u00fd drink s p\u0159idanou hodnotou \u010daje a ovoce \u2013 po cel\u00fd rok.<\/p>","protected":false},"featured_media":13899,"template":"","meta":{"_kad_post_transparent":"default","_kad_post_title":"","_kad_post_layout":"default","_kad_post_sidebar_id":"","_kad_post_content_style":"default","_kad_post_vertical_padding":"default","_kad_post_feature":"","_kad_post_feature_position":"","_kad_post_header":false,"_kad_post_footer":false,"_kad_post_classname":""},"product_brand":[],"product_cat":[22],"product_tag":[],"class_list":{"0":"post-13884","1":"product","2":"type-product","3":"status-publish","4":"has-post-thumbnail","6":"product_cat-sirupy-a-ovocne-pyre","8":"first","9":"instock","10":"taxable","11":"shipping-taxable","12":"purchasable","13":"product-type-variable","14":"entry","15":"content-bg","16":"loop-entry"},"yoast_head":"<!-- This site is optimized with the Yoast SEO plugin v27.6 - https:\/\/yoast.com\/product\/yoast-seo-wordpress\/ -->\n<title>Hirams \u010cajov\u00e9 Koncentr\u00e1ty - Drinkera SK<\/title>\n<meta name=\"description\" content=\"Hirams \u010dajov\u00e9 koncentr\u00e1ty sp\u00e1jaj\u00fa \u010dajov\u00fd v\u00fdluh, ovocie a bylinky. V\u00fdrazn\u00e1 chu\u0165, zn\u00ed\u017een\u00fd cukor, jednoduch\u00e1 pr\u00edprava. Pre gastro aj dom\u00e1cnosti.\" \/>\n<meta name=\"robots\" content=\"index, follow, max-snippet:-1, max-image-preview:large, max-video-preview:-1\" \/>\n<link rel=\"canonical\" href=\"https:\/\/drinkera.sk\/cz\/product-2\/hirams-cajove-limonady\/\" \/>\n<meta property=\"og:locale\" content=\"cs_CZ\" \/>\n<meta property=\"og:type\" content=\"article\" \/>\n<meta property=\"og:title\" content=\"Hirams \u010cajov\u00e9 Koncentr\u00e1ty - Drinkera SK\" \/>\n<meta property=\"og:description\" content=\"Hirams \u010dajov\u00e9 koncentr\u00e1ty sp\u00e1jaj\u00fa \u010dajov\u00fd v\u00fdluh, ovocie a bylinky. V\u00fdrazn\u00e1 chu\u0165, zn\u00ed\u017een\u00fd cukor, jednoduch\u00e1 pr\u00edprava. Pre gastro aj dom\u00e1cnosti.\" \/>\n<meta property=\"og:url\" content=\"https:\/\/drinkera.sk\/cz\/product-2\/hirams-cajove-limonady\/\" \/>\n<meta property=\"og:site_name\" content=\"Drinkera SK\" \/>\n<meta property=\"article:modified_time\" content=\"2026-05-13T12:35:58+00:00\" \/>\n<meta property=\"og:image\" content=\"https:\/\/drinkera.sk\/wp-content\/uploads\/2025\/09\/Hirams-Cajove-Limonady.png\" \/>\n\t<meta property=\"og:image:width\" content=\"800\" \/>\n\t<meta property=\"og:image:height\" content=\"800\" \/>\n\t<meta property=\"og:image:type\" content=\"image\/png\" \/>\n<meta name=\"twitter:card\" content=\"summary_large_image\" \/>\n<meta name=\"twitter:label1\" content=\"Odhadovan\u00e1 doba \u010dten\u00ed\" \/>\n\t<meta name=\"twitter:data1\" content=\"2 minuty\" \/>\n<script type=\"application\/ld+json\" class=\"yoast-schema-graph\">{\"@context\":\"https:\\\/\\\/schema.org\",\"@graph\":[{\"@type\":\"WebPage\",\"@id\":\"https:\\\/\\\/drinkera.sk\\\/produkt\\\/hirams-cajove-limonady\\\/\",\"url\":\"https:\\\/\\\/drinkera.sk\\\/produkt\\\/hirams-cajove-limonady\\\/\",\"name\":\"Hirams \u010cajov\u00e9 Koncentr\u00e1ty - Drinkera SK\",\"isPartOf\":{\"@id\":\"https:\\\/\\\/drinkera.sk\\\/#website\"},\"primaryImageOfPage\":{\"@id\":\"https:\\\/\\\/drinkera.sk\\\/produkt\\\/hirams-cajove-limonady\\\/#primaryimage\"},\"image\":{\"@id\":\"https:\\\/\\\/drinkera.sk\\\/produkt\\\/hirams-cajove-limonady\\\/#primaryimage\"},\"thumbnailUrl\":\"https:\\\/\\\/drinkera.sk\\\/wp-content\\\/uploads\\\/2025\\\/09\\\/Hirams-Cajove-Limonady.png\",\"datePublished\":\"2025-09-16T15:31:44+00:00\",\"dateModified\":\"2026-05-13T12:35:58+00:00\",\"description\":\"Hirams \u010dajov\u00e9 koncentr\u00e1ty sp\u00e1jaj\u00fa \u010dajov\u00fd v\u00fdluh, ovocie a bylinky. V\u00fdrazn\u00e1 chu\u0165, zn\u00ed\u017een\u00fd cukor, jednoduch\u00e1 pr\u00edprava. Pre gastro aj dom\u00e1cnosti.\",\"breadcrumb\":{\"@id\":\"https:\\\/\\\/drinkera.sk\\\/produkt\\\/hirams-cajove-limonady\\\/#breadcrumb\"},\"inLanguage\":\"cs\",\"potentialAction\":[{\"@type\":\"ReadAction\",\"target\":[\"https:\\\/\\\/drinkera.sk\\\/produkt\\\/hirams-cajove-limonady\\\/\"]}]},{\"@type\":\"ImageObject\",\"inLanguage\":\"cs\",\"@id\":\"https:\\\/\\\/drinkera.sk\\\/produkt\\\/hirams-cajove-limonady\\\/#primaryimage\",\"url\":\"https:\\\/\\\/drinkera.sk\\\/wp-content\\\/uploads\\\/2025\\\/09\\\/Hirams-Cajove-Limonady.png\",\"contentUrl\":\"https:\\\/\\\/drinkera.sk\\\/wp-content\\\/uploads\\\/2025\\\/09\\\/Hirams-Cajove-Limonady.png\",\"width\":800,\"height\":800,\"caption\":\"\u010cajov\u00e9 limon\u00e1dy HIRAMS \u2013 osvie\u017euj\u00face kombin\u00e1cie \u010daju a ovocia | drinkera.sk\"},{\"@type\":\"BreadcrumbList\",\"@id\":\"https:\\\/\\\/drinkera.sk\\\/produkt\\\/hirams-cajove-limonady\\\/#breadcrumb\",\"itemListElement\":[{\"@type\":\"ListItem\",\"position\":1,\"name\":\"Domovsk\u00e1 str\u00e1nka\",\"item\":\"https:\\\/\\\/drinkera.sk\\\/\"},{\"@type\":\"ListItem\",\"position\":2,\"name\":\"E-shop\",\"item\":\"https:\\\/\\\/drinkera.sk\\\/obchod\\\/\"},{\"@type\":\"ListItem\",\"position\":3,\"name\":\"Hirams \u010cajov\u00e9 Koncentr\u00e1ty\"}]},{\"@type\":\"WebSite\",\"@id\":\"https:\\\/\\\/drinkera.sk\\\/#website\",\"url\":\"https:\\\/\\\/drinkera.sk\\\/\",\"name\":\"Drinkera SK\",\"description\":\"Miesto, kde bav\u00edme svet n\u00e1pojmi\",\"publisher\":{\"@id\":\"https:\\\/\\\/drinkera.sk\\\/#organization\"},\"potentialAction\":[{\"@type\":\"SearchAction\",\"target\":{\"@type\":\"EntryPoint\",\"urlTemplate\":\"https:\\\/\\\/drinkera.sk\\\/?s={search_term_string}\"},\"query-input\":{\"@type\":\"PropertyValueSpecification\",\"valueRequired\":true,\"valueName\":\"search_term_string\"}}],\"inLanguage\":\"cs\"},{\"@type\":\"Organization\",\"@id\":\"https:\\\/\\\/drinkera.sk\\\/#organization\",\"name\":\"Drinkera SK\",\"url\":\"https:\\\/\\\/drinkera.sk\\\/\",\"logo\":{\"@type\":\"ImageObject\",\"inLanguage\":\"cs\",\"@id\":\"https:\\\/\\\/drinkera.sk\\\/#\\\/schema\\\/logo\\\/image\\\/\",\"url\":\"https:\\\/\\\/drinkera.sk\\\/wp-content\\\/uploads\\\/2025\\\/05\\\/cropped-Drinkera-logo-scaled-1.png\",\"contentUrl\":\"https:\\\/\\\/drinkera.sk\\\/wp-content\\\/uploads\\\/2025\\\/05\\\/cropped-Drinkera-logo-scaled-1.png\",\"width\":2145,\"height\":571,\"caption\":\"Drinkera SK\"},\"image\":{\"@id\":\"https:\\\/\\\/drinkera.sk\\\/#\\\/schema\\\/logo\\\/image\\\/\"}}]}<\/script>\n<!-- \/ Yoast SEO plugin. -->","yoast_head_json":{"title":"Hirams \u010cajov\u00e9 Koncentr\u00e1ty - Drinkera SK","description":"Hirams \u010dajov\u00e9 koncentr\u00e1ty sp\u00e1jaj\u00fa \u010dajov\u00fd v\u00fdluh, ovocie a bylinky. V\u00fdrazn\u00e1 chu\u0165, zn\u00ed\u017een\u00fd cukor, jednoduch\u00e1 pr\u00edprava. Pre gastro aj dom\u00e1cnosti.","robots":{"index":"index","follow":"follow","max-snippet":"max-snippet:-1","max-image-preview":"max-image-preview:large","max-video-preview":"max-video-preview:-1"},"canonical":"https:\/\/drinkera.sk\/cz\/product-2\/hirams-cajove-limonady\/","og_locale":"cs_CZ","og_type":"article","og_title":"Hirams \u010cajov\u00e9 Koncentr\u00e1ty - Drinkera SK","og_description":"Hirams \u010dajov\u00e9 koncentr\u00e1ty sp\u00e1jaj\u00fa \u010dajov\u00fd v\u00fdluh, ovocie a bylinky. V\u00fdrazn\u00e1 chu\u0165, zn\u00ed\u017een\u00fd cukor, jednoduch\u00e1 pr\u00edprava. Pre gastro aj dom\u00e1cnosti.","og_url":"https:\/\/drinkera.sk\/cz\/product-2\/hirams-cajove-limonady\/","og_site_name":"Drinkera SK","article_modified_time":"2026-05-13T12:35:58+00:00","og_image":[{"width":800,"height":800,"url":"https:\/\/drinkera.sk\/wp-content\/uploads\/2025\/09\/Hirams-Cajove-Limonady.png","type":"image\/png"}],"twitter_card":"summary_large_image","twitter_misc":{"Odhadovan\u00e1 doba \u010dten\u00ed":"2 minuty"},"schema":{"@context":"https:\/\/schema.org","@graph":[{"@type":"WebPage","@id":"https:\/\/drinkera.sk\/produkt\/hirams-cajove-limonady\/","url":"https:\/\/drinkera.sk\/produkt\/hirams-cajove-limonady\/","name":"Hirams \u010cajov\u00e9 Koncentr\u00e1ty - Drinkera SK","isPartOf":{"@id":"https:\/\/drinkera.sk\/#website"},"primaryImageOfPage":{"@id":"https:\/\/drinkera.sk\/produkt\/hirams-cajove-limonady\/#primaryimage"},"image":{"@id":"https:\/\/drinkera.sk\/produkt\/hirams-cajove-limonady\/#primaryimage"},"thumbnailUrl":"https:\/\/drinkera.sk\/wp-content\/uploads\/2025\/09\/Hirams-Cajove-Limonady.png","datePublished":"2025-09-16T15:31:44+00:00","dateModified":"2026-05-13T12:35:58+00:00","description":"Hirams \u010dajov\u00e9 koncentr\u00e1ty sp\u00e1jaj\u00fa \u010dajov\u00fd v\u00fdluh, ovocie a bylinky. V\u00fdrazn\u00e1 chu\u0165, zn\u00ed\u017een\u00fd cukor, jednoduch\u00e1 pr\u00edprava. Pre gastro aj dom\u00e1cnosti.","breadcrumb":{"@id":"https:\/\/drinkera.sk\/produkt\/hirams-cajove-limonady\/#breadcrumb"},"inLanguage":"cs","potentialAction":[{"@type":"ReadAction","target":["https:\/\/drinkera.sk\/produkt\/hirams-cajove-limonady\/"]}]},{"@type":"ImageObject","inLanguage":"cs","@id":"https:\/\/drinkera.sk\/produkt\/hirams-cajove-limonady\/#primaryimage","url":"https:\/\/drinkera.sk\/wp-content\/uploads\/2025\/09\/Hirams-Cajove-Limonady.png","contentUrl":"https:\/\/drinkera.sk\/wp-content\/uploads\/2025\/09\/Hirams-Cajove-Limonady.png","width":800,"height":800,"caption":"\u010cajov\u00e9 limon\u00e1dy HIRAMS \u2013 osvie\u017euj\u00face kombin\u00e1cie \u010daju a ovocia | drinkera.sk"},{"@type":"BreadcrumbList","@id":"https:\/\/drinkera.sk\/produkt\/hirams-cajove-limonady\/#breadcrumb","itemListElement":[{"@type":"ListItem","position":1,"name":"Domovsk\u00e1 str\u00e1nka","item":"https:\/\/drinkera.sk\/"},{"@type":"ListItem","position":2,"name":"E-shop","item":"https:\/\/drinkera.sk\/obchod\/"},{"@type":"ListItem","position":3,"name":"Hirams \u010cajov\u00e9 Koncentr\u00e1ty"}]},{"@type":"WebSite","@id":"https:\/\/drinkera.sk\/#website","url":"https:\/\/drinkera.sk\/","name":"Drinkera SK","description":"M\u00edsto, kde bav\u00edme sv\u011bt n\u00e1poji.","publisher":{"@id":"https:\/\/drinkera.sk\/#organization"},"potentialAction":[{"@type":"SearchAction","target":{"@type":"EntryPoint","urlTemplate":"https:\/\/drinkera.sk\/?s={search_term_string}"},"query-input":{"@type":"PropertyValueSpecification","valueRequired":true,"valueName":"search_term_string"}}],"inLanguage":"cs"},{"@type":"Organization","@id":"https:\/\/drinkera.sk\/#organization","name":"Drinkera SK","url":"https:\/\/drinkera.sk\/","logo":{"@type":"ImageObject","inLanguage":"cs","@id":"https:\/\/drinkera.sk\/#\/schema\/logo\/image\/","url":"https:\/\/drinkera.sk\/wp-content\/uploads\/2025\/05\/cropped-Drinkera-logo-scaled-1.png","contentUrl":"https:\/\/drinkera.sk\/wp-content\/uploads\/2025\/05\/cropped-Drinkera-logo-scaled-1.png","width":2145,"height":571,"caption":"Drinkera SK"},"image":{"@id":"https:\/\/drinkera.sk\/#\/schema\/logo\/image\/"}}]}},"_links":{"self":[{"href":"https:\/\/drinkera.sk\/cz\/wp-json\/wp\/v2\/product\/13884","targetHints":{"allow":["GET"]}}],"collection":[{"href":"https:\/\/drinkera.sk\/cz\/wp-json\/wp\/v2\/product"}],"about":[{"href":"https:\/\/drinkera.sk\/cz\/wp-json\/wp\/v2\/types\/product"}],"wp:featuredmedia":[{"embeddable":true,"href":"https:\/\/drinkera.sk\/cz\/wp-json\/wp\/v2\/media\/13899"}],"wp:attachment":[{"href":"https:\/\/drinkera.sk\/cz\/wp-json\/wp\/v2\/media?parent=13884"}],"wp:term":[{"taxonomy":"product_brand","embeddable":true,"href":"https:\/\/drinkera.sk\/cz\/wp-json\/wp\/v2\/product_brand?post=13884"},{"taxonomy":"product_cat","embeddable":true,"href":"https:\/\/drinkera.sk\/cz\/wp-json\/wp\/v2\/product_cat?post=13884"},{"taxonomy":"product_tag","embeddable":true,"href":"https:\/\/drinkera.sk\/cz\/wp-json\/wp\/v2\/product_tag?post=13884"}],"curies":[{"name":"wp","href":"https:\/\/api.w.org\/{rel}","templated":true}]}}