{"id":10965,"date":"2025-03-20T11:23:23","date_gmt":"2025-03-20T10:23:23","guid":{"rendered":"https:\/\/drinkera.sk\/?post_type=product&#038;p=10965"},"modified":"2026-05-13T11:25:38","modified_gmt":"2026-05-13T09:25:38","slug":"domaci-cajicek-pyramidky","status":"publish","type":"product","link":"https:\/\/drinkera.sk\/de\/produkt\/domaci-cajicek-pyramidky\/","title":{"rendered":"Dom\u00e1ci \u010caj\u00ed\u010dek \u2013 Pyramidenbeutel"},"content":{"rendered":"<h3><b>\ud83c\udf75 Dom\u00e1ci \u010daj\u00ed\u010dek \u2013 ehrliche Pyramiden-Tees aus Kr\u00e4utern, Fr\u00fcchten und Teebl\u00e4ttern<\/b><\/h3>\n<p class=\"p3\">Entdecken Sie die Teekollektion <span class=\"s2\"><b>Domaci Cajicek<\/b><\/span>die die Kraft der Natur, handwerkliche Herstellung und au\u00dfergew\u00f6hnlichen Geschmack vereint. Jede Packung enth\u00e4lt <span class=\"s2\"><b>sorgf\u00e4ltig ausgew\u00e4hlte Mischungen aus Fr\u00fcchten, Kr\u00e4utern und Teebl\u00e4ttern<\/b><\/span>, verpackt in praktischen <span class=\"s2\"><b>Pyramidenbeuteln<\/b><\/span> f\u00fcr maximale Entfaltung von Aroma und Geschmack.<\/p>\n<p class=\"p4\"><span class=\"s3\">Ob Sie sich f\u00fcr <\/span><b>gr\u00fcnen Sencha<\/b><span class=\"s3\">, <\/span><b>, die fruchtige Kombination aus Himbeere und Beeren<\/b><span class=\"s3\">, <\/span><b>, die beruhigende Minze mit Zitronenmelisse<\/b><span class=\"s3\">oder <\/span><b>Ingwer mit Zitrone entscheiden<\/b><span class=\"s3\">\u2013 jeder Tee hat seinen eigenen Charakter und schenkt Ihnen einen Moment der Ruhe und des Wohlbefindens.<\/span><\/p>\n<h4 class=\"p4\"><span class=\"s3\">\ud83d\udca1 <\/span><b>Warum Sie sie lieben werden?<\/b><b><\/b><\/h4>\n<p class=\"p3\">\u2013 100 % nat\u00fcrliche Zutaten \u2013 ohne Aromen, Konservierungsstoffe und Zusatzstoffe<\/p>\n<p class=\"p3\">\u2013 Vielf\u00e4ltige Mischungen f\u00fcr jede Jahreszeit und Stimmung<\/p>\n<p class=\"p3\">\u2013 Ausgewogene Geschmacksprofile, die auch anspruchsvolle Teeliebhaber begeistern<\/p>\n<p class=\"p1\">\u2013 Elegante Verpackung mit 15 Pyramidenbeuteln (1,8\u20132,5 g je nach Sorte) \u2013 ideal f\u00fcr zu Hause, ins B\u00fcro oder als Geschenk<\/p>\n<p class=\"p3\">Die Tees Dom\u00e1ci \u010daj\u00ed\u010dek werden mit Fokus auf Qualit\u00e4t, Funktionalit\u00e4t und Geschmack hergestellt \u2013 f\u00fcr Momente, in denen Sie wirklich abschalten m\u00f6chten.<\/p>\n<p class=\"p3\"><span class=\"s1\">\ud83e\uded6 <\/span><b>Zubereitung:<\/b><b><\/b><\/p>\n<p class=\"p1\">\u00dcbergie\u00dfen Sie den Pyramidenbeutel in der Tasse mit <span class=\"s2\"><b>300 ml hei\u00dfem Wasser<\/b><\/span> mit einer Temperatur von <span class=\"s2\"><b>90 \u00b0C<\/b><b><\/b><\/span><\/p>\n<p class=\"p3\"><span class=\"s1\">Lassen Sie <\/span><b>5\u20137 Minuten ziehen.<\/b><b><\/b><\/p>\n<p class=\"p1\"><b>\ud83d\udce6 Die Packung <\/b>enth\u00e4lt<b> 15 Pyramidenbeutel (1,8\u20132,5 g je nach Sorte).<\/b><\/p>\n<p class=\"p3\"><span class=\"s1\">\ud83c\udf3f <\/span><b>100 % nat\u00fcrliche Zutaten \u2013 ohne Aromen und Zusatzstoffe<\/b><b><\/b><\/p>\n<p class=\"p1\">\ud83c\uddea\ud83c\uddfa <strong>Hergestellt in der EU<\/strong><\/p>\n<p class=\"p1\"><strong>\ud83d\udccd Verkauf in der EU: Drinkera SK, N\u00e1bre\u017en\u00e1 3467\/8, 038 61 Vr\u00fatky<\/strong><\/p>","protected":false},"excerpt":{"rendered":"<p class=\"p1\"><span class=\"s1\"><b>Dom\u00e1ci \u010daj\u00ed\u010dek \u2013 Tees in Pyramidenbeuteln aus Kr\u00e4utern, Fr\u00fcchten und Teebl\u00e4ttern.<\/b><\/span> Nat\u00fcrliche Zusammensetzung, voller Geschmack und praktische Verpackung f\u00fcr t\u00e4gliche Teemomente.<\/p>","protected":false},"featured_media":12967,"template":"","meta":{"_kad_post_transparent":"default","_kad_post_title":"","_kad_post_layout":"default","_kad_post_sidebar_id":"","_kad_post_content_style":"default","_kad_post_vertical_padding":"default","_kad_post_feature":"","_kad_post_feature_position":"","_kad_post_header":false,"_kad_post_footer":false,"_kad_post_classname":""},"product_brand":[],"product_cat":[24],"product_tag":[],"class_list":{"0":"post-10965","1":"product","2":"type-product","3":"status-publish","4":"has-post-thumbnail","6":"product_cat-caj-cajovi-medvedici","8":"first","9":"instock","10":"taxable","11":"shipping-taxable","12":"purchasable","13":"product-type-variable","14":"entry","15":"content-bg","16":"loop-entry"},"yoast_head":"<!-- This site is optimized with the Yoast SEO plugin v27.6 - https:\/\/yoast.com\/product\/yoast-seo-wordpress\/ -->\n<title>Dom\u00e1ci \u010caj\u00ed\u010dek - Pyram\u00eddky - Drinkera SK<\/title>\n<meta name=\"description\" content=\"Objavte bylinn\u00e9, ovocn\u00e9 a zelen\u00e9 \u010daje Dom\u00e1ci \u010daj\u00ed\u010dek v pyram\u00eddkach. 100 % pr\u00edrodn\u00e9 zlo\u017eenie, vyv\u00e1\u017een\u00e9 chute a praktick\u00e9 balenie na ka\u017ed\u00fd de\u0148.\" \/>\n<meta name=\"robots\" content=\"index, follow, max-snippet:-1, max-image-preview:large, max-video-preview:-1\" \/>\n<link rel=\"canonical\" href=\"https:\/\/drinkera.sk\/de\/product-2\/domaci-cajicek-pyramidky\/\" \/>\n<meta property=\"og:locale\" content=\"de_DE\" \/>\n<meta property=\"og:type\" content=\"article\" \/>\n<meta property=\"og:title\" content=\"Dom\u00e1ci \u010caj\u00ed\u010dek - Pyram\u00eddky - Drinkera SK\" \/>\n<meta property=\"og:description\" content=\"Objavte bylinn\u00e9, ovocn\u00e9 a zelen\u00e9 \u010daje Dom\u00e1ci \u010daj\u00ed\u010dek v pyram\u00eddkach. 100 % pr\u00edrodn\u00e9 zlo\u017eenie, vyv\u00e1\u017een\u00e9 chute a praktick\u00e9 balenie na ka\u017ed\u00fd de\u0148.\" \/>\n<meta property=\"og:url\" content=\"https:\/\/drinkera.sk\/de\/product-2\/domaci-cajicek-pyramidky\/\" \/>\n<meta property=\"og:site_name\" content=\"Drinkera SK\" \/>\n<meta property=\"article:modified_time\" content=\"2026-05-13T09:25:38+00:00\" \/>\n<meta property=\"og:image\" content=\"https:\/\/drinkera.sk\/wp-content\/uploads\/2025\/03\/Domaci-Cajicek-sypany-\u2013-Pyramidky.png\" \/>\n\t<meta property=\"og:image:width\" content=\"800\" \/>\n\t<meta property=\"og:image:height\" content=\"800\" \/>\n\t<meta property=\"og:image:type\" content=\"image\/png\" \/>\n<meta name=\"twitter:card\" content=\"summary_large_image\" \/>\n<meta name=\"twitter:label1\" content=\"Gesch\u00e4tzte Lesezeit\" \/>\n\t<meta name=\"twitter:data1\" content=\"2\u00a0Minuten\" \/>\n<script type=\"application\/ld+json\" class=\"yoast-schema-graph\">{\"@context\":\"https:\\\/\\\/schema.org\",\"@graph\":[{\"@type\":\"WebPage\",\"@id\":\"https:\\\/\\\/drinkera.sk\\\/produkt\\\/domaci-cajicek-pyramidky\\\/\",\"url\":\"https:\\\/\\\/drinkera.sk\\\/produkt\\\/domaci-cajicek-pyramidky\\\/\",\"name\":\"Dom\u00e1ci \u010caj\u00ed\u010dek - Pyram\u00eddky - Drinkera SK\",\"isPartOf\":{\"@id\":\"https:\\\/\\\/drinkera.sk\\\/#website\"},\"primaryImageOfPage\":{\"@id\":\"https:\\\/\\\/drinkera.sk\\\/produkt\\\/domaci-cajicek-pyramidky\\\/#primaryimage\"},\"image\":{\"@id\":\"https:\\\/\\\/drinkera.sk\\\/produkt\\\/domaci-cajicek-pyramidky\\\/#primaryimage\"},\"thumbnailUrl\":\"https:\\\/\\\/drinkera.sk\\\/wp-content\\\/uploads\\\/2025\\\/03\\\/Domaci-Cajicek-sypany-\u2013-Pyramidky.png\",\"datePublished\":\"2025-03-20T10:23:23+00:00\",\"dateModified\":\"2026-05-13T09:25:38+00:00\",\"description\":\"Objavte bylinn\u00e9, ovocn\u00e9 a zelen\u00e9 \u010daje Dom\u00e1ci \u010daj\u00ed\u010dek v pyram\u00eddkach. 100 % pr\u00edrodn\u00e9 zlo\u017eenie, vyv\u00e1\u017een\u00e9 chute a praktick\u00e9 balenie na ka\u017ed\u00fd de\u0148.\",\"breadcrumb\":{\"@id\":\"https:\\\/\\\/drinkera.sk\\\/produkt\\\/domaci-cajicek-pyramidky\\\/#breadcrumb\"},\"inLanguage\":\"de\",\"potentialAction\":[{\"@type\":\"ReadAction\",\"target\":[\"https:\\\/\\\/drinkera.sk\\\/produkt\\\/domaci-cajicek-pyramidky\\\/\"]}]},{\"@type\":\"ImageObject\",\"inLanguage\":\"de\",\"@id\":\"https:\\\/\\\/drinkera.sk\\\/produkt\\\/domaci-cajicek-pyramidky\\\/#primaryimage\",\"url\":\"https:\\\/\\\/drinkera.sk\\\/wp-content\\\/uploads\\\/2025\\\/03\\\/Domaci-Cajicek-sypany-\u2013-Pyramidky.png\",\"contentUrl\":\"https:\\\/\\\/drinkera.sk\\\/wp-content\\\/uploads\\\/2025\\\/03\\\/Domaci-Cajicek-sypany-\u2013-Pyramidky.png\",\"width\":800,\"height\":800,\"caption\":\"Dom\u00e1ci \u010caj\u00ed\u010dek pyram\u00eddkov\u00fd \u2013 zelen\u00fd, bylinn\u00fd a rooibos \u010daj v praktick\u00fdch pyram\u00eddkach | drinkera.sk\"},{\"@type\":\"BreadcrumbList\",\"@id\":\"https:\\\/\\\/drinkera.sk\\\/produkt\\\/domaci-cajicek-pyramidky\\\/#breadcrumb\",\"itemListElement\":[{\"@type\":\"ListItem\",\"position\":1,\"name\":\"Domovsk\u00e1 str\u00e1nka\",\"item\":\"https:\\\/\\\/drinkera.sk\\\/\"},{\"@type\":\"ListItem\",\"position\":2,\"name\":\"E-shop\",\"item\":\"https:\\\/\\\/drinkera.sk\\\/obchod\\\/\"},{\"@type\":\"ListItem\",\"position\":3,\"name\":\"Dom\u00e1ci \u010caj\u00ed\u010dek &#8211; Pyram\u00eddky\"}]},{\"@type\":\"WebSite\",\"@id\":\"https:\\\/\\\/drinkera.sk\\\/#website\",\"url\":\"https:\\\/\\\/drinkera.sk\\\/\",\"name\":\"Drinkera SK\",\"description\":\"Miesto, kde bav\u00edme svet n\u00e1pojmi\",\"publisher\":{\"@id\":\"https:\\\/\\\/drinkera.sk\\\/#organization\"},\"potentialAction\":[{\"@type\":\"SearchAction\",\"target\":{\"@type\":\"EntryPoint\",\"urlTemplate\":\"https:\\\/\\\/drinkera.sk\\\/?s={search_term_string}\"},\"query-input\":{\"@type\":\"PropertyValueSpecification\",\"valueRequired\":true,\"valueName\":\"search_term_string\"}}],\"inLanguage\":\"de\"},{\"@type\":\"Organization\",\"@id\":\"https:\\\/\\\/drinkera.sk\\\/#organization\",\"name\":\"Drinkera SK\",\"url\":\"https:\\\/\\\/drinkera.sk\\\/\",\"logo\":{\"@type\":\"ImageObject\",\"inLanguage\":\"de\",\"@id\":\"https:\\\/\\\/drinkera.sk\\\/#\\\/schema\\\/logo\\\/image\\\/\",\"url\":\"https:\\\/\\\/drinkera.sk\\\/wp-content\\\/uploads\\\/2025\\\/05\\\/cropped-Drinkera-logo-scaled-1.png\",\"contentUrl\":\"https:\\\/\\\/drinkera.sk\\\/wp-content\\\/uploads\\\/2025\\\/05\\\/cropped-Drinkera-logo-scaled-1.png\",\"width\":2145,\"height\":571,\"caption\":\"Drinkera SK\"},\"image\":{\"@id\":\"https:\\\/\\\/drinkera.sk\\\/#\\\/schema\\\/logo\\\/image\\\/\"}}]}<\/script>\n<!-- \/ Yoast SEO plugin. -->","yoast_head_json":{"title":"Dom\u00e1ci \u010caj\u00ed\u010dek \u2013 Pyramidenbeutel \u2013 Drinkera SK","description":"Entdecken Sie Kr\u00e4uter-, Frucht- und Gr\u00fcntee Dom\u00e1ci \u010caj\u00ed\u010dek in Pyramidenbeuteln.\n100 % nat\u00fcrliche Zutaten, ausgewogene Geschmacksprofile und eine praktische Verpackung f\u00fcr jeden Tag.","robots":{"index":"index","follow":"follow","max-snippet":"max-snippet:-1","max-image-preview":"max-image-preview:large","max-video-preview":"max-video-preview:-1"},"canonical":"https:\/\/drinkera.sk\/de\/product-2\/domaci-cajicek-pyramidky\/","og_locale":"de_DE","og_type":"article","og_title":"Dom\u00e1ci \u010caj\u00ed\u010dek - Pyram\u00eddky - Drinkera SK","og_description":"Objavte bylinn\u00e9, ovocn\u00e9 a zelen\u00e9 \u010daje Dom\u00e1ci \u010daj\u00ed\u010dek v pyram\u00eddkach. 100 % pr\u00edrodn\u00e9 zlo\u017eenie, vyv\u00e1\u017een\u00e9 chute a praktick\u00e9 balenie na ka\u017ed\u00fd de\u0148.","og_url":"https:\/\/drinkera.sk\/de\/product-2\/domaci-cajicek-pyramidky\/","og_site_name":"Drinkera SK","article_modified_time":"2026-05-13T09:25:38+00:00","og_image":[{"width":800,"height":800,"url":"https:\/\/drinkera.sk\/wp-content\/uploads\/2025\/03\/Domaci-Cajicek-sypany-\u2013-Pyramidky.png","type":"image\/png"}],"twitter_card":"summary_large_image","twitter_misc":{"Gesch\u00e4tzte Lesezeit":"2\u00a0Minuten"},"schema":{"@context":"https:\/\/schema.org","@graph":[{"@type":"WebPage","@id":"https:\/\/drinkera.sk\/produkt\/domaci-cajicek-pyramidky\/","url":"https:\/\/drinkera.sk\/produkt\/domaci-cajicek-pyramidky\/","name":"Dom\u00e1ci \u010caj\u00ed\u010dek \u2013 Pyramidenbeutel \u2013 Drinkera SK","isPartOf":{"@id":"https:\/\/drinkera.sk\/#website"},"primaryImageOfPage":{"@id":"https:\/\/drinkera.sk\/produkt\/domaci-cajicek-pyramidky\/#primaryimage"},"image":{"@id":"https:\/\/drinkera.sk\/produkt\/domaci-cajicek-pyramidky\/#primaryimage"},"thumbnailUrl":"https:\/\/drinkera.sk\/wp-content\/uploads\/2025\/03\/Domaci-Cajicek-sypany-\u2013-Pyramidky.png","datePublished":"2025-03-20T10:23:23+00:00","dateModified":"2026-05-13T09:25:38+00:00","description":"Entdecken Sie Kr\u00e4uter-, Frucht- und Gr\u00fcntee Dom\u00e1ci \u010caj\u00ed\u010dek in Pyramidenbeuteln.\n100 % nat\u00fcrliche Zutaten, ausgewogene Geschmacksprofile und eine praktische Verpackung f\u00fcr jeden Tag.","breadcrumb":{"@id":"https:\/\/drinkera.sk\/produkt\/domaci-cajicek-pyramidky\/#breadcrumb"},"inLanguage":"de","potentialAction":[{"@type":"ReadAction","target":["https:\/\/drinkera.sk\/produkt\/domaci-cajicek-pyramidky\/"]}]},{"@type":"ImageObject","inLanguage":"de","@id":"https:\/\/drinkera.sk\/produkt\/domaci-cajicek-pyramidky\/#primaryimage","url":"https:\/\/drinkera.sk\/wp-content\/uploads\/2025\/03\/Domaci-Cajicek-sypany-\u2013-Pyramidky.png","contentUrl":"https:\/\/drinkera.sk\/wp-content\/uploads\/2025\/03\/Domaci-Cajicek-sypany-\u2013-Pyramidky.png","width":800,"height":800,"caption":"Dom\u00e1ci \u010caj\u00ed\u010dek pyram\u00eddkov\u00fd \u2013 zelen\u00fd, bylinn\u00fd a rooibos \u010daj v praktick\u00fdch pyram\u00eddkach | drinkera.sk"},{"@type":"BreadcrumbList","@id":"https:\/\/drinkera.sk\/produkt\/domaci-cajicek-pyramidky\/#breadcrumb","itemListElement":[{"@type":"ListItem","position":1,"name":"Domovsk\u00e1 str\u00e1nka","item":"https:\/\/drinkera.sk\/"},{"@type":"ListItem","position":2,"name":"E-shop","item":"https:\/\/drinkera.sk\/obchod\/"},{"@type":"ListItem","position":3,"name":"Dom\u00e1ci \u010caj\u00ed\u010dek &#8211; Pyram\u00eddky"}]},{"@type":"WebSite","@id":"https:\/\/drinkera.sk\/#website","url":"https:\/\/drinkera.sk\/","name":"Drinkera SK","description":"Ein Ort, an dem wir die Welt mit Getr\u00e4nken unterhalten.","publisher":{"@id":"https:\/\/drinkera.sk\/#organization"},"potentialAction":[{"@type":"SearchAction","target":{"@type":"EntryPoint","urlTemplate":"https:\/\/drinkera.sk\/?s={search_term_string}"},"query-input":{"@type":"PropertyValueSpecification","valueRequired":true,"valueName":"search_term_string"}}],"inLanguage":"de"},{"@type":"Organization","@id":"https:\/\/drinkera.sk\/#organization","name":"Drinkera SK","url":"https:\/\/drinkera.sk\/","logo":{"@type":"ImageObject","inLanguage":"de","@id":"https:\/\/drinkera.sk\/#\/schema\/logo\/image\/","url":"https:\/\/drinkera.sk\/wp-content\/uploads\/2025\/05\/cropped-Drinkera-logo-scaled-1.png","contentUrl":"https:\/\/drinkera.sk\/wp-content\/uploads\/2025\/05\/cropped-Drinkera-logo-scaled-1.png","width":2145,"height":571,"caption":"Drinkera SK"},"image":{"@id":"https:\/\/drinkera.sk\/#\/schema\/logo\/image\/"}}]}},"_links":{"self":[{"href":"https:\/\/drinkera.sk\/de\/wp-json\/wp\/v2\/product\/10965","targetHints":{"allow":["GET"]}}],"collection":[{"href":"https:\/\/drinkera.sk\/de\/wp-json\/wp\/v2\/product"}],"about":[{"href":"https:\/\/drinkera.sk\/de\/wp-json\/wp\/v2\/types\/product"}],"wp:featuredmedia":[{"embeddable":true,"href":"https:\/\/drinkera.sk\/de\/wp-json\/wp\/v2\/media\/12967"}],"wp:attachment":[{"href":"https:\/\/drinkera.sk\/de\/wp-json\/wp\/v2\/media?parent=10965"}],"wp:term":[{"taxonomy":"product_brand","embeddable":true,"href":"https:\/\/drinkera.sk\/de\/wp-json\/wp\/v2\/product_brand?post=10965"},{"taxonomy":"product_cat","embeddable":true,"href":"https:\/\/drinkera.sk\/de\/wp-json\/wp\/v2\/product_cat?post=10965"},{"taxonomy":"product_tag","embeddable":true,"href":"https:\/\/drinkera.sk\/de\/wp-json\/wp\/v2\/product_tag?post=10965"}],"curies":[{"name":"wp","href":"https:\/\/api.w.org\/{rel}","templated":true}]}}