{"id":11154,"date":"2025-03-20T12:45:28","date_gmt":"2025-03-20T11:45:28","guid":{"rendered":"https:\/\/drinkera.sk\/?post_type=product&#038;p=11154"},"modified":"2026-05-12T07:15:24","modified_gmt":"2026-05-12T05:15:24","slug":"hirams-frappe","status":"publish","type":"product","link":"https:\/\/drinkera.sk\/de\/produkt\/hirams-frappe\/","title":{"rendered":"Hirams Frapp\u00e9 1,2 kg"},"content":{"rendered":"<h3><b>Hirams Frapp\u00e9 \u2013 cremige, eisgek\u00fchlte Verf\u00fchrung <\/b><b>mit vollem Geschmack und perfekter Textur.<\/b><\/h3>\n<p class=\"p3\">Premium-Frapp\u00e9-Sorten <span class=\"s1\"><b>Joghurt, Vanille &amp; Kokos, Schokolade, Karamell und Cookies<\/b><\/span> in praktischer <span class=\"s1\"><b>1200-g-Verpackung<\/b><\/span>. Die Sorten (au\u00dfer Joghurt) enthalten <span class=\"s1\"><b>k\u00f6stliche St\u00fcckchen<\/b><\/span>, die dem Getr\u00e4nk eine authentische Textur und ein besonderes Geschmackserlebnis bei jedem Schluck verleihen. Ideal f\u00fcr die Zubereitung <span class=\"s1\"><b>erfrischender Eisgetr\u00e4nke<\/b><\/span>, <span class=\"s1\"><b>, Milkshakes<\/b><\/span> oder als Basis f\u00fcr kreative <span class=\"s1\"><b>Sommerdesserts<\/b><\/span>.<\/p>\n<p class=\"p3\">G\u00f6nnen Sie sich eine luxuri\u00f6se Erfrischung mit einem Hauch von Sommer. Jeder Schluck \u00fcberrascht mit einer reichen Textur und feiner S\u00fc\u00dfe.<\/p>\n<p>&nbsp;<\/p>\n<p class=\"p4\"><span class=\"s3\">\ud83d\udca1 <\/span><b>Warum werden Sie es lieben?<\/b><b><\/b><\/p>\n<p class=\"p3\">\u2013 Einfach aufgie\u00dfen und mixen \u2013 ideal f\u00fcr sommerliche Drinks auf Eis<\/p>\n<p class=\"p3\">\u2013 In jeder Portion steckt <span class=\"s2\"><b>ein St\u00fcck Urlaubsstimmung<\/b><b><\/b><\/span><\/p>\n<p class=\"p3\">\u2013 Gibt Energie, verw\u00f6hnt die Geschmacksknospen und erfrischt an hei\u00dfen Tagen<\/p>\n<p class=\"p4\"><span class=\"s3\">\u2013 <\/span><b>Im Lieferumfang ist ein praktischer Messl\u00f6ffel<\/b><span class=\"s3\"> f\u00fcr eine einfache Zubereitung enthalten<\/span><\/p>\n<p class=\"p3\">Mit vollem Geschmack und luftiger Konsistenz. Genie\u00dfen Sie ein Frapp\u00e9, das <span class=\"s2\"><b>weder an Geschmack noch an Eindruck spart<\/b><\/span>.<\/p>\n<p>&nbsp;<\/p>\n<p class=\"p3\">\ud83d\udce6 <span class=\"s2\"><b>Gewicht:<\/b><\/span> 1200 g<\/p>\n<p class=\"p3\">\ud83d\udcd0 <span class=\"s2\"><b>Verpackung:<\/b><\/span> Dose mit Messl\u00f6ffel<\/p>\n<p class=\"p4\"><span class=\"s3\">\ud83c\uddea\ud83c\uddfa <\/span><b>Hergestellt in der EU<\/b><b><\/b><\/p>\n<p class=\"p3\">\ud83d\udccd <span class=\"s2\"><b>Verkauf in der EU:<\/b><\/span> Drinkera SK, N\u00e1bre\u017en\u00e1 3467\/8, 038 61 Vr\u00fatky<\/p>","protected":false},"excerpt":{"rendered":"<p class=\"p1\"><span class=\"s1\"><b>Hirams Frapp\u00e9 \u2013 cremige Erfrischung mit St\u00fcckchen und vollem Geschmack.<\/b><\/span> Premium-Frapp\u00e9 im 1200-g-Gebinde mit praktischem Messl\u00f6ffel. Einfach aufgie\u00dfen, mixen und den Sommer in jedem Schluck genie\u00dfen.<\/p>","protected":false},"featured_media":12999,"template":"","meta":{"_kad_post_transparent":"default","_kad_post_title":"","_kad_post_layout":"default","_kad_post_sidebar_id":"","_kad_post_content_style":"default","_kad_post_vertical_padding":"default","_kad_post_feature":"","_kad_post_feature_position":"","_kad_post_header":false,"_kad_post_footer":false,"_kad_post_classname":""},"product_brand":[],"product_cat":[27],"product_tag":[],"class_list":{"0":"post-11154","1":"product","2":"type-product","3":"status-publish","4":"has-post-thumbnail","6":"product_cat-frappe","8":"first","9":"instock","10":"taxable","11":"shipping-taxable","12":"purchasable","13":"product-type-variable","14":"entry","15":"content-bg","16":"loop-entry"},"yoast_head":"<!-- This site is optimized with the Yoast SEO plugin v27.6 - https:\/\/yoast.com\/product\/yoast-seo-wordpress\/ -->\n<title>Hirams Frapp\u00e9 1,2kg - Drinkera SK<\/title>\n<meta name=\"robots\" content=\"index, follow, max-snippet:-1, max-image-preview:large, max-video-preview:-1\" \/>\n<link rel=\"canonical\" href=\"https:\/\/drinkera.sk\/de\/product-2\/hirams-frappe\/\" \/>\n<meta property=\"og:locale\" content=\"de_DE\" \/>\n<meta property=\"og:type\" content=\"article\" \/>\n<meta property=\"og:title\" content=\"Hirams Frapp\u00e9 1,2kg - Drinkera SK\" \/>\n<meta property=\"og:description\" content=\"Hirams Frapp\u00e9 \u2013 kr\u00e9mov\u00e9 osvie\u017eenie s k\u00faskami a plnou chu\u0165ou. Pr\u00e9miov\u00e9 frapp\u00e9 v 1200 g balen\u00ed s praktickou odmerkou. Sta\u010d\u00ed zalia\u0165, rozmixova\u0165 a u\u017e\u00edva\u0165 si leto v ka\u017edom d\u00fa\u0161ku.\" \/>\n<meta property=\"og:url\" content=\"https:\/\/drinkera.sk\/de\/product-2\/hirams-frappe\/\" \/>\n<meta property=\"og:site_name\" content=\"Drinkera SK\" \/>\n<meta property=\"article:modified_time\" content=\"2026-05-12T05:15:24+00:00\" \/>\n<meta property=\"og:image\" content=\"https:\/\/drinkera.sk\/wp-content\/uploads\/2025\/03\/Hirams-Frappe.png\" \/>\n\t<meta property=\"og:image:width\" content=\"800\" \/>\n\t<meta property=\"og:image:height\" content=\"800\" \/>\n\t<meta property=\"og:image:type\" content=\"image\/png\" \/>\n<meta name=\"twitter:card\" content=\"summary_large_image\" \/>\n<meta name=\"twitter:label1\" content=\"Gesch\u00e4tzte Lesezeit\" \/>\n\t<meta name=\"twitter:data1\" content=\"2\u00a0Minuten\" \/>\n<script type=\"application\/ld+json\" class=\"yoast-schema-graph\">{\"@context\":\"https:\\\/\\\/schema.org\",\"@graph\":[{\"@type\":\"WebPage\",\"@id\":\"https:\\\/\\\/drinkera.sk\\\/produkt\\\/hirams-frappe\\\/\",\"url\":\"https:\\\/\\\/drinkera.sk\\\/produkt\\\/hirams-frappe\\\/\",\"name\":\"Hirams Frapp\u00e9 1,2kg - Drinkera SK\",\"isPartOf\":{\"@id\":\"https:\\\/\\\/drinkera.sk\\\/#website\"},\"primaryImageOfPage\":{\"@id\":\"https:\\\/\\\/drinkera.sk\\\/produkt\\\/hirams-frappe\\\/#primaryimage\"},\"image\":{\"@id\":\"https:\\\/\\\/drinkera.sk\\\/produkt\\\/hirams-frappe\\\/#primaryimage\"},\"thumbnailUrl\":\"https:\\\/\\\/drinkera.sk\\\/wp-content\\\/uploads\\\/2025\\\/03\\\/Hirams-Frappe.png\",\"datePublished\":\"2025-03-20T11:45:28+00:00\",\"dateModified\":\"2026-05-12T05:15:24+00:00\",\"breadcrumb\":{\"@id\":\"https:\\\/\\\/drinkera.sk\\\/produkt\\\/hirams-frappe\\\/#breadcrumb\"},\"inLanguage\":\"de\",\"potentialAction\":[{\"@type\":\"ReadAction\",\"target\":[\"https:\\\/\\\/drinkera.sk\\\/produkt\\\/hirams-frappe\\\/\"]}]},{\"@type\":\"ImageObject\",\"inLanguage\":\"de\",\"@id\":\"https:\\\/\\\/drinkera.sk\\\/produkt\\\/hirams-frappe\\\/#primaryimage\",\"url\":\"https:\\\/\\\/drinkera.sk\\\/wp-content\\\/uploads\\\/2025\\\/03\\\/Hirams-Frappe.png\",\"contentUrl\":\"https:\\\/\\\/drinkera.sk\\\/wp-content\\\/uploads\\\/2025\\\/03\\\/Hirams-Frappe.png\",\"width\":800,\"height\":800,\"caption\":\"Hirams Frapp\u00e9 \u2013 Yogurt, Cookies a Toffee pre dokonal\u00e9 kr\u00e9mov\u00e9 frapp\u00e9 n\u00e1poje | drinkera.sk\"},{\"@type\":\"BreadcrumbList\",\"@id\":\"https:\\\/\\\/drinkera.sk\\\/produkt\\\/hirams-frappe\\\/#breadcrumb\",\"itemListElement\":[{\"@type\":\"ListItem\",\"position\":1,\"name\":\"Domovsk\u00e1 str\u00e1nka\",\"item\":\"https:\\\/\\\/drinkera.sk\\\/\"},{\"@type\":\"ListItem\",\"position\":2,\"name\":\"E-shop\",\"item\":\"https:\\\/\\\/drinkera.sk\\\/obchod\\\/\"},{\"@type\":\"ListItem\",\"position\":3,\"name\":\"Hirams Frapp\u00e9 1,2kg\"}]},{\"@type\":\"WebSite\",\"@id\":\"https:\\\/\\\/drinkera.sk\\\/#website\",\"url\":\"https:\\\/\\\/drinkera.sk\\\/\",\"name\":\"Drinkera SK\",\"description\":\"Miesto, kde bav\u00edme svet n\u00e1pojmi\",\"publisher\":{\"@id\":\"https:\\\/\\\/drinkera.sk\\\/#organization\"},\"potentialAction\":[{\"@type\":\"SearchAction\",\"target\":{\"@type\":\"EntryPoint\",\"urlTemplate\":\"https:\\\/\\\/drinkera.sk\\\/?s={search_term_string}\"},\"query-input\":{\"@type\":\"PropertyValueSpecification\",\"valueRequired\":true,\"valueName\":\"search_term_string\"}}],\"inLanguage\":\"de\"},{\"@type\":\"Organization\",\"@id\":\"https:\\\/\\\/drinkera.sk\\\/#organization\",\"name\":\"Drinkera SK\",\"url\":\"https:\\\/\\\/drinkera.sk\\\/\",\"logo\":{\"@type\":\"ImageObject\",\"inLanguage\":\"de\",\"@id\":\"https:\\\/\\\/drinkera.sk\\\/#\\\/schema\\\/logo\\\/image\\\/\",\"url\":\"https:\\\/\\\/drinkera.sk\\\/wp-content\\\/uploads\\\/2025\\\/05\\\/cropped-Drinkera-logo-scaled-1.png\",\"contentUrl\":\"https:\\\/\\\/drinkera.sk\\\/wp-content\\\/uploads\\\/2025\\\/05\\\/cropped-Drinkera-logo-scaled-1.png\",\"width\":2145,\"height\":571,\"caption\":\"Drinkera SK\"},\"image\":{\"@id\":\"https:\\\/\\\/drinkera.sk\\\/#\\\/schema\\\/logo\\\/image\\\/\"}}]}<\/script>\n<!-- \/ Yoast SEO plugin. -->","yoast_head_json":{"title":"Hirams Frapp\u00e9 1,2 kg \u2013 Drinkera SK","robots":{"index":"index","follow":"follow","max-snippet":"max-snippet:-1","max-image-preview":"max-image-preview:large","max-video-preview":"max-video-preview:-1"},"canonical":"https:\/\/drinkera.sk\/de\/product-2\/hirams-frappe\/","og_locale":"de_DE","og_type":"article","og_title":"Hirams Frapp\u00e9 1,2kg - Drinkera SK","og_description":"Hirams Frapp\u00e9 \u2013 kr\u00e9mov\u00e9 osvie\u017eenie s k\u00faskami a plnou chu\u0165ou. Pr\u00e9miov\u00e9 frapp\u00e9 v 1200 g balen\u00ed s praktickou odmerkou. Sta\u010d\u00ed zalia\u0165, rozmixova\u0165 a u\u017e\u00edva\u0165 si leto v ka\u017edom d\u00fa\u0161ku.","og_url":"https:\/\/drinkera.sk\/de\/product-2\/hirams-frappe\/","og_site_name":"Drinkera SK","article_modified_time":"2026-05-12T05:15:24+00:00","og_image":[{"width":800,"height":800,"url":"https:\/\/drinkera.sk\/wp-content\/uploads\/2025\/03\/Hirams-Frappe.png","type":"image\/png"}],"twitter_card":"summary_large_image","twitter_misc":{"Gesch\u00e4tzte Lesezeit":"2\u00a0Minuten"},"schema":{"@context":"https:\/\/schema.org","@graph":[{"@type":"WebPage","@id":"https:\/\/drinkera.sk\/produkt\/hirams-frappe\/","url":"https:\/\/drinkera.sk\/produkt\/hirams-frappe\/","name":"Hirams Frapp\u00e9 1,2 kg \u2013 Drinkera SK","isPartOf":{"@id":"https:\/\/drinkera.sk\/#website"},"primaryImageOfPage":{"@id":"https:\/\/drinkera.sk\/produkt\/hirams-frappe\/#primaryimage"},"image":{"@id":"https:\/\/drinkera.sk\/produkt\/hirams-frappe\/#primaryimage"},"thumbnailUrl":"https:\/\/drinkera.sk\/wp-content\/uploads\/2025\/03\/Hirams-Frappe.png","datePublished":"2025-03-20T11:45:28+00:00","dateModified":"2026-05-12T05:15:24+00:00","breadcrumb":{"@id":"https:\/\/drinkera.sk\/produkt\/hirams-frappe\/#breadcrumb"},"inLanguage":"de","potentialAction":[{"@type":"ReadAction","target":["https:\/\/drinkera.sk\/produkt\/hirams-frappe\/"]}]},{"@type":"ImageObject","inLanguage":"de","@id":"https:\/\/drinkera.sk\/produkt\/hirams-frappe\/#primaryimage","url":"https:\/\/drinkera.sk\/wp-content\/uploads\/2025\/03\/Hirams-Frappe.png","contentUrl":"https:\/\/drinkera.sk\/wp-content\/uploads\/2025\/03\/Hirams-Frappe.png","width":800,"height":800,"caption":"Hirams Frapp\u00e9 \u2013 Yogurt, Cookies a Toffee pre dokonal\u00e9 kr\u00e9mov\u00e9 frapp\u00e9 n\u00e1poje | drinkera.sk"},{"@type":"BreadcrumbList","@id":"https:\/\/drinkera.sk\/produkt\/hirams-frappe\/#breadcrumb","itemListElement":[{"@type":"ListItem","position":1,"name":"Domovsk\u00e1 str\u00e1nka","item":"https:\/\/drinkera.sk\/"},{"@type":"ListItem","position":2,"name":"E-shop","item":"https:\/\/drinkera.sk\/obchod\/"},{"@type":"ListItem","position":3,"name":"Hirams Frapp\u00e9 1,2kg"}]},{"@type":"WebSite","@id":"https:\/\/drinkera.sk\/#website","url":"https:\/\/drinkera.sk\/","name":"Drinkera SK","description":"Ein Ort, an dem wir die Welt mit Getr\u00e4nken unterhalten.","publisher":{"@id":"https:\/\/drinkera.sk\/#organization"},"potentialAction":[{"@type":"SearchAction","target":{"@type":"EntryPoint","urlTemplate":"https:\/\/drinkera.sk\/?s={search_term_string}"},"query-input":{"@type":"PropertyValueSpecification","valueRequired":true,"valueName":"search_term_string"}}],"inLanguage":"de"},{"@type":"Organization","@id":"https:\/\/drinkera.sk\/#organization","name":"Drinkera SK","url":"https:\/\/drinkera.sk\/","logo":{"@type":"ImageObject","inLanguage":"de","@id":"https:\/\/drinkera.sk\/#\/schema\/logo\/image\/","url":"https:\/\/drinkera.sk\/wp-content\/uploads\/2025\/05\/cropped-Drinkera-logo-scaled-1.png","contentUrl":"https:\/\/drinkera.sk\/wp-content\/uploads\/2025\/05\/cropped-Drinkera-logo-scaled-1.png","width":2145,"height":571,"caption":"Drinkera SK"},"image":{"@id":"https:\/\/drinkera.sk\/#\/schema\/logo\/image\/"}}]}},"_links":{"self":[{"href":"https:\/\/drinkera.sk\/de\/wp-json\/wp\/v2\/product\/11154","targetHints":{"allow":["GET"]}}],"collection":[{"href":"https:\/\/drinkera.sk\/de\/wp-json\/wp\/v2\/product"}],"about":[{"href":"https:\/\/drinkera.sk\/de\/wp-json\/wp\/v2\/types\/product"}],"wp:featuredmedia":[{"embeddable":true,"href":"https:\/\/drinkera.sk\/de\/wp-json\/wp\/v2\/media\/12999"}],"wp:attachment":[{"href":"https:\/\/drinkera.sk\/de\/wp-json\/wp\/v2\/media?parent=11154"}],"wp:term":[{"taxonomy":"product_brand","embeddable":true,"href":"https:\/\/drinkera.sk\/de\/wp-json\/wp\/v2\/product_brand?post=11154"},{"taxonomy":"product_cat","embeddable":true,"href":"https:\/\/drinkera.sk\/de\/wp-json\/wp\/v2\/product_cat?post=11154"},{"taxonomy":"product_tag","embeddable":true,"href":"https:\/\/drinkera.sk\/de\/wp-json\/wp\/v2\/product_tag?post=11154"}],"curies":[{"name":"wp","href":"https:\/\/api.w.org\/{rel}","templated":true}]}}