{"id":11182,"date":"2025-03-20T13:13:42","date_gmt":"2025-03-20T12:13:42","guid":{"rendered":"https:\/\/drinkera.sk\/?post_type=product&#038;p=11182"},"modified":"2026-05-13T07:30:35","modified_gmt":"2026-05-13T05:30:35","slug":"topingy","status":"publish","type":"product","link":"https:\/\/drinkera.sk\/de\/produkt\/topingy\/","title":{"rendered":"Toppings"},"content":{"rendered":"<h4 data-start=\"0\" data-end=\"73\">\ud83c\udf68 Toppings in Kunststoffflaschen \u2013 heben Sie jedes Dessert und jedes Getr\u00e4nk hervor<\/h4>\n<p data-start=\"75\" data-end=\"274\">Unsere Topping-Reihe bringt intensiven Geschmack und Textur in Frapp\u00e9s, Kaffee, Eis und Cocktails. Die praktischen Kunststoffflaschen (950 g\/1.000 g) erm\u00f6glichen eine pr\u00e4zise Dosierung und bewahren die Frische ohne Kompromisse bei der Qualit\u00e4t.<\/p>\n<h4 data-start=\"276\" data-end=\"305\">\ud83d\udca1 Warum wir sie lieben?<\/h4>\n<p data-start=\"306\" data-end=\"524\">\u2013 Einfache Dosierung f\u00fcr perfekte Konsistenz<br data-start=\"356\" data-end=\"359\" \/>\u2013 100 % nat\u00fcrliche Zutaten ohne k\u00fcnstliche Zusatzstoffe<br data-start=\"393\" data-end=\"396\" \/>\u2013 Kunststoffflaschen mit verschlie\u00dfbarem Deckel f\u00fcr eine bequeme Aufbewahrung<br data-start=\"462\" data-end=\"465\" \/>\u2013 Universell einsetzbar in professionellen Betrieben ebenso wie zu Hause<\/p>\n<h4 data-start=\"526\" data-end=\"572\">\ud83c\udfa8 Verf\u00fcgbare Geschmacksrichtungen:<\/h4>\n<ul data-start=\"573\" data-end=\"1064\">\n<li data-start=\"573\" data-end=\"640\">\n<p data-start=\"575\" data-end=\"640\">\ud83c\udf6b <strong data-start=\"578\" data-end=\"590\">Schokolade<\/strong> \u2013 intensive dunkle Tiefe f\u00fcr dekadente Desserts<\/p>\n<\/li>\n<li data-start=\"641\" data-end=\"718\">\n<p data-start=\"643\" data-end=\"718\">\ud83e\uded0 <strong data-start=\"646\" data-end=\"660\">Heidelbeere<\/strong> \u2013 frische fruchtige S\u00e4ure, die die Geschmacksknospen weckt<\/p>\n<\/li>\n<li data-start=\"719\" data-end=\"783\">\n<p data-start=\"721\" data-end=\"783\">\ud83c\udf53 <strong data-start=\"724\" data-end=\"734\">Erdbeere<\/strong> \u2013 s\u00fc\u00dfer und saftiger Geschmack f\u00fcr sommerliche Frische<\/p>\n<\/li>\n<li data-start=\"784\" data-end=\"849\">\n<p data-start=\"786\" data-end=\"849\">\ud83c\udf6f <strong data-start=\"789\" data-end=\"800\">Karamell<\/strong> \u2013 goldene S\u00fc\u00dfe mit feiner buttriger Note<\/p>\n<\/li>\n<li data-start=\"850\" data-end=\"923\">\n<p data-start=\"852\" data-end=\"923\">\ud83c\udf30 <strong data-start=\"855\" data-end=\"873\">Haselnuss<\/strong> \u2013 nussige Cremigkeit mit leicht ger\u00f6steter Note<\/p>\n<\/li>\n<li data-start=\"987\" data-end=\"1064\">\n<p data-start=\"989\" data-end=\"1064\">\ud83e\udd5c <strong data-start=\"992\" data-end=\"1004\">Pistazie<\/strong> \u2013 delikater nussiger Charme, der eine w\u00fcrzige Frische verleiht<\/p>\n<\/li>\n<\/ul>\n<p data-start=\"1066\" data-end=\"1208\" data-is-last-node=\"\" data-is-only-node=\"\">\ud83d\udce6 <strong data-start=\"1027\" data-end=\"1039\">Verpackung: <\/strong>950 g \/ 1.000 g<br data-start=\"1074\" data-end=\"1077\" \/>\ud83c\uddea\ud83c\uddfa <strong data-start=\"1082\" data-end=\"1099\">Hergestellt in der EU<\/strong><br data-start=\"1099\" data-end=\"1102\" \/>\ud83d\udccd <strong data-start=\"1105\" data-end=\"1121\" data-is-only-node=\"\">Verkauf in der EU:<\/strong> Drinkera SK, N\u00e1bre\u017en\u00e1 3467\/8, 038 61 Vr\u00fatky<\/p>","protected":false},"excerpt":{"rendered":"<p>Entdecken Sie eine breite Palette an 100 % nat\u00fcrlichen Toppings (950 g\/1.000 g) in Kunststoffflaschen \u2013 von Schokolade und Fr\u00fcchten bis hin zu Nussvarianten, ideal zur Abrundung des Geschmackserlebnisses.<\/p>\n<p>&nbsp;<\/p>","protected":false},"featured_media":13709,"template":"","meta":{"_kad_post_transparent":"default","_kad_post_title":"","_kad_post_layout":"default","_kad_post_sidebar_id":"","_kad_post_content_style":"default","_kad_post_vertical_padding":"default","_kad_post_feature":"","_kad_post_feature_position":"","_kad_post_header":false,"_kad_post_footer":false,"_kad_post_classname":""},"product_brand":[],"product_cat":[28],"product_tag":[],"class_list":{"0":"post-11182","1":"product","2":"type-product","3":"status-publish","4":"has-post-thumbnail","6":"product_cat-posypky-topingy","8":"first","9":"instock","10":"taxable","11":"shipping-taxable","12":"purchasable","13":"product-type-variable","14":"entry","15":"content-bg","16":"loop-entry"},"yoast_head":"<!-- This site is optimized with the Yoast SEO plugin v27.6 - https:\/\/yoast.com\/product\/yoast-seo-wordpress\/ -->\n<title>Topingy - Drinkera SK<\/title>\n<meta name=\"description\" content=\"Pr\u00edrodn\u00e9 topingy v praktick\u00fdch 850 g a 1 000 g plastov\u00fdch f\u013ea\u0161iach \u2013 \u010dokol\u00e1da, ovocn\u00e9 pr\u00edchute i orie\u0161ky pre dokonal\u00e9 frapp\u00e9, k\u00e1vu \u010di dezerty.\" \/>\n<meta name=\"robots\" content=\"noindex, follow\" \/>\n<meta property=\"og:locale\" content=\"de_DE\" \/>\n<meta property=\"og:type\" content=\"article\" \/>\n<meta property=\"og:title\" content=\"Topingy - Drinkera SK\" \/>\n<meta property=\"og:description\" content=\"Pr\u00edrodn\u00e9 topingy v praktick\u00fdch 850 g a 1 000 g plastov\u00fdch f\u013ea\u0161iach \u2013 \u010dokol\u00e1da, ovocn\u00e9 pr\u00edchute i orie\u0161ky pre dokonal\u00e9 frapp\u00e9, k\u00e1vu \u010di dezerty.\" \/>\n<meta property=\"og:url\" content=\"https:\/\/drinkera.sk\/de\/product-2\/topingy\/\" \/>\n<meta property=\"og:site_name\" content=\"Drinkera SK\" \/>\n<meta property=\"article:modified_time\" content=\"2026-05-13T05:30:35+00:00\" \/>\n<meta property=\"og:image\" content=\"https:\/\/drinkera.sk\/wp-content\/uploads\/2025\/03\/Topingy.png\" \/>\n\t<meta property=\"og:image:width\" content=\"800\" \/>\n\t<meta property=\"og:image:height\" content=\"800\" \/>\n\t<meta property=\"og:image:type\" content=\"image\/png\" \/>\n<meta name=\"twitter:card\" content=\"summary_large_image\" \/>\n<meta name=\"twitter:label1\" content=\"Gesch\u00e4tzte Lesezeit\" \/>\n\t<meta name=\"twitter:data1\" content=\"2\u00a0Minuten\" \/>\n<script type=\"application\/ld+json\" class=\"yoast-schema-graph\">{\"@context\":\"https:\\\/\\\/schema.org\",\"@graph\":[{\"@type\":\"WebPage\",\"@id\":\"https:\\\/\\\/drinkera.sk\\\/produkt\\\/topingy\\\/\",\"url\":\"https:\\\/\\\/drinkera.sk\\\/produkt\\\/topingy\\\/\",\"name\":\"Topingy - Drinkera SK\",\"isPartOf\":{\"@id\":\"https:\\\/\\\/drinkera.sk\\\/#website\"},\"primaryImageOfPage\":{\"@id\":\"https:\\\/\\\/drinkera.sk\\\/produkt\\\/topingy\\\/#primaryimage\"},\"image\":{\"@id\":\"https:\\\/\\\/drinkera.sk\\\/produkt\\\/topingy\\\/#primaryimage\"},\"thumbnailUrl\":\"https:\\\/\\\/drinkera.sk\\\/wp-content\\\/uploads\\\/2025\\\/03\\\/Topingy.png\",\"datePublished\":\"2025-03-20T12:13:42+00:00\",\"dateModified\":\"2026-05-13T05:30:35+00:00\",\"description\":\"Pr\u00edrodn\u00e9 topingy v praktick\u00fdch 850 g a 1 000 g plastov\u00fdch f\u013ea\u0161iach \u2013 \u010dokol\u00e1da, ovocn\u00e9 pr\u00edchute i orie\u0161ky pre dokonal\u00e9 frapp\u00e9, k\u00e1vu \u010di dezerty.\",\"breadcrumb\":{\"@id\":\"https:\\\/\\\/drinkera.sk\\\/produkt\\\/topingy\\\/#breadcrumb\"},\"inLanguage\":\"de\",\"potentialAction\":[{\"@type\":\"ReadAction\",\"target\":[\"https:\\\/\\\/drinkera.sk\\\/produkt\\\/topingy\\\/\"]}]},{\"@type\":\"ImageObject\",\"inLanguage\":\"de\",\"@id\":\"https:\\\/\\\/drinkera.sk\\\/produkt\\\/topingy\\\/#primaryimage\",\"url\":\"https:\\\/\\\/drinkera.sk\\\/wp-content\\\/uploads\\\/2025\\\/03\\\/Topingy.png\",\"contentUrl\":\"https:\\\/\\\/drinkera.sk\\\/wp-content\\\/uploads\\\/2025\\\/03\\\/Topingy.png\",\"width\":800,\"height\":800,\"caption\":\"Topingy \u2013 Pist\u00e1cia, \u010cu\u010doriedka, Karamel, \u010cokol\u00e1da, Jahoda & Lieskov\u00fd orech | drinkera.sk\"},{\"@type\":\"BreadcrumbList\",\"@id\":\"https:\\\/\\\/drinkera.sk\\\/produkt\\\/topingy\\\/#breadcrumb\",\"itemListElement\":[{\"@type\":\"ListItem\",\"position\":1,\"name\":\"Domovsk\u00e1 str\u00e1nka\",\"item\":\"https:\\\/\\\/drinkera.sk\\\/\"},{\"@type\":\"ListItem\",\"position\":2,\"name\":\"E-shop\",\"item\":\"https:\\\/\\\/drinkera.sk\\\/obchod\\\/\"},{\"@type\":\"ListItem\",\"position\":3,\"name\":\"Topingy\"}]},{\"@type\":\"WebSite\",\"@id\":\"https:\\\/\\\/drinkera.sk\\\/#website\",\"url\":\"https:\\\/\\\/drinkera.sk\\\/\",\"name\":\"Drinkera SK\",\"description\":\"Miesto, kde bav\u00edme svet n\u00e1pojmi\",\"publisher\":{\"@id\":\"https:\\\/\\\/drinkera.sk\\\/#organization\"},\"potentialAction\":[{\"@type\":\"SearchAction\",\"target\":{\"@type\":\"EntryPoint\",\"urlTemplate\":\"https:\\\/\\\/drinkera.sk\\\/?s={search_term_string}\"},\"query-input\":{\"@type\":\"PropertyValueSpecification\",\"valueRequired\":true,\"valueName\":\"search_term_string\"}}],\"inLanguage\":\"de\"},{\"@type\":\"Organization\",\"@id\":\"https:\\\/\\\/drinkera.sk\\\/#organization\",\"name\":\"Drinkera SK\",\"url\":\"https:\\\/\\\/drinkera.sk\\\/\",\"logo\":{\"@type\":\"ImageObject\",\"inLanguage\":\"de\",\"@id\":\"https:\\\/\\\/drinkera.sk\\\/#\\\/schema\\\/logo\\\/image\\\/\",\"url\":\"https:\\\/\\\/drinkera.sk\\\/wp-content\\\/uploads\\\/2025\\\/05\\\/cropped-Drinkera-logo-scaled-1.png\",\"contentUrl\":\"https:\\\/\\\/drinkera.sk\\\/wp-content\\\/uploads\\\/2025\\\/05\\\/cropped-Drinkera-logo-scaled-1.png\",\"width\":2145,\"height\":571,\"caption\":\"Drinkera SK\"},\"image\":{\"@id\":\"https:\\\/\\\/drinkera.sk\\\/#\\\/schema\\\/logo\\\/image\\\/\"}}]}<\/script>\n<!-- \/ Yoast SEO plugin. -->","yoast_head_json":{"title":"Toppings \u2013 Drinkera SK","description":"Nat\u00fcrliche Toppings in praktischen Kunststoffflaschen mit 850 g und 1.000 g \u2013 Schokolade, fruchtige Geschmacksrichtungen und N\u00fcsse f\u00fcr perfekte Frapp\u00e9s, Kaffee und Desserts.","robots":{"index":"noindex","follow":"follow"},"og_locale":"de_DE","og_type":"article","og_title":"Topingy - Drinkera SK","og_description":"Pr\u00edrodn\u00e9 topingy v praktick\u00fdch 850 g a 1 000 g plastov\u00fdch f\u013ea\u0161iach \u2013 \u010dokol\u00e1da, ovocn\u00e9 pr\u00edchute i orie\u0161ky pre dokonal\u00e9 frapp\u00e9, k\u00e1vu \u010di dezerty.","og_url":"https:\/\/drinkera.sk\/de\/product-2\/topingy\/","og_site_name":"Drinkera SK","article_modified_time":"2026-05-13T05:30:35+00:00","og_image":[{"width":800,"height":800,"url":"https:\/\/drinkera.sk\/wp-content\/uploads\/2025\/03\/Topingy.png","type":"image\/png"}],"twitter_card":"summary_large_image","twitter_misc":{"Gesch\u00e4tzte Lesezeit":"2\u00a0Minuten"},"schema":{"@context":"https:\/\/schema.org","@graph":[{"@type":"WebPage","@id":"https:\/\/drinkera.sk\/produkt\/topingy\/","url":"https:\/\/drinkera.sk\/produkt\/topingy\/","name":"Toppings \u2013 Drinkera SK","isPartOf":{"@id":"https:\/\/drinkera.sk\/#website"},"primaryImageOfPage":{"@id":"https:\/\/drinkera.sk\/produkt\/topingy\/#primaryimage"},"image":{"@id":"https:\/\/drinkera.sk\/produkt\/topingy\/#primaryimage"},"thumbnailUrl":"https:\/\/drinkera.sk\/wp-content\/uploads\/2025\/03\/Topingy.png","datePublished":"2025-03-20T12:13:42+00:00","dateModified":"2026-05-13T05:30:35+00:00","description":"Nat\u00fcrliche Toppings in praktischen Kunststoffflaschen mit 850 g und 1.000 g \u2013 Schokolade, fruchtige Geschmacksrichtungen und N\u00fcsse f\u00fcr perfekte Frapp\u00e9s, Kaffee und Desserts.","breadcrumb":{"@id":"https:\/\/drinkera.sk\/produkt\/topingy\/#breadcrumb"},"inLanguage":"de","potentialAction":[{"@type":"ReadAction","target":["https:\/\/drinkera.sk\/produkt\/topingy\/"]}]},{"@type":"ImageObject","inLanguage":"de","@id":"https:\/\/drinkera.sk\/produkt\/topingy\/#primaryimage","url":"https:\/\/drinkera.sk\/wp-content\/uploads\/2025\/03\/Topingy.png","contentUrl":"https:\/\/drinkera.sk\/wp-content\/uploads\/2025\/03\/Topingy.png","width":800,"height":800,"caption":"Topingy \u2013 Pist\u00e1cia, \u010cu\u010doriedka, Karamel, \u010cokol\u00e1da, Jahoda & Lieskov\u00fd orech | drinkera.sk"},{"@type":"BreadcrumbList","@id":"https:\/\/drinkera.sk\/produkt\/topingy\/#breadcrumb","itemListElement":[{"@type":"ListItem","position":1,"name":"Domovsk\u00e1 str\u00e1nka","item":"https:\/\/drinkera.sk\/"},{"@type":"ListItem","position":2,"name":"E-shop","item":"https:\/\/drinkera.sk\/obchod\/"},{"@type":"ListItem","position":3,"name":"Topingy"}]},{"@type":"WebSite","@id":"https:\/\/drinkera.sk\/#website","url":"https:\/\/drinkera.sk\/","name":"Drinkera SK","description":"Ein Ort, an dem wir die Welt mit Getr\u00e4nken unterhalten.","publisher":{"@id":"https:\/\/drinkera.sk\/#organization"},"potentialAction":[{"@type":"SearchAction","target":{"@type":"EntryPoint","urlTemplate":"https:\/\/drinkera.sk\/?s={search_term_string}"},"query-input":{"@type":"PropertyValueSpecification","valueRequired":true,"valueName":"search_term_string"}}],"inLanguage":"de"},{"@type":"Organization","@id":"https:\/\/drinkera.sk\/#organization","name":"Drinkera SK","url":"https:\/\/drinkera.sk\/","logo":{"@type":"ImageObject","inLanguage":"de","@id":"https:\/\/drinkera.sk\/#\/schema\/logo\/image\/","url":"https:\/\/drinkera.sk\/wp-content\/uploads\/2025\/05\/cropped-Drinkera-logo-scaled-1.png","contentUrl":"https:\/\/drinkera.sk\/wp-content\/uploads\/2025\/05\/cropped-Drinkera-logo-scaled-1.png","width":2145,"height":571,"caption":"Drinkera SK"},"image":{"@id":"https:\/\/drinkera.sk\/#\/schema\/logo\/image\/"}}]}},"_links":{"self":[{"href":"https:\/\/drinkera.sk\/de\/wp-json\/wp\/v2\/product\/11182","targetHints":{"allow":["GET"]}}],"collection":[{"href":"https:\/\/drinkera.sk\/de\/wp-json\/wp\/v2\/product"}],"about":[{"href":"https:\/\/drinkera.sk\/de\/wp-json\/wp\/v2\/types\/product"}],"wp:featuredmedia":[{"embeddable":true,"href":"https:\/\/drinkera.sk\/de\/wp-json\/wp\/v2\/media\/13709"}],"wp:attachment":[{"href":"https:\/\/drinkera.sk\/de\/wp-json\/wp\/v2\/media?parent=11182"}],"wp:term":[{"taxonomy":"product_brand","embeddable":true,"href":"https:\/\/drinkera.sk\/de\/wp-json\/wp\/v2\/product_brand?post=11182"},{"taxonomy":"product_cat","embeddable":true,"href":"https:\/\/drinkera.sk\/de\/wp-json\/wp\/v2\/product_cat?post=11182"},{"taxonomy":"product_tag","embeddable":true,"href":"https:\/\/drinkera.sk\/de\/wp-json\/wp\/v2\/product_tag?post=11182"}],"curies":[{"name":"wp","href":"https:\/\/api.w.org\/{rel}","templated":true}]}}