{"id":11199,"date":"2025-03-20T13:14:33","date_gmt":"2025-03-20T12:14:33","guid":{"rendered":"https:\/\/drinkera.sk\/?post_type=product&#038;p=11199"},"modified":"2026-05-13T12:25:21","modified_gmt":"2026-05-13T10:25:21","slug":"gastro-garnish","status":"publish","type":"product","link":"https:\/\/drinkera.sk\/de\/produkt\/gastro-garnish\/","title":{"rendered":"Gastro Garnish"},"content":{"rendered":"<h4 class=\"p1\"><span class=\"s1\">\ud83c\udf79 <\/span><b>Gastro Garnish \u2013 der besondere Akzent f\u00fcr Drinks und Desserts<\/b><b><\/b><\/h4>\n<p class=\"p3\">Unsere Servierdekorationen sind nicht nur Schmuck \u2013 sie sind eine Einladung zum Erlebnis. Im Sortiment finden Sie getrocknete Bl\u00fcten, lyophilisiertes Obst, Zitrusfr\u00fcchte sowie Rosenknospen, die das Auge erfreuen und oft auch den Geschmackssinn ansprechen. Ideal zum Verfeinern von Cocktails, Tees, Torten, Desserts im Glas, Panna Cotta oder einfach, um das Servieren bis zur Perfektion abzurunden. Geeignet f\u00fcr Baristas, Barkeeper und kreative Genie\u00dfer zu Hause, die ihren G\u00e4sten etwas Besonderes bieten m\u00f6chten.<\/p>\n<p class=\"p1\"><span class=\"s1\">\ud83d\udca1 <\/span><b>Warum Sie sie lieben werden?<\/b><b><\/b><\/p>\n<p class=\"p3\">\u2013 Verwandeln jeden Drink in ein Erlebnis f\u00fcr die Augen<\/p>\n<p class=\"p3\">\u2013 Elegant, nat\u00fcrlich und effektvoll \u2013 ohne weitere Vorbereitung<\/p>\n<p class=\"p3\">\u2013 Perfekt f\u00fcr Foodstyling, Fotografie und Servieren<\/p>\n<p class=\"p3\">\u2013 Geeignet f\u00fcr Caf\u00e9s, Bistros, Barbetriebe sowie f\u00fcr die Verwendung bei Ihnen zu Hause<\/p>\n<p class=\"p3\">W\u00e4hlen Sie Bl\u00fcten, Fr\u00fcchte oder Zitrusscheiben und verleihen Sie Ihren Kreationen das gewisse Etwas.<\/p>\n<p class=\"p3\">\ud83d\udce6 <strong>Verpackung:<\/strong> von 50 bis 150 g je nach Sorte<\/p>\n<p class=\"p3\">\ud83c\uddea\ud83c\uddfa <strong>Hergestellt in der EU<\/strong><\/p>\n<p class=\"p3\">\ud83d\udccd <strong>Verkauf in der EU:<\/strong> Drinkera SK, N\u00e1bre\u017en\u00e1 3467\/8, 038 61 Vr\u00fatky<\/p>","protected":false},"excerpt":{"rendered":"<p class=\"p1\">Gastro Garnish \u2013 nat\u00fcrliche Dekoration f\u00fcr jedes Getr\u00e4nk, jeden Kuchen oder jedes Dessert. Getrocknete Bl\u00fcten, Fr\u00fcchte und Zitrusfr\u00fcchte verleihen jedem Servieren Stil, Farbe und eine au\u00dfergew\u00f6hnliche Optik. Perfekt f\u00fcr Baristas, Barkeeper und kreative Genie\u00dfer zu Hause.<\/p>","protected":false},"featured_media":13582,"template":"","meta":{"_kad_post_transparent":"default","_kad_post_title":"","_kad_post_layout":"default","_kad_post_sidebar_id":"","_kad_post_content_style":"default","_kad_post_vertical_padding":"default","_kad_post_feature":"","_kad_post_feature_position":"","_kad_post_header":false,"_kad_post_footer":false,"_kad_post_classname":""},"product_brand":[],"product_cat":[28],"product_tag":[],"class_list":{"0":"post-11199","1":"product","2":"type-product","3":"status-publish","4":"has-post-thumbnail","6":"product_cat-posypky-topingy","8":"first","9":"instock","10":"taxable","11":"shipping-taxable","12":"purchasable","13":"product-type-variable","14":"entry","15":"content-bg","16":"loop-entry"},"yoast_head":"<!-- This site is optimized with the Yoast SEO plugin v27.6 - https:\/\/yoast.com\/product\/yoast-seo-wordpress\/ -->\n<title>Gastro Garnish - Drinkera SK<\/title>\n<meta name=\"description\" content=\"Pr\u00edrodn\u00e9 dekor\u00e1cie pre drinky a dezerty \u2013 su\u0161en\u00e9 kvety, ovocie a citrusy. Dodajte \u0161t\u00fdl serv\u00edrovaniu v kaviarni, bare \u010di doma.\" \/>\n<meta name=\"robots\" content=\"noindex, follow\" \/>\n<meta property=\"og:locale\" content=\"de_DE\" \/>\n<meta property=\"og:type\" content=\"article\" \/>\n<meta property=\"og:title\" content=\"Gastro Garnish - Drinkera SK\" \/>\n<meta property=\"og:description\" content=\"Pr\u00edrodn\u00e9 dekor\u00e1cie pre drinky a dezerty \u2013 su\u0161en\u00e9 kvety, ovocie a citrusy. Dodajte \u0161t\u00fdl serv\u00edrovaniu v kaviarni, bare \u010di doma.\" \/>\n<meta property=\"og:url\" content=\"https:\/\/drinkera.sk\/de\/product-2\/gastro-garnish\/\" \/>\n<meta property=\"og:site_name\" content=\"Drinkera SK\" \/>\n<meta property=\"article:modified_time\" content=\"2026-05-13T10:25:21+00:00\" \/>\n<meta property=\"og:image\" content=\"https:\/\/drinkera.sk\/wp-content\/uploads\/2025\/03\/Gastro-Garnish.png\" \/>\n\t<meta property=\"og:image:width\" content=\"800\" \/>\n\t<meta property=\"og:image:height\" content=\"800\" \/>\n\t<meta property=\"og:image:type\" content=\"image\/png\" \/>\n<meta name=\"twitter:card\" content=\"summary_large_image\" \/>\n<meta name=\"twitter:label1\" content=\"Gesch\u00e4tzte Lesezeit\" \/>\n\t<meta name=\"twitter:data1\" content=\"1\u00a0Minute\" \/>\n<script type=\"application\/ld+json\" class=\"yoast-schema-graph\">{\"@context\":\"https:\\\/\\\/schema.org\",\"@graph\":[{\"@type\":\"WebPage\",\"@id\":\"https:\\\/\\\/drinkera.sk\\\/produkt\\\/gastro-garnish\\\/\",\"url\":\"https:\\\/\\\/drinkera.sk\\\/produkt\\\/gastro-garnish\\\/\",\"name\":\"Gastro Garnish - Drinkera SK\",\"isPartOf\":{\"@id\":\"https:\\\/\\\/drinkera.sk\\\/#website\"},\"primaryImageOfPage\":{\"@id\":\"https:\\\/\\\/drinkera.sk\\\/produkt\\\/gastro-garnish\\\/#primaryimage\"},\"image\":{\"@id\":\"https:\\\/\\\/drinkera.sk\\\/produkt\\\/gastro-garnish\\\/#primaryimage\"},\"thumbnailUrl\":\"https:\\\/\\\/drinkera.sk\\\/wp-content\\\/uploads\\\/2025\\\/03\\\/Gastro-Garnish.png\",\"datePublished\":\"2025-03-20T12:14:33+00:00\",\"dateModified\":\"2026-05-13T10:25:21+00:00\",\"description\":\"Pr\u00edrodn\u00e9 dekor\u00e1cie pre drinky a dezerty \u2013 su\u0161en\u00e9 kvety, ovocie a citrusy. Dodajte \u0161t\u00fdl serv\u00edrovaniu v kaviarni, bare \u010di doma.\",\"breadcrumb\":{\"@id\":\"https:\\\/\\\/drinkera.sk\\\/produkt\\\/gastro-garnish\\\/#breadcrumb\"},\"inLanguage\":\"de\",\"potentialAction\":[{\"@type\":\"ReadAction\",\"target\":[\"https:\\\/\\\/drinkera.sk\\\/produkt\\\/gastro-garnish\\\/\"]}]},{\"@type\":\"ImageObject\",\"inLanguage\":\"de\",\"@id\":\"https:\\\/\\\/drinkera.sk\\\/produkt\\\/gastro-garnish\\\/#primaryimage\",\"url\":\"https:\\\/\\\/drinkera.sk\\\/wp-content\\\/uploads\\\/2025\\\/03\\\/Gastro-Garnish.png\",\"contentUrl\":\"https:\\\/\\\/drinkera.sk\\\/wp-content\\\/uploads\\\/2025\\\/03\\\/Gastro-Garnish.png\",\"width\":800,\"height\":800,\"caption\":\"Gastro dekor\u00e1cie \u2013 v\u00fdnimo\u010dn\u00fd vzh\u013ead ka\u017ed\u00e9ho drinku \u010di dezertu | drinkera.sk\"},{\"@type\":\"BreadcrumbList\",\"@id\":\"https:\\\/\\\/drinkera.sk\\\/produkt\\\/gastro-garnish\\\/#breadcrumb\",\"itemListElement\":[{\"@type\":\"ListItem\",\"position\":1,\"name\":\"Domovsk\u00e1 str\u00e1nka\",\"item\":\"https:\\\/\\\/drinkera.sk\\\/\"},{\"@type\":\"ListItem\",\"position\":2,\"name\":\"E-shop\",\"item\":\"https:\\\/\\\/drinkera.sk\\\/obchod\\\/\"},{\"@type\":\"ListItem\",\"position\":3,\"name\":\"Gastro Garnish\"}]},{\"@type\":\"WebSite\",\"@id\":\"https:\\\/\\\/drinkera.sk\\\/#website\",\"url\":\"https:\\\/\\\/drinkera.sk\\\/\",\"name\":\"Drinkera SK\",\"description\":\"Miesto, kde bav\u00edme svet n\u00e1pojmi\",\"publisher\":{\"@id\":\"https:\\\/\\\/drinkera.sk\\\/#organization\"},\"potentialAction\":[{\"@type\":\"SearchAction\",\"target\":{\"@type\":\"EntryPoint\",\"urlTemplate\":\"https:\\\/\\\/drinkera.sk\\\/?s={search_term_string}\"},\"query-input\":{\"@type\":\"PropertyValueSpecification\",\"valueRequired\":true,\"valueName\":\"search_term_string\"}}],\"inLanguage\":\"de\"},{\"@type\":\"Organization\",\"@id\":\"https:\\\/\\\/drinkera.sk\\\/#organization\",\"name\":\"Drinkera SK\",\"url\":\"https:\\\/\\\/drinkera.sk\\\/\",\"logo\":{\"@type\":\"ImageObject\",\"inLanguage\":\"de\",\"@id\":\"https:\\\/\\\/drinkera.sk\\\/#\\\/schema\\\/logo\\\/image\\\/\",\"url\":\"https:\\\/\\\/drinkera.sk\\\/wp-content\\\/uploads\\\/2025\\\/05\\\/cropped-Drinkera-logo-scaled-1.png\",\"contentUrl\":\"https:\\\/\\\/drinkera.sk\\\/wp-content\\\/uploads\\\/2025\\\/05\\\/cropped-Drinkera-logo-scaled-1.png\",\"width\":2145,\"height\":571,\"caption\":\"Drinkera SK\"},\"image\":{\"@id\":\"https:\\\/\\\/drinkera.sk\\\/#\\\/schema\\\/logo\\\/image\\\/\"}}]}<\/script>\n<!-- \/ Yoast SEO plugin. -->","yoast_head_json":{"title":"Gastro Garnish - Drinkera SK","description":"Nat\u00fcrliche Dekorationen f\u00fcr Drinks und Desserts \u2013 getrocknete Blumen, Fr\u00fcchte und Zitrusfr\u00fcchte. Verleihen Sie dem Servieren im Caf\u00e9, in der Bar oder zu Hause Stil.","robots":{"index":"noindex","follow":"follow"},"og_locale":"de_DE","og_type":"article","og_title":"Gastro Garnish - Drinkera SK","og_description":"Pr\u00edrodn\u00e9 dekor\u00e1cie pre drinky a dezerty \u2013 su\u0161en\u00e9 kvety, ovocie a citrusy. Dodajte \u0161t\u00fdl serv\u00edrovaniu v kaviarni, bare \u010di doma.","og_url":"https:\/\/drinkera.sk\/de\/product-2\/gastro-garnish\/","og_site_name":"Drinkera SK","article_modified_time":"2026-05-13T10:25:21+00:00","og_image":[{"width":800,"height":800,"url":"https:\/\/drinkera.sk\/wp-content\/uploads\/2025\/03\/Gastro-Garnish.png","type":"image\/png"}],"twitter_card":"summary_large_image","twitter_misc":{"Gesch\u00e4tzte Lesezeit":"1\u00a0Minute"},"schema":{"@context":"https:\/\/schema.org","@graph":[{"@type":"WebPage","@id":"https:\/\/drinkera.sk\/produkt\/gastro-garnish\/","url":"https:\/\/drinkera.sk\/produkt\/gastro-garnish\/","name":"Gastro Garnish - Drinkera SK","isPartOf":{"@id":"https:\/\/drinkera.sk\/#website"},"primaryImageOfPage":{"@id":"https:\/\/drinkera.sk\/produkt\/gastro-garnish\/#primaryimage"},"image":{"@id":"https:\/\/drinkera.sk\/produkt\/gastro-garnish\/#primaryimage"},"thumbnailUrl":"https:\/\/drinkera.sk\/wp-content\/uploads\/2025\/03\/Gastro-Garnish.png","datePublished":"2025-03-20T12:14:33+00:00","dateModified":"2026-05-13T10:25:21+00:00","description":"Nat\u00fcrliche Dekorationen f\u00fcr Drinks und Desserts \u2013 getrocknete Blumen, Fr\u00fcchte und Zitrusfr\u00fcchte. Verleihen Sie dem Servieren im Caf\u00e9, in der Bar oder zu Hause Stil.","breadcrumb":{"@id":"https:\/\/drinkera.sk\/produkt\/gastro-garnish\/#breadcrumb"},"inLanguage":"de","potentialAction":[{"@type":"ReadAction","target":["https:\/\/drinkera.sk\/produkt\/gastro-garnish\/"]}]},{"@type":"ImageObject","inLanguage":"de","@id":"https:\/\/drinkera.sk\/produkt\/gastro-garnish\/#primaryimage","url":"https:\/\/drinkera.sk\/wp-content\/uploads\/2025\/03\/Gastro-Garnish.png","contentUrl":"https:\/\/drinkera.sk\/wp-content\/uploads\/2025\/03\/Gastro-Garnish.png","width":800,"height":800,"caption":"Gastro dekor\u00e1cie \u2013 v\u00fdnimo\u010dn\u00fd vzh\u013ead ka\u017ed\u00e9ho drinku \u010di dezertu | drinkera.sk"},{"@type":"BreadcrumbList","@id":"https:\/\/drinkera.sk\/produkt\/gastro-garnish\/#breadcrumb","itemListElement":[{"@type":"ListItem","position":1,"name":"Domovsk\u00e1 str\u00e1nka","item":"https:\/\/drinkera.sk\/"},{"@type":"ListItem","position":2,"name":"E-shop","item":"https:\/\/drinkera.sk\/obchod\/"},{"@type":"ListItem","position":3,"name":"Gastro Garnish"}]},{"@type":"WebSite","@id":"https:\/\/drinkera.sk\/#website","url":"https:\/\/drinkera.sk\/","name":"Drinkera SK","description":"Ein Ort, an dem wir die Welt mit Getr\u00e4nken unterhalten.","publisher":{"@id":"https:\/\/drinkera.sk\/#organization"},"potentialAction":[{"@type":"SearchAction","target":{"@type":"EntryPoint","urlTemplate":"https:\/\/drinkera.sk\/?s={search_term_string}"},"query-input":{"@type":"PropertyValueSpecification","valueRequired":true,"valueName":"search_term_string"}}],"inLanguage":"de"},{"@type":"Organization","@id":"https:\/\/drinkera.sk\/#organization","name":"Drinkera SK","url":"https:\/\/drinkera.sk\/","logo":{"@type":"ImageObject","inLanguage":"de","@id":"https:\/\/drinkera.sk\/#\/schema\/logo\/image\/","url":"https:\/\/drinkera.sk\/wp-content\/uploads\/2025\/05\/cropped-Drinkera-logo-scaled-1.png","contentUrl":"https:\/\/drinkera.sk\/wp-content\/uploads\/2025\/05\/cropped-Drinkera-logo-scaled-1.png","width":2145,"height":571,"caption":"Drinkera SK"},"image":{"@id":"https:\/\/drinkera.sk\/#\/schema\/logo\/image\/"}}]}},"_links":{"self":[{"href":"https:\/\/drinkera.sk\/de\/wp-json\/wp\/v2\/product\/11199","targetHints":{"allow":["GET"]}}],"collection":[{"href":"https:\/\/drinkera.sk\/de\/wp-json\/wp\/v2\/product"}],"about":[{"href":"https:\/\/drinkera.sk\/de\/wp-json\/wp\/v2\/types\/product"}],"wp:featuredmedia":[{"embeddable":true,"href":"https:\/\/drinkera.sk\/de\/wp-json\/wp\/v2\/media\/13582"}],"wp:attachment":[{"href":"https:\/\/drinkera.sk\/de\/wp-json\/wp\/v2\/media?parent=11199"}],"wp:term":[{"taxonomy":"product_brand","embeddable":true,"href":"https:\/\/drinkera.sk\/de\/wp-json\/wp\/v2\/product_brand?post=11199"},{"taxonomy":"product_cat","embeddable":true,"href":"https:\/\/drinkera.sk\/de\/wp-json\/wp\/v2\/product_cat?post=11199"},{"taxonomy":"product_tag","embeddable":true,"href":"https:\/\/drinkera.sk\/de\/wp-json\/wp\/v2\/product_tag?post=11199"}],"curies":[{"name":"wp","href":"https:\/\/api.w.org\/{rel}","templated":true}]}}