{"id":11252,"date":"2025-03-20T14:13:32","date_gmt":"2025-03-20T13:13:32","guid":{"rendered":"https:\/\/drinkera.sk\/?post_type=product&#038;p=11252"},"modified":"2026-05-11T15:44:26","modified_gmt":"2026-05-11T13:44:26","slug":"salky","status":"publish","type":"product","link":"https:\/\/drinkera.sk\/de\/produkt\/salky\/","title":{"rendered":"Tassen"},"content":{"rendered":"<h4 data-start=\"0\" data-end=\"44\">\ud83c\udf75 <strong data-start=\"3\" data-end=\"42\">Tassen \u2013 BASIC, TRIBECA, TAMO &amp; NITA<\/strong><\/h4>\n<p data-start=\"46\" data-end=\"293\">Unsere Tassenkollektion vereint zeitloses Design mit praktischer Funktionalit\u00e4t. Ob Sie ein komplettes Set f\u00fcr genussvolle Rituale zu Hause suchen oder ein einzelnes St\u00fcck f\u00fcr ein professionelles Ambiente ben\u00f6tigen \u2013 jedes Modell bietet einen einzigartigen Stil und Komfort bei jedem Schluck.<\/p>\n<h4 data-start=\"295\" data-end=\"733\">\ud83d\udca1 <strong data-start=\"298\" data-end=\"321\">Warum wir sie lieben?<\/strong><\/h4>\n<p data-start=\"295\" data-end=\"733\"><br data-start=\"321\" data-end=\"324\" \/>\u2013 <strong data-start=\"326\" data-end=\"360\">BASIC (6\u00d7 238 ml + 6\u00d7 Untertasse):<\/strong> klassische Glas-Tasse mit sanft geformtem Rand f\u00fcr optimale Temperatur und Aroma<br data-start=\"434\" data-end=\"437\" \/>\u2013 <strong data-start=\"439\" data-end=\"475\">TRIBECA (2\u00d7 400 ml + 2\u00d7 Untertasse):<\/strong> Gro\u00dfvolumige Tassen f\u00fcr Latte Art und gro\u00dfe Portionen im minimalistischen Design<br data-start=\"543\" data-end=\"546\" \/>\u2013 <strong data-start=\"548\" data-end=\"566\">TAMO (4\u00d7 300 ml):<\/strong> Schlanke Form mit glatter Oberfl\u00e4che f\u00fcr einen eleganten Griff und reinen Geschmack, Steinzeug, 2 Farbvarianten (2\u00d7 sandfarbe, 2\u00d7 hellblau)<br data-start=\"630\" data-end=\"633\" \/>\u2013 <strong data-start=\"635\" data-end=\"653\">NITA (6\u00d7 350 ml):<\/strong> Sanfte Rundungen und ein stabiler Henkel sorgen f\u00fcr Komfort und einen dekorativen Effekt, Steinzeug, 3 Farbvarianten (2\u00d7 beerenfarbe, 2\u00d7 rosa, 2\u00d7 orange)<\/p>\n<p data-start=\"735\" data-end=\"891\" data-is-last-node=\"\" data-is-only-node=\"\">\ud83d\udce6 <strong data-start=\"738\" data-end=\"750\">Verpackung:<\/strong> Einzelne Sets<br data-start=\"800\" data-end=\"803\" \/>\ud83c\uddea\ud83c\uddfa <strong data-start=\"808\" data-end=\"825\" data-is-only-node=\"\">Hergestellt in der EU<\/strong><br data-start=\"825\" data-end=\"828\" \/>\ud83d\udccd <strong data-start=\"831\" data-end=\"847\">Verkauf in der EU:<\/strong> Drinkera SK, N\u00e1bre\u017en\u00e1 3467\/8, 038 61 Vr\u00fatky<\/p>","protected":false},"excerpt":{"rendered":"<p>Unsere Kollektion BASIC, TRIBECA, JAGO und NITA bietet sowohl klassische Porzellan-Sets als auch minimalistische Einzel-Tassen (238\u2013400 ml) f\u00fcr ein perfektes Trinkerlebnis bei jedem Getr\u00e4nk. Robuste Materialien und eine glatte Glasur sorgen f\u00fcr einfache Pflege und ein professionelles Erscheinungsbild.<\/p>","protected":false},"featured_media":13687,"template":"","meta":{"_kad_post_transparent":"default","_kad_post_title":"","_kad_post_layout":"default","_kad_post_sidebar_id":"","_kad_post_content_style":"default","_kad_post_vertical_padding":"default","_kad_post_feature":"","_kad_post_feature_position":"","_kad_post_header":false,"_kad_post_footer":false,"_kad_post_classname":""},"product_brand":[],"product_cat":[29],"product_tag":[],"class_list":{"0":"post-11252","1":"product","2":"type-product","3":"status-publish","4":"has-post-thumbnail","6":"product_cat-sklo-porcelan","8":"first","9":"instock","10":"taxable","11":"shipping-taxable","12":"purchasable","13":"product-type-variable","14":"entry","15":"content-bg","16":"loop-entry"},"yoast_head":"<!-- This site is optimized with the Yoast SEO plugin v27.6 - https:\/\/yoast.com\/product\/yoast-seo-wordpress\/ -->\n<title>\u0160\u00e1lky - Drinkera SK<\/title>\n<meta name=\"description\" content=\"Elegantn\u00e9 \u0161\u00e1lky BASIC, TRIBECA, JAGO a NITA \u2013 sady aj samostatn\u00e9 kusy pre latte, espresso \u010di \u010daj. Vyroben\u00e9 v E\u00da, dostupn\u00e9 na Drinkera SK.\" \/>\n<meta name=\"robots\" content=\"index, follow, max-snippet:-1, max-image-preview:large, max-video-preview:-1\" \/>\n<link rel=\"canonical\" href=\"https:\/\/drinkera.sk\/de\/product-2\/salky\/\" \/>\n<meta property=\"og:locale\" content=\"de_DE\" \/>\n<meta property=\"og:type\" content=\"article\" \/>\n<meta property=\"og:title\" content=\"\u0160\u00e1lky - Drinkera SK\" \/>\n<meta property=\"og:description\" content=\"Elegantn\u00e9 \u0161\u00e1lky BASIC, TRIBECA, JAGO a NITA \u2013 sady aj samostatn\u00e9 kusy pre latte, espresso \u010di \u010daj. Vyroben\u00e9 v E\u00da, dostupn\u00e9 na Drinkera SK.\" \/>\n<meta property=\"og:url\" content=\"https:\/\/drinkera.sk\/de\/product-2\/salky\/\" \/>\n<meta property=\"og:site_name\" content=\"Drinkera SK\" \/>\n<meta property=\"article:modified_time\" content=\"2026-05-11T13:44:26+00:00\" \/>\n<meta property=\"og:image\" content=\"https:\/\/drinkera.sk\/wp-content\/uploads\/2025\/03\/Salky.png\" \/>\n\t<meta property=\"og:image:width\" content=\"800\" \/>\n\t<meta property=\"og:image:height\" content=\"800\" \/>\n\t<meta property=\"og:image:type\" content=\"image\/png\" \/>\n<meta name=\"twitter:card\" content=\"summary_large_image\" \/>\n<meta name=\"twitter:label1\" content=\"Gesch\u00e4tzte Lesezeit\" \/>\n\t<meta name=\"twitter:data1\" content=\"1\u00a0Minute\" \/>\n<script type=\"application\/ld+json\" class=\"yoast-schema-graph\">{\"@context\":\"https:\\\/\\\/schema.org\",\"@graph\":[{\"@type\":\"WebPage\",\"@id\":\"https:\\\/\\\/drinkera.sk\\\/produkt\\\/salky\\\/\",\"url\":\"https:\\\/\\\/drinkera.sk\\\/produkt\\\/salky\\\/\",\"name\":\"\u0160\u00e1lky - Drinkera SK\",\"isPartOf\":{\"@id\":\"https:\\\/\\\/drinkera.sk\\\/#website\"},\"primaryImageOfPage\":{\"@id\":\"https:\\\/\\\/drinkera.sk\\\/produkt\\\/salky\\\/#primaryimage\"},\"image\":{\"@id\":\"https:\\\/\\\/drinkera.sk\\\/produkt\\\/salky\\\/#primaryimage\"},\"thumbnailUrl\":\"https:\\\/\\\/drinkera.sk\\\/wp-content\\\/uploads\\\/2025\\\/03\\\/Salky.png\",\"datePublished\":\"2025-03-20T13:13:32+00:00\",\"dateModified\":\"2026-05-11T13:44:26+00:00\",\"description\":\"Elegantn\u00e9 \u0161\u00e1lky BASIC, TRIBECA, JAGO a NITA \u2013 sady aj samostatn\u00e9 kusy pre latte, espresso \u010di \u010daj. Vyroben\u00e9 v E\u00da, dostupn\u00e9 na Drinkera SK.\",\"breadcrumb\":{\"@id\":\"https:\\\/\\\/drinkera.sk\\\/produkt\\\/salky\\\/#breadcrumb\"},\"inLanguage\":\"de\",\"potentialAction\":[{\"@type\":\"ReadAction\",\"target\":[\"https:\\\/\\\/drinkera.sk\\\/produkt\\\/salky\\\/\"]}]},{\"@type\":\"ImageObject\",\"inLanguage\":\"de\",\"@id\":\"https:\\\/\\\/drinkera.sk\\\/produkt\\\/salky\\\/#primaryimage\",\"url\":\"https:\\\/\\\/drinkera.sk\\\/wp-content\\\/uploads\\\/2025\\\/03\\\/Salky.png\",\"contentUrl\":\"https:\\\/\\\/drinkera.sk\\\/wp-content\\\/uploads\\\/2025\\\/03\\\/Salky.png\",\"width\":800,\"height\":800,\"caption\":\"\u0160\u00e1lky \u2013 BASIC, TAMO & NITA | drinkera.sk\"},{\"@type\":\"BreadcrumbList\",\"@id\":\"https:\\\/\\\/drinkera.sk\\\/produkt\\\/salky\\\/#breadcrumb\",\"itemListElement\":[{\"@type\":\"ListItem\",\"position\":1,\"name\":\"Domovsk\u00e1 str\u00e1nka\",\"item\":\"https:\\\/\\\/drinkera.sk\\\/\"},{\"@type\":\"ListItem\",\"position\":2,\"name\":\"E-shop\",\"item\":\"https:\\\/\\\/drinkera.sk\\\/obchod\\\/\"},{\"@type\":\"ListItem\",\"position\":3,\"name\":\"\u0160\u00e1lky\"}]},{\"@type\":\"WebSite\",\"@id\":\"https:\\\/\\\/drinkera.sk\\\/#website\",\"url\":\"https:\\\/\\\/drinkera.sk\\\/\",\"name\":\"Drinkera SK\",\"description\":\"Miesto, kde bav\u00edme svet n\u00e1pojmi\",\"publisher\":{\"@id\":\"https:\\\/\\\/drinkera.sk\\\/#organization\"},\"potentialAction\":[{\"@type\":\"SearchAction\",\"target\":{\"@type\":\"EntryPoint\",\"urlTemplate\":\"https:\\\/\\\/drinkera.sk\\\/?s={search_term_string}\"},\"query-input\":{\"@type\":\"PropertyValueSpecification\",\"valueRequired\":true,\"valueName\":\"search_term_string\"}}],\"inLanguage\":\"de\"},{\"@type\":\"Organization\",\"@id\":\"https:\\\/\\\/drinkera.sk\\\/#organization\",\"name\":\"Drinkera SK\",\"url\":\"https:\\\/\\\/drinkera.sk\\\/\",\"logo\":{\"@type\":\"ImageObject\",\"inLanguage\":\"de\",\"@id\":\"https:\\\/\\\/drinkera.sk\\\/#\\\/schema\\\/logo\\\/image\\\/\",\"url\":\"https:\\\/\\\/drinkera.sk\\\/wp-content\\\/uploads\\\/2025\\\/05\\\/cropped-Drinkera-logo-scaled-1.png\",\"contentUrl\":\"https:\\\/\\\/drinkera.sk\\\/wp-content\\\/uploads\\\/2025\\\/05\\\/cropped-Drinkera-logo-scaled-1.png\",\"width\":2145,\"height\":571,\"caption\":\"Drinkera SK\"},\"image\":{\"@id\":\"https:\\\/\\\/drinkera.sk\\\/#\\\/schema\\\/logo\\\/image\\\/\"}}]}<\/script>\n<!-- \/ Yoast SEO plugin. -->","yoast_head_json":{"title":"Tassen \u2013 Drinkera SK","description":"Elegante Tassen BASIC, TRIBECA, JAGO und NITA \u2013 Sets und Einzelst\u00fccke f\u00fcr Latte, Espresso oder Tee. Hergestellt in der EU, erh\u00e4ltlich bei Drinkera SK.","robots":{"index":"index","follow":"follow","max-snippet":"max-snippet:-1","max-image-preview":"max-image-preview:large","max-video-preview":"max-video-preview:-1"},"canonical":"https:\/\/drinkera.sk\/de\/product-2\/salky\/","og_locale":"de_DE","og_type":"article","og_title":"\u0160\u00e1lky - Drinkera SK","og_description":"Elegantn\u00e9 \u0161\u00e1lky BASIC, TRIBECA, JAGO a NITA \u2013 sady aj samostatn\u00e9 kusy pre latte, espresso \u010di \u010daj. Vyroben\u00e9 v E\u00da, dostupn\u00e9 na Drinkera SK.","og_url":"https:\/\/drinkera.sk\/de\/product-2\/salky\/","og_site_name":"Drinkera SK","article_modified_time":"2026-05-11T13:44:26+00:00","og_image":[{"width":800,"height":800,"url":"https:\/\/drinkera.sk\/wp-content\/uploads\/2025\/03\/Salky.png","type":"image\/png"}],"twitter_card":"summary_large_image","twitter_misc":{"Gesch\u00e4tzte Lesezeit":"1\u00a0Minute"},"schema":{"@context":"https:\/\/schema.org","@graph":[{"@type":"WebPage","@id":"https:\/\/drinkera.sk\/produkt\/salky\/","url":"https:\/\/drinkera.sk\/produkt\/salky\/","name":"Tassen \u2013 Drinkera SK","isPartOf":{"@id":"https:\/\/drinkera.sk\/#website"},"primaryImageOfPage":{"@id":"https:\/\/drinkera.sk\/produkt\/salky\/#primaryimage"},"image":{"@id":"https:\/\/drinkera.sk\/produkt\/salky\/#primaryimage"},"thumbnailUrl":"https:\/\/drinkera.sk\/wp-content\/uploads\/2025\/03\/Salky.png","datePublished":"2025-03-20T13:13:32+00:00","dateModified":"2026-05-11T13:44:26+00:00","description":"Elegante Tassen BASIC, TRIBECA, JAGO und NITA \u2013 Sets und Einzelst\u00fccke f\u00fcr Latte, Espresso oder Tee. Hergestellt in der EU, erh\u00e4ltlich bei Drinkera SK.","breadcrumb":{"@id":"https:\/\/drinkera.sk\/produkt\/salky\/#breadcrumb"},"inLanguage":"de","potentialAction":[{"@type":"ReadAction","target":["https:\/\/drinkera.sk\/produkt\/salky\/"]}]},{"@type":"ImageObject","inLanguage":"de","@id":"https:\/\/drinkera.sk\/produkt\/salky\/#primaryimage","url":"https:\/\/drinkera.sk\/wp-content\/uploads\/2025\/03\/Salky.png","contentUrl":"https:\/\/drinkera.sk\/wp-content\/uploads\/2025\/03\/Salky.png","width":800,"height":800,"caption":"\u0160\u00e1lky \u2013 BASIC, TAMO & NITA | drinkera.sk"},{"@type":"BreadcrumbList","@id":"https:\/\/drinkera.sk\/produkt\/salky\/#breadcrumb","itemListElement":[{"@type":"ListItem","position":1,"name":"Domovsk\u00e1 str\u00e1nka","item":"https:\/\/drinkera.sk\/"},{"@type":"ListItem","position":2,"name":"E-shop","item":"https:\/\/drinkera.sk\/obchod\/"},{"@type":"ListItem","position":3,"name":"\u0160\u00e1lky"}]},{"@type":"WebSite","@id":"https:\/\/drinkera.sk\/#website","url":"https:\/\/drinkera.sk\/","name":"Drinkera SK","description":"Ein Ort, an dem wir die Welt mit Getr\u00e4nken unterhalten.","publisher":{"@id":"https:\/\/drinkera.sk\/#organization"},"potentialAction":[{"@type":"SearchAction","target":{"@type":"EntryPoint","urlTemplate":"https:\/\/drinkera.sk\/?s={search_term_string}"},"query-input":{"@type":"PropertyValueSpecification","valueRequired":true,"valueName":"search_term_string"}}],"inLanguage":"de"},{"@type":"Organization","@id":"https:\/\/drinkera.sk\/#organization","name":"Drinkera SK","url":"https:\/\/drinkera.sk\/","logo":{"@type":"ImageObject","inLanguage":"de","@id":"https:\/\/drinkera.sk\/#\/schema\/logo\/image\/","url":"https:\/\/drinkera.sk\/wp-content\/uploads\/2025\/05\/cropped-Drinkera-logo-scaled-1.png","contentUrl":"https:\/\/drinkera.sk\/wp-content\/uploads\/2025\/05\/cropped-Drinkera-logo-scaled-1.png","width":2145,"height":571,"caption":"Drinkera SK"},"image":{"@id":"https:\/\/drinkera.sk\/#\/schema\/logo\/image\/"}}]}},"_links":{"self":[{"href":"https:\/\/drinkera.sk\/de\/wp-json\/wp\/v2\/product\/11252","targetHints":{"allow":["GET"]}}],"collection":[{"href":"https:\/\/drinkera.sk\/de\/wp-json\/wp\/v2\/product"}],"about":[{"href":"https:\/\/drinkera.sk\/de\/wp-json\/wp\/v2\/types\/product"}],"wp:featuredmedia":[{"embeddable":true,"href":"https:\/\/drinkera.sk\/de\/wp-json\/wp\/v2\/media\/13687"}],"wp:attachment":[{"href":"https:\/\/drinkera.sk\/de\/wp-json\/wp\/v2\/media?parent=11252"}],"wp:term":[{"taxonomy":"product_brand","embeddable":true,"href":"https:\/\/drinkera.sk\/de\/wp-json\/wp\/v2\/product_brand?post=11252"},{"taxonomy":"product_cat","embeddable":true,"href":"https:\/\/drinkera.sk\/de\/wp-json\/wp\/v2\/product_cat?post=11252"},{"taxonomy":"product_tag","embeddable":true,"href":"https:\/\/drinkera.sk\/de\/wp-json\/wp\/v2\/product_tag?post=11252"}],"curies":[{"name":"wp","href":"https:\/\/api.w.org\/{rel}","templated":true}]}}