{"id":13884,"date":"2025-09-16T17:31:44","date_gmt":"2025-09-16T15:31:44","guid":{"rendered":"https:\/\/drinkera.sk\/?post_type=product&#038;p=13884"},"modified":"2026-05-13T14:35:58","modified_gmt":"2026-05-13T12:35:58","slug":"hirams-tee-limonaden","status":"publish","type":"product","link":"https:\/\/drinkera.sk\/de\/produkt\/hirams-cajove-limonady\/","title":{"rendered":"Hirams Tee-Konzentrate"},"content":{"rendered":"<h3><b>\ud83c\udf79 Hirams Tee-Konzentrate \u2013 Erfrischung mit Teebasis und fruchtigem Twist<\/b><\/h3>\n<p class=\"p3\">Hirams Tee-Konzentrate mit reduziertem Zuckergehalt. Teeaufguss in Kombination mit Fr\u00fcchten \u2013 vollmundiger Geschmack und wertvolle gesundheitliche Vorteile. Geeignet f\u00fcr alle vier Jahreszeiten \u2013 zum Aufw\u00e4rmen ebenso wie zur Erfrischung.<\/p>\n<p class=\"p3\">Getr\u00e4nke, die mehr k\u00f6nnen als nur den Durst zu l\u00f6schen. In den Hirams Tee-Konzentraten trifft echter Teeaufguss auf exotische Fr\u00fcchte und Kr\u00e4uter \u2013 vereint in harmonischen Kombinationen.<\/p>\n<p class=\"p1\"><span class=\"s1\">\ud83d\udca1 <\/span><b>Warum Sie sie lieben werden?<\/b><b><\/b><\/p>\n<p class=\"p3\">\u2013 So konzipiert, dass Sie nur <strong>hei\u00dfes oder kaltes Wasser hinzuf\u00fcgen m\u00fcssen<\/strong> \u2013 je nach Geschmack und Jahreszeit<\/p>\n<p class=\"p3\">\u2013 <strong>Reduzierter Zuckergehalt<\/strong>, dennoch <strong>voller Geschmack<\/strong> und nat\u00fcrliche Frische<\/p>\n<p class=\"p3\">\u2013 <strong>Premium-Kombinationen<\/strong> aus Tee, Fr\u00fcchten und Kr\u00e4utern<\/p>\n<p class=\"p3\">\u2013 Geeignet <strong>f\u00fcr Caf\u00e9s<\/strong>, Gastronomiebetriebe sowie sommerliche Pop-ups, aber auch <strong>f\u00fcr den Genuss zu Hause<\/strong><\/p>\n<p>&nbsp;<\/p>\n<p class=\"p1\">\ud83c\udf3f <strong>Sorten:<\/strong><\/p>\n<p class=\"p1\"><strong>Green Tea Mango &amp; Pineapple<\/strong> \u2013 Gr\u00fcner Tee mit tropischem Hauch, der Sie direkt in einen sommerlichen Morgen unter Palmen entf\u00fchrt<\/p>\n<p class=\"p1\"><strong>Matcha &amp; Passionfruit<\/strong> \u2013 Samtig gr\u00fcne Matcha und ein leidenschaftlich fruchtiger Abgang \u2013 f\u00fcr alle, die das gewisse Extra wollen<\/p>\n<p class=\"p1\"><strong>Rooibos &amp; Aloe<\/strong> \u2013 Sanfter Rooibos und frische Aloe bilden ein k\u00f6stliches, beruhigendes Duo mit Wellness-Vibes<\/p>\n<p class=\"p1\"><strong>White Tea Rose &amp; Pomegranate<\/strong> \u2013 Die Leichtigkeit von wei\u00dfem Tee, die florale Noblesse der Rose und s\u00fc\u00df-s\u00e4uerlicher Granatapfel \u2013 wie ein Sonntagnachmittag in einem bl\u00fchenden Garten<\/p>\n<p class=\"p1\">\ud83d\udce6 <strong>Inhalt<\/strong>: 530 ml<\/p>\n<p class=\"p1\">\ud83c\udf6c <strong>S\u00fc\u00dfung:<\/strong> niedriger Zuckergehalt (Low Sugar)<\/p>\n<p class=\"p1\">\ud83c\uddea\ud83c\uddfa <strong>Hergestellt in der EU<\/strong><\/p>\n<p class=\"p3\">\ud83d\udccd <span class=\"s3\"><b>Distributor in der EU:<\/b><\/span> Drinkera SK, N\u00e1bre\u017en\u00e1 3467\/8, 038 61 Vr\u00fatky<\/p>","protected":false},"excerpt":{"rendered":"<p class=\"p1\">Hirams Tee-Konzentrate mit reduziertem Zuckergehalt und hochwertigem Teeaufguss sind gebrauchsfertig \u2013 einfach mit Wasser aufgie\u00dfen, hei\u00df oder kalt. F\u00fcr einen gro\u00dfartigen alkoholfreien Drink mit dem Mehrwert von Tee und Fr\u00fcchten \u2013 das ganze Jahr \u00fcber.<\/p>","protected":false},"featured_media":13899,"template":"","meta":{"_kad_post_transparent":"default","_kad_post_title":"","_kad_post_layout":"default","_kad_post_sidebar_id":"","_kad_post_content_style":"default","_kad_post_vertical_padding":"default","_kad_post_feature":"","_kad_post_feature_position":"","_kad_post_header":false,"_kad_post_footer":false,"_kad_post_classname":""},"product_brand":[],"product_cat":[22],"product_tag":[],"class_list":{"0":"post-13884","1":"product","2":"type-product","3":"status-publish","4":"has-post-thumbnail","6":"product_cat-sirupy-a-ovocne-pyre","8":"first","9":"instock","10":"taxable","11":"shipping-taxable","12":"purchasable","13":"product-type-variable","14":"entry","15":"content-bg","16":"loop-entry"},"yoast_head":"<!-- This site is optimized with the Yoast SEO plugin v27.6 - https:\/\/yoast.com\/product\/yoast-seo-wordpress\/ -->\n<title>Hirams \u010cajov\u00e9 Koncentr\u00e1ty - Drinkera SK<\/title>\n<meta name=\"description\" content=\"Hirams \u010dajov\u00e9 koncentr\u00e1ty sp\u00e1jaj\u00fa \u010dajov\u00fd v\u00fdluh, ovocie a bylinky. V\u00fdrazn\u00e1 chu\u0165, zn\u00ed\u017een\u00fd cukor, jednoduch\u00e1 pr\u00edprava. Pre gastro aj dom\u00e1cnosti.\" \/>\n<meta name=\"robots\" content=\"index, follow, max-snippet:-1, max-image-preview:large, max-video-preview:-1\" \/>\n<link rel=\"canonical\" href=\"https:\/\/drinkera.sk\/de\/product-2\/hirams-tee-limonaden\/\" \/>\n<meta property=\"og:locale\" content=\"de_DE\" \/>\n<meta property=\"og:type\" content=\"article\" \/>\n<meta property=\"og:title\" content=\"Hirams \u010cajov\u00e9 Koncentr\u00e1ty - Drinkera SK\" \/>\n<meta property=\"og:description\" content=\"Hirams \u010dajov\u00e9 koncentr\u00e1ty sp\u00e1jaj\u00fa \u010dajov\u00fd v\u00fdluh, ovocie a bylinky. V\u00fdrazn\u00e1 chu\u0165, zn\u00ed\u017een\u00fd cukor, jednoduch\u00e1 pr\u00edprava. Pre gastro aj dom\u00e1cnosti.\" \/>\n<meta property=\"og:url\" content=\"https:\/\/drinkera.sk\/de\/product-2\/hirams-tee-limonaden\/\" \/>\n<meta property=\"og:site_name\" content=\"Drinkera SK\" \/>\n<meta property=\"article:modified_time\" content=\"2026-05-13T12:35:58+00:00\" \/>\n<meta property=\"og:image\" content=\"https:\/\/drinkera.sk\/wp-content\/uploads\/2025\/09\/Hirams-Cajove-Limonady.png\" \/>\n\t<meta property=\"og:image:width\" content=\"800\" \/>\n\t<meta property=\"og:image:height\" content=\"800\" \/>\n\t<meta property=\"og:image:type\" content=\"image\/png\" \/>\n<meta name=\"twitter:card\" content=\"summary_large_image\" \/>\n<meta name=\"twitter:label1\" content=\"Gesch\u00e4tzte Lesezeit\" \/>\n\t<meta name=\"twitter:data1\" content=\"2\u00a0Minuten\" \/>\n<script type=\"application\/ld+json\" class=\"yoast-schema-graph\">{\"@context\":\"https:\\\/\\\/schema.org\",\"@graph\":[{\"@type\":\"WebPage\",\"@id\":\"https:\\\/\\\/drinkera.sk\\\/produkt\\\/hirams-cajove-limonady\\\/\",\"url\":\"https:\\\/\\\/drinkera.sk\\\/produkt\\\/hirams-cajove-limonady\\\/\",\"name\":\"Hirams \u010cajov\u00e9 Koncentr\u00e1ty - Drinkera SK\",\"isPartOf\":{\"@id\":\"https:\\\/\\\/drinkera.sk\\\/#website\"},\"primaryImageOfPage\":{\"@id\":\"https:\\\/\\\/drinkera.sk\\\/produkt\\\/hirams-cajove-limonady\\\/#primaryimage\"},\"image\":{\"@id\":\"https:\\\/\\\/drinkera.sk\\\/produkt\\\/hirams-cajove-limonady\\\/#primaryimage\"},\"thumbnailUrl\":\"https:\\\/\\\/drinkera.sk\\\/wp-content\\\/uploads\\\/2025\\\/09\\\/Hirams-Cajove-Limonady.png\",\"datePublished\":\"2025-09-16T15:31:44+00:00\",\"dateModified\":\"2026-05-13T12:35:58+00:00\",\"description\":\"Hirams \u010dajov\u00e9 koncentr\u00e1ty sp\u00e1jaj\u00fa \u010dajov\u00fd v\u00fdluh, ovocie a bylinky. V\u00fdrazn\u00e1 chu\u0165, zn\u00ed\u017een\u00fd cukor, jednoduch\u00e1 pr\u00edprava. Pre gastro aj dom\u00e1cnosti.\",\"breadcrumb\":{\"@id\":\"https:\\\/\\\/drinkera.sk\\\/produkt\\\/hirams-cajove-limonady\\\/#breadcrumb\"},\"inLanguage\":\"de\",\"potentialAction\":[{\"@type\":\"ReadAction\",\"target\":[\"https:\\\/\\\/drinkera.sk\\\/produkt\\\/hirams-cajove-limonady\\\/\"]}]},{\"@type\":\"ImageObject\",\"inLanguage\":\"de\",\"@id\":\"https:\\\/\\\/drinkera.sk\\\/produkt\\\/hirams-cajove-limonady\\\/#primaryimage\",\"url\":\"https:\\\/\\\/drinkera.sk\\\/wp-content\\\/uploads\\\/2025\\\/09\\\/Hirams-Cajove-Limonady.png\",\"contentUrl\":\"https:\\\/\\\/drinkera.sk\\\/wp-content\\\/uploads\\\/2025\\\/09\\\/Hirams-Cajove-Limonady.png\",\"width\":800,\"height\":800,\"caption\":\"\u010cajov\u00e9 limon\u00e1dy HIRAMS \u2013 osvie\u017euj\u00face kombin\u00e1cie \u010daju a ovocia | drinkera.sk\"},{\"@type\":\"BreadcrumbList\",\"@id\":\"https:\\\/\\\/drinkera.sk\\\/produkt\\\/hirams-cajove-limonady\\\/#breadcrumb\",\"itemListElement\":[{\"@type\":\"ListItem\",\"position\":1,\"name\":\"Domovsk\u00e1 str\u00e1nka\",\"item\":\"https:\\\/\\\/drinkera.sk\\\/\"},{\"@type\":\"ListItem\",\"position\":2,\"name\":\"E-shop\",\"item\":\"https:\\\/\\\/drinkera.sk\\\/obchod\\\/\"},{\"@type\":\"ListItem\",\"position\":3,\"name\":\"Hirams \u010cajov\u00e9 Koncentr\u00e1ty\"}]},{\"@type\":\"WebSite\",\"@id\":\"https:\\\/\\\/drinkera.sk\\\/#website\",\"url\":\"https:\\\/\\\/drinkera.sk\\\/\",\"name\":\"Drinkera SK\",\"description\":\"Miesto, kde bav\u00edme svet n\u00e1pojmi\",\"publisher\":{\"@id\":\"https:\\\/\\\/drinkera.sk\\\/#organization\"},\"potentialAction\":[{\"@type\":\"SearchAction\",\"target\":{\"@type\":\"EntryPoint\",\"urlTemplate\":\"https:\\\/\\\/drinkera.sk\\\/?s={search_term_string}\"},\"query-input\":{\"@type\":\"PropertyValueSpecification\",\"valueRequired\":true,\"valueName\":\"search_term_string\"}}],\"inLanguage\":\"de\"},{\"@type\":\"Organization\",\"@id\":\"https:\\\/\\\/drinkera.sk\\\/#organization\",\"name\":\"Drinkera SK\",\"url\":\"https:\\\/\\\/drinkera.sk\\\/\",\"logo\":{\"@type\":\"ImageObject\",\"inLanguage\":\"de\",\"@id\":\"https:\\\/\\\/drinkera.sk\\\/#\\\/schema\\\/logo\\\/image\\\/\",\"url\":\"https:\\\/\\\/drinkera.sk\\\/wp-content\\\/uploads\\\/2025\\\/05\\\/cropped-Drinkera-logo-scaled-1.png\",\"contentUrl\":\"https:\\\/\\\/drinkera.sk\\\/wp-content\\\/uploads\\\/2025\\\/05\\\/cropped-Drinkera-logo-scaled-1.png\",\"width\":2145,\"height\":571,\"caption\":\"Drinkera SK\"},\"image\":{\"@id\":\"https:\\\/\\\/drinkera.sk\\\/#\\\/schema\\\/logo\\\/image\\\/\"}}]}<\/script>\n<!-- \/ Yoast SEO plugin. -->","yoast_head_json":{"title":"Hirams Tee-Konzentrate \u2013 Drinkera SK","description":"Hirams Tee-Konzentrate vereinen Teeaufguss, Fr\u00fcchte und Kr\u00e4uter. Intensiver Geschmack, reduzierter Zuckergehalt und einfache Zubereitung. Geeignet f\u00fcr Gastronomie und Haushalt.","robots":{"index":"index","follow":"follow","max-snippet":"max-snippet:-1","max-image-preview":"max-image-preview:large","max-video-preview":"max-video-preview:-1"},"canonical":"https:\/\/drinkera.sk\/de\/product-2\/hirams-tee-limonaden\/","og_locale":"de_DE","og_type":"article","og_title":"Hirams \u010cajov\u00e9 Koncentr\u00e1ty - Drinkera SK","og_description":"Hirams \u010dajov\u00e9 koncentr\u00e1ty sp\u00e1jaj\u00fa \u010dajov\u00fd v\u00fdluh, ovocie a bylinky. V\u00fdrazn\u00e1 chu\u0165, zn\u00ed\u017een\u00fd cukor, jednoduch\u00e1 pr\u00edprava. Pre gastro aj dom\u00e1cnosti.","og_url":"https:\/\/drinkera.sk\/de\/product-2\/hirams-tee-limonaden\/","og_site_name":"Drinkera SK","article_modified_time":"2026-05-13T12:35:58+00:00","og_image":[{"width":800,"height":800,"url":"https:\/\/drinkera.sk\/wp-content\/uploads\/2025\/09\/Hirams-Cajove-Limonady.png","type":"image\/png"}],"twitter_card":"summary_large_image","twitter_misc":{"Gesch\u00e4tzte Lesezeit":"2\u00a0Minuten"},"schema":{"@context":"https:\/\/schema.org","@graph":[{"@type":"WebPage","@id":"https:\/\/drinkera.sk\/produkt\/hirams-cajove-limonady\/","url":"https:\/\/drinkera.sk\/produkt\/hirams-cajove-limonady\/","name":"Hirams Tee-Konzentrate \u2013 Drinkera SK","isPartOf":{"@id":"https:\/\/drinkera.sk\/#website"},"primaryImageOfPage":{"@id":"https:\/\/drinkera.sk\/produkt\/hirams-cajove-limonady\/#primaryimage"},"image":{"@id":"https:\/\/drinkera.sk\/produkt\/hirams-cajove-limonady\/#primaryimage"},"thumbnailUrl":"https:\/\/drinkera.sk\/wp-content\/uploads\/2025\/09\/Hirams-Cajove-Limonady.png","datePublished":"2025-09-16T15:31:44+00:00","dateModified":"2026-05-13T12:35:58+00:00","description":"Hirams Tee-Konzentrate vereinen Teeaufguss, Fr\u00fcchte und Kr\u00e4uter. Intensiver Geschmack, reduzierter Zuckergehalt und einfache Zubereitung. Geeignet f\u00fcr Gastronomie und Haushalt.","breadcrumb":{"@id":"https:\/\/drinkera.sk\/produkt\/hirams-cajove-limonady\/#breadcrumb"},"inLanguage":"de","potentialAction":[{"@type":"ReadAction","target":["https:\/\/drinkera.sk\/produkt\/hirams-cajove-limonady\/"]}]},{"@type":"ImageObject","inLanguage":"de","@id":"https:\/\/drinkera.sk\/produkt\/hirams-cajove-limonady\/#primaryimage","url":"https:\/\/drinkera.sk\/wp-content\/uploads\/2025\/09\/Hirams-Cajove-Limonady.png","contentUrl":"https:\/\/drinkera.sk\/wp-content\/uploads\/2025\/09\/Hirams-Cajove-Limonady.png","width":800,"height":800,"caption":"\u010cajov\u00e9 limon\u00e1dy HIRAMS \u2013 osvie\u017euj\u00face kombin\u00e1cie \u010daju a ovocia | drinkera.sk"},{"@type":"BreadcrumbList","@id":"https:\/\/drinkera.sk\/produkt\/hirams-cajove-limonady\/#breadcrumb","itemListElement":[{"@type":"ListItem","position":1,"name":"Domovsk\u00e1 str\u00e1nka","item":"https:\/\/drinkera.sk\/"},{"@type":"ListItem","position":2,"name":"E-shop","item":"https:\/\/drinkera.sk\/obchod\/"},{"@type":"ListItem","position":3,"name":"Hirams \u010cajov\u00e9 Koncentr\u00e1ty"}]},{"@type":"WebSite","@id":"https:\/\/drinkera.sk\/#website","url":"https:\/\/drinkera.sk\/","name":"Drinkera SK","description":"Ein Ort, an dem wir die Welt mit Getr\u00e4nken unterhalten.","publisher":{"@id":"https:\/\/drinkera.sk\/#organization"},"potentialAction":[{"@type":"SearchAction","target":{"@type":"EntryPoint","urlTemplate":"https:\/\/drinkera.sk\/?s={search_term_string}"},"query-input":{"@type":"PropertyValueSpecification","valueRequired":true,"valueName":"search_term_string"}}],"inLanguage":"de"},{"@type":"Organization","@id":"https:\/\/drinkera.sk\/#organization","name":"Drinkera SK","url":"https:\/\/drinkera.sk\/","logo":{"@type":"ImageObject","inLanguage":"de","@id":"https:\/\/drinkera.sk\/#\/schema\/logo\/image\/","url":"https:\/\/drinkera.sk\/wp-content\/uploads\/2025\/05\/cropped-Drinkera-logo-scaled-1.png","contentUrl":"https:\/\/drinkera.sk\/wp-content\/uploads\/2025\/05\/cropped-Drinkera-logo-scaled-1.png","width":2145,"height":571,"caption":"Drinkera SK"},"image":{"@id":"https:\/\/drinkera.sk\/#\/schema\/logo\/image\/"}}]}},"_links":{"self":[{"href":"https:\/\/drinkera.sk\/de\/wp-json\/wp\/v2\/product\/13884","targetHints":{"allow":["GET"]}}],"collection":[{"href":"https:\/\/drinkera.sk\/de\/wp-json\/wp\/v2\/product"}],"about":[{"href":"https:\/\/drinkera.sk\/de\/wp-json\/wp\/v2\/types\/product"}],"wp:featuredmedia":[{"embeddable":true,"href":"https:\/\/drinkera.sk\/de\/wp-json\/wp\/v2\/media\/13899"}],"wp:attachment":[{"href":"https:\/\/drinkera.sk\/de\/wp-json\/wp\/v2\/media?parent=13884"}],"wp:term":[{"taxonomy":"product_brand","embeddable":true,"href":"https:\/\/drinkera.sk\/de\/wp-json\/wp\/v2\/product_brand?post=13884"},{"taxonomy":"product_cat","embeddable":true,"href":"https:\/\/drinkera.sk\/de\/wp-json\/wp\/v2\/product_cat?post=13884"},{"taxonomy":"product_tag","embeddable":true,"href":"https:\/\/drinkera.sk\/de\/wp-json\/wp\/v2\/product_tag?post=13884"}],"curies":[{"name":"wp","href":"https:\/\/api.w.org\/{rel}","templated":true}]}}