{"id":14436,"date":"2026-02-13T10:06:44","date_gmt":"2026-02-13T09:06:44","guid":{"rendered":"https:\/\/drinkera.sk\/?post_type=product&#038;p=14436"},"modified":"2026-04-29T20:51:35","modified_gmt":"2026-04-29T18:51:35","slug":"hirams-kombucha","status":"publish","type":"product","link":"https:\/\/drinkera.sk\/de\/produkt\/hirams-kombucha\/","title":{"rendered":"Vigo Kombucha &#038; Shots"},"content":{"rendered":"<h3 class=\"p1\"><span class=\"s1\">\ud83e\udee7 Vigo<\/span><b> Kombucha &amp; Shots \u2013 lebendige Fermentation voller Energie<\/b><b><\/b><\/h3>\n<p class=\"p3\">Nat\u00fcrlich erfrischende fermentierte Getr\u00e4nke mit feiner Perlage und dem charakteristischen Geschmack langer Reifung. <span class=\"s2\"><b>Vigo Kombucha<\/b><\/span> vereint traditionelle Fermentation mit modernen Geschmacksrichtungen, w\u00e4hrend <span class=\"s2\"><b>Vigo Shots<\/b><\/span> bieten eine konzentrierte Dosis funktionaler Inhaltsstoffe in praktischer Form \u2013 die ideale Wahl f\u00fcr alle, die nat\u00fcrliche Erfrischung und einen schnellen Boost ohne Kompromisse suchen.<\/p>\n<h4 class=\"p1\"><span class=\"s1\">\ud83d\udca1 <\/span><b>Warum Sie sie lieben werden?<\/b><b><\/b><\/h4>\n<p class=\"p3\">\u2013 Organische Qualit\u00e4t<\/p>\n<p class=\"p3\">\u2013 Vhodn\u00e9 pre veg\u00e1nov<\/p>\n<p class=\"p3\">\u2013 Glutenfrei<\/p>\n<p class=\"p3\">\u2013 Ohne zugesetzten raffinierten Zucker sowie ohne k\u00fcnstliche Farbstoffe oder Konservierungsstoffe<\/p>\n<p class=\"p3\">\u2013 Fermentovan\u00e9 so superpotravinami<\/p>\n<p class=\"p3\">\u2013 Prirodzene obsahuj\u00fa probiotick\u00e9 kult\u00fary, antioxidanty a \u201edobr\u00e9\u201c kyseliny<\/p>\n<p class=\"p3\">\u2013 Keine K\u00fchlung erforderlich<\/p>\n<h4 class=\"p1\"><span class=\"s1\">\ud83c\udf3f <\/span><b>Verf\u00fcgbare Varianten:<\/b><b><\/b><\/h4>\n<p class=\"p1\"><b>Vigo Kombucha \u2013 LongBrew (330 ml)<\/b><b><\/b><\/p>\n<p class=\"p3\"><strong>Cucumber &amp; Coriander<\/strong> \u2013 Frische Gurke mit fein w\u00fcrzigem Koriander<\/p>\n<p class=\"p3\"><strong>Acerola &amp; Ginger<\/strong> \u2013 Vitaminreiche Acerola mit pikantem Ingwer<\/p>\n<p class=\"p3\"><strong>Peach &amp; Lemongrass<\/strong> \u2013 S\u00fc\u00dfer Pfirsich mit der zitrischen Frische von Zitronengras<\/p>\n<p class=\"p3\"><strong>Yerba Mat\u00e9<\/strong> \u2013 Belebende Kombination mit einer leicht erdigen Note<\/p>\n<p class=\"p3\"><strong>Mango &amp; Passionfruit<\/strong> \u2013 Tropische Explosion aus Mango und Maracuja<\/p>\n<p class=\"p3\"><strong>Rose<\/strong> \u2013 Tropische Explosion aus Mango und Maracuja<\/p>\n<p class=\"p3\"><strong>Raspberry &amp; Rosemary<\/strong> \u2013 Himbeerfrische mit aromatischem Rosmarin<\/p>\n<p class=\"p1\"><b>Vigo Shots (100 ml)<\/b><b><\/b><\/p>\n<p class=\"p3\"><strong>Energy<\/strong> \u2013 Belebende Kombination f\u00fcr einen aktiven Tag<\/p>\n<p class=\"p3\"><strong>Relax<\/strong> \u2013 Harmonische Wahl f\u00fcr ruhige Momente<\/p>\n<p class=\"p3\"><strong>Detox<\/strong> \u2013 Frischer Impuls f\u00fcr einen neuen Anfang<\/p>\n<p class=\"p1\"><b>Hirams Kombucha \u2013 FreshPresso (330 ml)<\/b><b><\/b><\/p>\n<p class=\"p3\"><strong>Orange<\/strong> \u2013 Intensive Orangensfrische in einer einzigartigen Komposition<\/p>\n<h3 class=\"p1\"><span style=\"font-family: Asap, sans-serif; font-size: 17px; font-weight: normal;\">\ud83d\udce6 <\/span><span class=\"s2\" style=\"font-family: Asap, sans-serif; font-size: 17px; font-weight: normal;\"><b>Inhalt:<\/b><\/span><span style=\"font-family: Asap, sans-serif; font-size: 17px; font-weight: normal;\"> je nach Variante:<\/span><\/h3>\n<p class=\"p3\">\ud83c\udf3f Organisches fermentiertes Getr\u00e4nk<\/p>\n<p class=\"p3\">\ud83c\uddea\ud83c\uddfa <strong>Hergestellt in der EU<\/strong><\/p>\n<p class=\"p3\">\ud83d\udccd <span class=\"s2\"><b>Distributor in der EU:<\/b><\/span> Drinkera SK, N\u00e1bre\u017en\u00e1 3467\/8, 038 61 Vr\u00fatky, Slovensko<\/p>","protected":false},"excerpt":{"rendered":"<p class=\"p1\">Organische Kombucha mit fein perlendem Geschmack und nat\u00fcrlichen probiotischen Kulturen. Glutenfrei, ohne k\u00fcnstliche Zusatzstoffe und ohne K\u00fchlung lagerf\u00e4hig \u2013 erh\u00e4ltlich in den Varianten LongBrew, Shots und FreshPresso.<\/p>","protected":false},"featured_media":14785,"template":"","meta":{"_kad_post_transparent":"default","_kad_post_title":"","_kad_post_layout":"default","_kad_post_sidebar_id":"","_kad_post_content_style":"default","_kad_post_vertical_padding":"default","_kad_post_feature":"","_kad_post_feature_position":"","_kad_post_header":false,"_kad_post_footer":false,"_kad_post_classname":""},"product_brand":[],"product_cat":[22],"product_tag":[],"class_list":{"0":"post-14436","1":"product","2":"type-product","3":"status-publish","4":"has-post-thumbnail","6":"product_cat-sirupy-a-ovocne-pyre","8":"first","9":"instock","10":"taxable","11":"shipping-taxable","12":"purchasable","13":"product-type-variable","14":"entry","15":"content-bg","16":"loop-entry"},"yoast_head":"<!-- This site is optimized with the Yoast SEO plugin v27.6 - https:\/\/yoast.com\/product\/yoast-seo-wordpress\/ -->\n<title>Vigo Kombucha &amp; Shots - Drinkera SK<\/title>\n<meta name=\"description\" content=\"Hirams Kombucha \u2013 organick\u00fd fermentovan\u00fd n\u00e1poj bez lepku a umel\u00fdch pr\u00edsad. Probiotick\u00e9 kult\u00fary, modern\u00e9 pr\u00edchute LongBrew, Shots a FreshPresso.\" \/>\n<meta name=\"robots\" content=\"index, follow, max-snippet:-1, max-image-preview:large, max-video-preview:-1\" \/>\n<link rel=\"canonical\" href=\"https:\/\/drinkera.sk\/de\/product-2\/hirams-kombucha\/\" \/>\n<meta property=\"og:locale\" content=\"de_DE\" \/>\n<meta property=\"og:type\" content=\"article\" \/>\n<meta property=\"og:title\" content=\"Vigo Kombucha &amp; Shots - Drinkera SK\" \/>\n<meta property=\"og:description\" content=\"Hirams Kombucha \u2013 organick\u00fd fermentovan\u00fd n\u00e1poj bez lepku a umel\u00fdch pr\u00edsad. Probiotick\u00e9 kult\u00fary, modern\u00e9 pr\u00edchute LongBrew, Shots a FreshPresso.\" \/>\n<meta property=\"og:url\" content=\"https:\/\/drinkera.sk\/de\/product-2\/hirams-kombucha\/\" \/>\n<meta property=\"og:site_name\" content=\"Drinkera SK\" \/>\n<meta property=\"article:modified_time\" content=\"2026-04-29T18:51:35+00:00\" \/>\n<meta property=\"og:image\" content=\"https:\/\/drinkera.sk\/wp-content\/uploads\/2026\/02\/Vigo-Kombucha-Shots.png\" \/>\n\t<meta property=\"og:image:width\" content=\"800\" \/>\n\t<meta property=\"og:image:height\" content=\"800\" \/>\n\t<meta property=\"og:image:type\" content=\"image\/png\" \/>\n<meta name=\"twitter:card\" content=\"summary_large_image\" \/>\n<meta name=\"twitter:label1\" content=\"Gesch\u00e4tzte Lesezeit\" \/>\n\t<meta name=\"twitter:data1\" content=\"2\u00a0Minuten\" \/>\n<script type=\"application\/ld+json\" class=\"yoast-schema-graph\">{\"@context\":\"https:\\\/\\\/schema.org\",\"@graph\":[{\"@type\":\"WebPage\",\"@id\":\"https:\\\/\\\/drinkera.sk\\\/produkt\\\/hirams-kombucha\\\/\",\"url\":\"https:\\\/\\\/drinkera.sk\\\/produkt\\\/hirams-kombucha\\\/\",\"name\":\"Vigo Kombucha & Shots - Drinkera SK\",\"isPartOf\":{\"@id\":\"https:\\\/\\\/drinkera.sk\\\/#website\"},\"primaryImageOfPage\":{\"@id\":\"https:\\\/\\\/drinkera.sk\\\/produkt\\\/hirams-kombucha\\\/#primaryimage\"},\"image\":{\"@id\":\"https:\\\/\\\/drinkera.sk\\\/produkt\\\/hirams-kombucha\\\/#primaryimage\"},\"thumbnailUrl\":\"https:\\\/\\\/drinkera.sk\\\/wp-content\\\/uploads\\\/2026\\\/02\\\/Vigo-Kombucha-Shots.png\",\"datePublished\":\"2026-02-13T09:06:44+00:00\",\"dateModified\":\"2026-04-29T18:51:35+00:00\",\"description\":\"Hirams Kombucha \u2013 organick\u00fd fermentovan\u00fd n\u00e1poj bez lepku a umel\u00fdch pr\u00edsad. Probiotick\u00e9 kult\u00fary, modern\u00e9 pr\u00edchute LongBrew, Shots a FreshPresso.\",\"breadcrumb\":{\"@id\":\"https:\\\/\\\/drinkera.sk\\\/produkt\\\/hirams-kombucha\\\/#breadcrumb\"},\"inLanguage\":\"de\",\"potentialAction\":[{\"@type\":\"ReadAction\",\"target\":[\"https:\\\/\\\/drinkera.sk\\\/produkt\\\/hirams-kombucha\\\/\"]}]},{\"@type\":\"ImageObject\",\"inLanguage\":\"de\",\"@id\":\"https:\\\/\\\/drinkera.sk\\\/produkt\\\/hirams-kombucha\\\/#primaryimage\",\"url\":\"https:\\\/\\\/drinkera.sk\\\/wp-content\\\/uploads\\\/2026\\\/02\\\/Vigo-Kombucha-Shots.png\",\"contentUrl\":\"https:\\\/\\\/drinkera.sk\\\/wp-content\\\/uploads\\\/2026\\\/02\\\/Vigo-Kombucha-Shots.png\",\"width\":800,\"height\":800,\"caption\":\"Vigo Kombucha & Shots | drinkera.sk\"},{\"@type\":\"BreadcrumbList\",\"@id\":\"https:\\\/\\\/drinkera.sk\\\/produkt\\\/hirams-kombucha\\\/#breadcrumb\",\"itemListElement\":[{\"@type\":\"ListItem\",\"position\":1,\"name\":\"Domovsk\u00e1 str\u00e1nka\",\"item\":\"https:\\\/\\\/drinkera.sk\\\/\"},{\"@type\":\"ListItem\",\"position\":2,\"name\":\"E-shop\",\"item\":\"https:\\\/\\\/drinkera.sk\\\/obchod\\\/\"},{\"@type\":\"ListItem\",\"position\":3,\"name\":\"Vigo Kombucha &#038; Shots\"}]},{\"@type\":\"WebSite\",\"@id\":\"https:\\\/\\\/drinkera.sk\\\/#website\",\"url\":\"https:\\\/\\\/drinkera.sk\\\/\",\"name\":\"Drinkera SK\",\"description\":\"Miesto, kde bav\u00edme svet n\u00e1pojmi\",\"publisher\":{\"@id\":\"https:\\\/\\\/drinkera.sk\\\/#organization\"},\"potentialAction\":[{\"@type\":\"SearchAction\",\"target\":{\"@type\":\"EntryPoint\",\"urlTemplate\":\"https:\\\/\\\/drinkera.sk\\\/?s={search_term_string}\"},\"query-input\":{\"@type\":\"PropertyValueSpecification\",\"valueRequired\":true,\"valueName\":\"search_term_string\"}}],\"inLanguage\":\"de\"},{\"@type\":\"Organization\",\"@id\":\"https:\\\/\\\/drinkera.sk\\\/#organization\",\"name\":\"Drinkera SK\",\"url\":\"https:\\\/\\\/drinkera.sk\\\/\",\"logo\":{\"@type\":\"ImageObject\",\"inLanguage\":\"de\",\"@id\":\"https:\\\/\\\/drinkera.sk\\\/#\\\/schema\\\/logo\\\/image\\\/\",\"url\":\"https:\\\/\\\/drinkera.sk\\\/wp-content\\\/uploads\\\/2025\\\/05\\\/cropped-Drinkera-logo-scaled-1.png\",\"contentUrl\":\"https:\\\/\\\/drinkera.sk\\\/wp-content\\\/uploads\\\/2025\\\/05\\\/cropped-Drinkera-logo-scaled-1.png\",\"width\":2145,\"height\":571,\"caption\":\"Drinkera SK\"},\"image\":{\"@id\":\"https:\\\/\\\/drinkera.sk\\\/#\\\/schema\\\/logo\\\/image\\\/\"}}]}<\/script>\n<!-- \/ Yoast SEO plugin. -->","yoast_head_json":{"title":"Vigo Kombucha & Shots - Drinkera SK","description":"Hirams Kombucha \u2013 organisches fermentiertes Getr\u00e4nk ohne Gluten und k\u00fcnstliche Zusatzstoffe. Probiotische Kulturen, moderne Geschmacksrichtungen LongBrew, Shots und FreshPresso.","robots":{"index":"index","follow":"follow","max-snippet":"max-snippet:-1","max-image-preview":"max-image-preview:large","max-video-preview":"max-video-preview:-1"},"canonical":"https:\/\/drinkera.sk\/de\/product-2\/hirams-kombucha\/","og_locale":"de_DE","og_type":"article","og_title":"Vigo Kombucha & Shots - Drinkera SK","og_description":"Hirams Kombucha \u2013 organick\u00fd fermentovan\u00fd n\u00e1poj bez lepku a umel\u00fdch pr\u00edsad. Probiotick\u00e9 kult\u00fary, modern\u00e9 pr\u00edchute LongBrew, Shots a FreshPresso.","og_url":"https:\/\/drinkera.sk\/de\/product-2\/hirams-kombucha\/","og_site_name":"Drinkera SK","article_modified_time":"2026-04-29T18:51:35+00:00","og_image":[{"width":800,"height":800,"url":"https:\/\/drinkera.sk\/wp-content\/uploads\/2026\/02\/Vigo-Kombucha-Shots.png","type":"image\/png"}],"twitter_card":"summary_large_image","twitter_misc":{"Gesch\u00e4tzte Lesezeit":"2\u00a0Minuten"},"schema":{"@context":"https:\/\/schema.org","@graph":[{"@type":"WebPage","@id":"https:\/\/drinkera.sk\/produkt\/hirams-kombucha\/","url":"https:\/\/drinkera.sk\/produkt\/hirams-kombucha\/","name":"Vigo Kombucha & Shots - Drinkera SK","isPartOf":{"@id":"https:\/\/drinkera.sk\/#website"},"primaryImageOfPage":{"@id":"https:\/\/drinkera.sk\/produkt\/hirams-kombucha\/#primaryimage"},"image":{"@id":"https:\/\/drinkera.sk\/produkt\/hirams-kombucha\/#primaryimage"},"thumbnailUrl":"https:\/\/drinkera.sk\/wp-content\/uploads\/2026\/02\/Vigo-Kombucha-Shots.png","datePublished":"2026-02-13T09:06:44+00:00","dateModified":"2026-04-29T18:51:35+00:00","description":"Hirams Kombucha \u2013 organisches fermentiertes Getr\u00e4nk ohne Gluten und k\u00fcnstliche Zusatzstoffe. Probiotische Kulturen, moderne Geschmacksrichtungen LongBrew, Shots und FreshPresso.","breadcrumb":{"@id":"https:\/\/drinkera.sk\/produkt\/hirams-kombucha\/#breadcrumb"},"inLanguage":"de","potentialAction":[{"@type":"ReadAction","target":["https:\/\/drinkera.sk\/produkt\/hirams-kombucha\/"]}]},{"@type":"ImageObject","inLanguage":"de","@id":"https:\/\/drinkera.sk\/produkt\/hirams-kombucha\/#primaryimage","url":"https:\/\/drinkera.sk\/wp-content\/uploads\/2026\/02\/Vigo-Kombucha-Shots.png","contentUrl":"https:\/\/drinkera.sk\/wp-content\/uploads\/2026\/02\/Vigo-Kombucha-Shots.png","width":800,"height":800,"caption":"Vigo Kombucha & Shots | drinkera.sk"},{"@type":"BreadcrumbList","@id":"https:\/\/drinkera.sk\/produkt\/hirams-kombucha\/#breadcrumb","itemListElement":[{"@type":"ListItem","position":1,"name":"Domovsk\u00e1 str\u00e1nka","item":"https:\/\/drinkera.sk\/"},{"@type":"ListItem","position":2,"name":"E-shop","item":"https:\/\/drinkera.sk\/obchod\/"},{"@type":"ListItem","position":3,"name":"Vigo Kombucha &#038; Shots"}]},{"@type":"WebSite","@id":"https:\/\/drinkera.sk\/#website","url":"https:\/\/drinkera.sk\/","name":"Drinkera SK","description":"Ein Ort, an dem wir die Welt mit Getr\u00e4nken unterhalten.","publisher":{"@id":"https:\/\/drinkera.sk\/#organization"},"potentialAction":[{"@type":"SearchAction","target":{"@type":"EntryPoint","urlTemplate":"https:\/\/drinkera.sk\/?s={search_term_string}"},"query-input":{"@type":"PropertyValueSpecification","valueRequired":true,"valueName":"search_term_string"}}],"inLanguage":"de"},{"@type":"Organization","@id":"https:\/\/drinkera.sk\/#organization","name":"Drinkera SK","url":"https:\/\/drinkera.sk\/","logo":{"@type":"ImageObject","inLanguage":"de","@id":"https:\/\/drinkera.sk\/#\/schema\/logo\/image\/","url":"https:\/\/drinkera.sk\/wp-content\/uploads\/2025\/05\/cropped-Drinkera-logo-scaled-1.png","contentUrl":"https:\/\/drinkera.sk\/wp-content\/uploads\/2025\/05\/cropped-Drinkera-logo-scaled-1.png","width":2145,"height":571,"caption":"Drinkera SK"},"image":{"@id":"https:\/\/drinkera.sk\/#\/schema\/logo\/image\/"}}]}},"_links":{"self":[{"href":"https:\/\/drinkera.sk\/de\/wp-json\/wp\/v2\/product\/14436","targetHints":{"allow":["GET"]}}],"collection":[{"href":"https:\/\/drinkera.sk\/de\/wp-json\/wp\/v2\/product"}],"about":[{"href":"https:\/\/drinkera.sk\/de\/wp-json\/wp\/v2\/types\/product"}],"wp:featuredmedia":[{"embeddable":true,"href":"https:\/\/drinkera.sk\/de\/wp-json\/wp\/v2\/media\/14785"}],"wp:attachment":[{"href":"https:\/\/drinkera.sk\/de\/wp-json\/wp\/v2\/media?parent=14436"}],"wp:term":[{"taxonomy":"product_brand","embeddable":true,"href":"https:\/\/drinkera.sk\/de\/wp-json\/wp\/v2\/product_brand?post=14436"},{"taxonomy":"product_cat","embeddable":true,"href":"https:\/\/drinkera.sk\/de\/wp-json\/wp\/v2\/product_cat?post=14436"},{"taxonomy":"product_tag","embeddable":true,"href":"https:\/\/drinkera.sk\/de\/wp-json\/wp\/v2\/product_tag?post=14436"}],"curies":[{"name":"wp","href":"https:\/\/api.w.org\/{rel}","templated":true}]}}