{"id":14578,"date":"2026-03-16T11:48:59","date_gmt":"2026-03-16T10:48:59","guid":{"rendered":"https:\/\/drinkera.sk\/?post_type=product&#038;p=14578"},"modified":"2026-05-13T11:31:46","modified_gmt":"2026-05-13T09:31:46","slug":"100-bio-kokosova-voda","status":"publish","type":"product","link":"https:\/\/drinkera.sk\/de\/produkt\/100-bio-kokosova-voda\/","title":{"rendered":"100 % BIO Kokoswasser"},"content":{"rendered":"<h4 class=\"p1\"><span class=\"s1\">\ud83e\udd65 <\/span><b>Kokoswasser \u2013 nat\u00fcrliche Erfrischung und Hydration<\/b><b><\/b><\/h4>\n<p class=\"p3\">Entdecken Sie den reinen Geschmack tropischer Kokosnuss in einem nat\u00fcrlich erfrischenden Getr\u00e4nk. <span class=\"s2\"><b>HealthyCo Bio Kokoswasser<\/b><\/span> bietet eine feine S\u00fc\u00dfe und nat\u00fcrliche Hydration ohne unn\u00f6tige Zusatzstoffe. Sie ist nicht nur ideal zur direkten Erfrischung, sondern auch als leichte Basis f\u00fcr Smoothies, Fresh Drinks oder tropische Getr\u00e4nke in Bar- und Gastronomiebetrieben.<\/p>\n<h4 class=\"p1\"><span class=\"s1\">\ud83d\udca1 <\/span><b>Wodurch zeichnet sich BIO-Kokoswasser aus?<\/b><b><\/b><\/h4>\n<p class=\"p3\">\u2013 <span class=\"s2\"><b>100 % nat\u00fcrliche Zusammensetzung:<\/b><\/span> reines Kokoswasser ohne unn\u00f6tige Zusatzstoffe<\/p>\n<p class=\"p3\">\u2013 <span class=\"s2\"><b>Nat\u00fcrliche Hydration:<\/b><\/span> erfrischendes Getr\u00e4nk, geeignet f\u00fcr den ganzen Tag sowie nach k\u00f6rperlicher Aktivit\u00e4t<\/p>\n<p class=\"p3\">\u2013 <span class=\"s2\"><b>Feiner tropischer Geschmack:<\/b><\/span> nat\u00fcrlich s\u00fc\u00df und leicht zu trinken<\/p>\n<p class=\"p3\">\u2013 <span class=\"s2\"><b>Einsatz in der Gastronomie:<\/b><\/span> geeignet f\u00fcr Smoothies, Fresh Drinks und Mixgetr\u00e4nke<\/p>\n<p class=\"p3\">\u2013 <span class=\"s2\"><b>BIO-Qualit\u00e4t:<\/b><\/span> Produkt aus \u00f6kologischem Landbau<\/p>\n<p>&nbsp;<\/p>\n<p class=\"p1\"><span class=\"s1\">\ud83d\udce6 <\/span><b>Verpackung:<\/b><span class=\"s1\"> 1 l<\/span><\/p>\n<p class=\"p1\"><span class=\"s1\">\ud83c\uddea\ud83c\uddfa <\/span><b>Hergestellt in der EU<\/b><b><\/b><\/p>\n<p class=\"p3\">\ud83d\udccd <span class=\"s2\"><b>Distributor in der EU:<\/b><\/span> Drinkera SK, N\u00e1bre\u017en\u00e1 3467\/8, 038 61 Vr\u00fatky<\/p>","protected":false},"excerpt":{"rendered":"<p class=\"p1\">HealthyCo BIO Kokoswasser ist ein nat\u00fcrlich erfrischendes Getr\u00e4nk aus 100 % Kokoswasser ohne unn\u00f6tige Zusatzstoffe. Ideal zur Hydration sowie als leichte Basis f\u00fcr Smoothies, Fresh Drinks und tropische Getr\u00e4nke.<\/p>","protected":false},"featured_media":14582,"template":"","meta":{"_kad_post_transparent":"default","_kad_post_title":"","_kad_post_layout":"default","_kad_post_sidebar_id":"","_kad_post_content_style":"default","_kad_post_vertical_padding":"default","_kad_post_feature":"","_kad_post_feature_position":"","_kad_post_header":false,"_kad_post_footer":false,"_kad_post_classname":""},"product_brand":[],"product_cat":[23],"product_tag":[],"class_list":{"0":"post-14578","1":"product","2":"type-product","3":"status-publish","4":"has-post-thumbnail","6":"product_cat-hirams-matcha-superfoods","8":"first","9":"instock","10":"taxable","11":"shipping-taxable","12":"purchasable","13":"product-type-variable","14":"entry","15":"content-bg","16":"loop-entry"},"yoast_head":"<!-- This site is optimized with the Yoast SEO plugin v27.6 - https:\/\/yoast.com\/product\/yoast-seo-wordpress\/ -->\n<title>100 % BIO Kokosov\u00e1 voda - Drinkera SK<\/title>\n<meta name=\"description\" content=\"100 % BIO kokosov\u00e1 voda \u2013 prirodzen\u00e1 hydrat\u00e1cia s jemnou tropickou chu\u0165ou. Skvel\u00e1 do smoothies, fresh drinkov aj na osvie\u017eenie.\" \/>\n<meta name=\"robots\" content=\"index, follow, max-snippet:-1, max-image-preview:large, max-video-preview:-1\" \/>\n<link rel=\"canonical\" href=\"https:\/\/drinkera.sk\/de\/product-2\/100-bio-kokosova-voda\/\" \/>\n<meta property=\"og:locale\" content=\"de_DE\" \/>\n<meta property=\"og:type\" content=\"article\" \/>\n<meta property=\"og:title\" content=\"100 % BIO Kokosov\u00e1 voda - Drinkera SK\" \/>\n<meta property=\"og:description\" content=\"100 % BIO kokosov\u00e1 voda \u2013 prirodzen\u00e1 hydrat\u00e1cia s jemnou tropickou chu\u0165ou. Skvel\u00e1 do smoothies, fresh drinkov aj na osvie\u017eenie.\" \/>\n<meta property=\"og:url\" content=\"https:\/\/drinkera.sk\/de\/product-2\/100-bio-kokosova-voda\/\" \/>\n<meta property=\"og:site_name\" content=\"Drinkera SK\" \/>\n<meta property=\"article:modified_time\" content=\"2026-05-13T09:31:46+00:00\" \/>\n<meta property=\"og:image\" content=\"https:\/\/drinkera.sk\/wp-content\/uploads\/2026\/03\/100-BIO-Kokosova-voda.png\" \/>\n\t<meta property=\"og:image:width\" content=\"800\" \/>\n\t<meta property=\"og:image:height\" content=\"800\" \/>\n\t<meta property=\"og:image:type\" content=\"image\/png\" \/>\n<meta name=\"twitter:card\" content=\"summary_large_image\" \/>\n<meta name=\"twitter:label1\" content=\"Gesch\u00e4tzte Lesezeit\" \/>\n\t<meta name=\"twitter:data1\" content=\"1\u00a0Minute\" \/>\n<script type=\"application\/ld+json\" class=\"yoast-schema-graph\">{\"@context\":\"https:\\\/\\\/schema.org\",\"@graph\":[{\"@type\":\"WebPage\",\"@id\":\"https:\\\/\\\/drinkera.sk\\\/produkt\\\/100-bio-kokosova-voda\\\/\",\"url\":\"https:\\\/\\\/drinkera.sk\\\/produkt\\\/100-bio-kokosova-voda\\\/\",\"name\":\"100 % BIO Kokosov\u00e1 voda - Drinkera SK\",\"isPartOf\":{\"@id\":\"https:\\\/\\\/drinkera.sk\\\/#website\"},\"primaryImageOfPage\":{\"@id\":\"https:\\\/\\\/drinkera.sk\\\/produkt\\\/100-bio-kokosova-voda\\\/#primaryimage\"},\"image\":{\"@id\":\"https:\\\/\\\/drinkera.sk\\\/produkt\\\/100-bio-kokosova-voda\\\/#primaryimage\"},\"thumbnailUrl\":\"https:\\\/\\\/drinkera.sk\\\/wp-content\\\/uploads\\\/2026\\\/03\\\/100-BIO-Kokosova-voda.png\",\"datePublished\":\"2026-03-16T10:48:59+00:00\",\"dateModified\":\"2026-05-13T09:31:46+00:00\",\"description\":\"100 % BIO kokosov\u00e1 voda \u2013 prirodzen\u00e1 hydrat\u00e1cia s jemnou tropickou chu\u0165ou. Skvel\u00e1 do smoothies, fresh drinkov aj na osvie\u017eenie.\",\"breadcrumb\":{\"@id\":\"https:\\\/\\\/drinkera.sk\\\/produkt\\\/100-bio-kokosova-voda\\\/#breadcrumb\"},\"inLanguage\":\"de\",\"potentialAction\":[{\"@type\":\"ReadAction\",\"target\":[\"https:\\\/\\\/drinkera.sk\\\/produkt\\\/100-bio-kokosova-voda\\\/\"]}]},{\"@type\":\"ImageObject\",\"inLanguage\":\"de\",\"@id\":\"https:\\\/\\\/drinkera.sk\\\/produkt\\\/100-bio-kokosova-voda\\\/#primaryimage\",\"url\":\"https:\\\/\\\/drinkera.sk\\\/wp-content\\\/uploads\\\/2026\\\/03\\\/100-BIO-Kokosova-voda.png\",\"contentUrl\":\"https:\\\/\\\/drinkera.sk\\\/wp-content\\\/uploads\\\/2026\\\/03\\\/100-BIO-Kokosova-voda.png\",\"width\":800,\"height\":800,\"caption\":\"100 % BIO Kokosov\u00e1 voda 1 l | drinkera.sk\"},{\"@type\":\"BreadcrumbList\",\"@id\":\"https:\\\/\\\/drinkera.sk\\\/produkt\\\/100-bio-kokosova-voda\\\/#breadcrumb\",\"itemListElement\":[{\"@type\":\"ListItem\",\"position\":1,\"name\":\"Domovsk\u00e1 str\u00e1nka\",\"item\":\"https:\\\/\\\/drinkera.sk\\\/\"},{\"@type\":\"ListItem\",\"position\":2,\"name\":\"E-shop\",\"item\":\"https:\\\/\\\/drinkera.sk\\\/obchod\\\/\"},{\"@type\":\"ListItem\",\"position\":3,\"name\":\"100 % BIO Kokosov\u00e1 voda\"}]},{\"@type\":\"WebSite\",\"@id\":\"https:\\\/\\\/drinkera.sk\\\/#website\",\"url\":\"https:\\\/\\\/drinkera.sk\\\/\",\"name\":\"Drinkera SK\",\"description\":\"Miesto, kde bav\u00edme svet n\u00e1pojmi\",\"publisher\":{\"@id\":\"https:\\\/\\\/drinkera.sk\\\/#organization\"},\"potentialAction\":[{\"@type\":\"SearchAction\",\"target\":{\"@type\":\"EntryPoint\",\"urlTemplate\":\"https:\\\/\\\/drinkera.sk\\\/?s={search_term_string}\"},\"query-input\":{\"@type\":\"PropertyValueSpecification\",\"valueRequired\":true,\"valueName\":\"search_term_string\"}}],\"inLanguage\":\"de\"},{\"@type\":\"Organization\",\"@id\":\"https:\\\/\\\/drinkera.sk\\\/#organization\",\"name\":\"Drinkera SK\",\"url\":\"https:\\\/\\\/drinkera.sk\\\/\",\"logo\":{\"@type\":\"ImageObject\",\"inLanguage\":\"de\",\"@id\":\"https:\\\/\\\/drinkera.sk\\\/#\\\/schema\\\/logo\\\/image\\\/\",\"url\":\"https:\\\/\\\/drinkera.sk\\\/wp-content\\\/uploads\\\/2025\\\/05\\\/cropped-Drinkera-logo-scaled-1.png\",\"contentUrl\":\"https:\\\/\\\/drinkera.sk\\\/wp-content\\\/uploads\\\/2025\\\/05\\\/cropped-Drinkera-logo-scaled-1.png\",\"width\":2145,\"height\":571,\"caption\":\"Drinkera SK\"},\"image\":{\"@id\":\"https:\\\/\\\/drinkera.sk\\\/#\\\/schema\\\/logo\\\/image\\\/\"}}]}<\/script>\n<!-- \/ Yoast SEO plugin. -->","yoast_head_json":{"title":"100 % BIO Kokoswasser - Drinkera SK","description":"100 % BIO Kokoswasser \u2013 nat\u00fcrliche Hydration mit feinem tropischem Geschmack. Perfekt f\u00fcr Smoothies, Fresh Drinks oder zur Erfrischung.","robots":{"index":"index","follow":"follow","max-snippet":"max-snippet:-1","max-image-preview":"max-image-preview:large","max-video-preview":"max-video-preview:-1"},"canonical":"https:\/\/drinkera.sk\/de\/product-2\/100-bio-kokosova-voda\/","og_locale":"de_DE","og_type":"article","og_title":"100 % BIO Kokosov\u00e1 voda - Drinkera SK","og_description":"100 % BIO kokosov\u00e1 voda \u2013 prirodzen\u00e1 hydrat\u00e1cia s jemnou tropickou chu\u0165ou. Skvel\u00e1 do smoothies, fresh drinkov aj na osvie\u017eenie.","og_url":"https:\/\/drinkera.sk\/de\/product-2\/100-bio-kokosova-voda\/","og_site_name":"Drinkera SK","article_modified_time":"2026-05-13T09:31:46+00:00","og_image":[{"width":800,"height":800,"url":"https:\/\/drinkera.sk\/wp-content\/uploads\/2026\/03\/100-BIO-Kokosova-voda.png","type":"image\/png"}],"twitter_card":"summary_large_image","twitter_misc":{"Gesch\u00e4tzte Lesezeit":"1\u00a0Minute"},"schema":{"@context":"https:\/\/schema.org","@graph":[{"@type":"WebPage","@id":"https:\/\/drinkera.sk\/produkt\/100-bio-kokosova-voda\/","url":"https:\/\/drinkera.sk\/produkt\/100-bio-kokosova-voda\/","name":"100 % BIO Kokoswasser - Drinkera SK","isPartOf":{"@id":"https:\/\/drinkera.sk\/#website"},"primaryImageOfPage":{"@id":"https:\/\/drinkera.sk\/produkt\/100-bio-kokosova-voda\/#primaryimage"},"image":{"@id":"https:\/\/drinkera.sk\/produkt\/100-bio-kokosova-voda\/#primaryimage"},"thumbnailUrl":"https:\/\/drinkera.sk\/wp-content\/uploads\/2026\/03\/100-BIO-Kokosova-voda.png","datePublished":"2026-03-16T10:48:59+00:00","dateModified":"2026-05-13T09:31:46+00:00","description":"100 % BIO Kokoswasser \u2013 nat\u00fcrliche Hydration mit feinem tropischem Geschmack. Perfekt f\u00fcr Smoothies, Fresh Drinks oder zur Erfrischung.","breadcrumb":{"@id":"https:\/\/drinkera.sk\/produkt\/100-bio-kokosova-voda\/#breadcrumb"},"inLanguage":"de","potentialAction":[{"@type":"ReadAction","target":["https:\/\/drinkera.sk\/produkt\/100-bio-kokosova-voda\/"]}]},{"@type":"ImageObject","inLanguage":"de","@id":"https:\/\/drinkera.sk\/produkt\/100-bio-kokosova-voda\/#primaryimage","url":"https:\/\/drinkera.sk\/wp-content\/uploads\/2026\/03\/100-BIO-Kokosova-voda.png","contentUrl":"https:\/\/drinkera.sk\/wp-content\/uploads\/2026\/03\/100-BIO-Kokosova-voda.png","width":800,"height":800,"caption":"100 % BIO Kokosov\u00e1 voda 1 l | drinkera.sk"},{"@type":"BreadcrumbList","@id":"https:\/\/drinkera.sk\/produkt\/100-bio-kokosova-voda\/#breadcrumb","itemListElement":[{"@type":"ListItem","position":1,"name":"Domovsk\u00e1 str\u00e1nka","item":"https:\/\/drinkera.sk\/"},{"@type":"ListItem","position":2,"name":"E-shop","item":"https:\/\/drinkera.sk\/obchod\/"},{"@type":"ListItem","position":3,"name":"100 % BIO Kokosov\u00e1 voda"}]},{"@type":"WebSite","@id":"https:\/\/drinkera.sk\/#website","url":"https:\/\/drinkera.sk\/","name":"Drinkera SK","description":"Ein Ort, an dem wir die Welt mit Getr\u00e4nken unterhalten.","publisher":{"@id":"https:\/\/drinkera.sk\/#organization"},"potentialAction":[{"@type":"SearchAction","target":{"@type":"EntryPoint","urlTemplate":"https:\/\/drinkera.sk\/?s={search_term_string}"},"query-input":{"@type":"PropertyValueSpecification","valueRequired":true,"valueName":"search_term_string"}}],"inLanguage":"de"},{"@type":"Organization","@id":"https:\/\/drinkera.sk\/#organization","name":"Drinkera SK","url":"https:\/\/drinkera.sk\/","logo":{"@type":"ImageObject","inLanguage":"de","@id":"https:\/\/drinkera.sk\/#\/schema\/logo\/image\/","url":"https:\/\/drinkera.sk\/wp-content\/uploads\/2025\/05\/cropped-Drinkera-logo-scaled-1.png","contentUrl":"https:\/\/drinkera.sk\/wp-content\/uploads\/2025\/05\/cropped-Drinkera-logo-scaled-1.png","width":2145,"height":571,"caption":"Drinkera SK"},"image":{"@id":"https:\/\/drinkera.sk\/#\/schema\/logo\/image\/"}}]}},"_links":{"self":[{"href":"https:\/\/drinkera.sk\/de\/wp-json\/wp\/v2\/product\/14578","targetHints":{"allow":["GET"]}}],"collection":[{"href":"https:\/\/drinkera.sk\/de\/wp-json\/wp\/v2\/product"}],"about":[{"href":"https:\/\/drinkera.sk\/de\/wp-json\/wp\/v2\/types\/product"}],"wp:featuredmedia":[{"embeddable":true,"href":"https:\/\/drinkera.sk\/de\/wp-json\/wp\/v2\/media\/14582"}],"wp:attachment":[{"href":"https:\/\/drinkera.sk\/de\/wp-json\/wp\/v2\/media?parent=14578"}],"wp:term":[{"taxonomy":"product_brand","embeddable":true,"href":"https:\/\/drinkera.sk\/de\/wp-json\/wp\/v2\/product_brand?post=14578"},{"taxonomy":"product_cat","embeddable":true,"href":"https:\/\/drinkera.sk\/de\/wp-json\/wp\/v2\/product_cat?post=14578"},{"taxonomy":"product_tag","embeddable":true,"href":"https:\/\/drinkera.sk\/de\/wp-json\/wp\/v2\/product_tag?post=14578"}],"curies":[{"name":"wp","href":"https:\/\/api.w.org\/{rel}","templated":true}]}}