{"id":14687,"date":"2026-04-20T19:53:50","date_gmt":"2026-04-20T17:53:50","guid":{"rendered":"https:\/\/drinkera.sk\/?post_type=product&#038;p=14687"},"modified":"2026-04-28T07:15:17","modified_gmt":"2026-04-28T05:15:17","slug":"kavove-prislusenstvo","status":"publish","type":"product","link":"https:\/\/drinkera.sk\/de\/produkt\/kavove-prislusenstvo\/","title":{"rendered":"Kaffeezubeh\u00f6r"},"content":{"rendered":"<h2><b>\u2615 <\/b><b>Kaffeezubeh\u00f6r \u2013 Barista-Zubeh\u00f6r f\u00fcr die perfekte Zubereitung<\/b><\/h2>\n<p class=\"p3\">Kaffeezubeh\u00f6r ist ein unverzichtbarer Bestandteil jeder K\u00fcche, jedes B\u00fcro und jedes Caf\u00e9, in denen es auf Details ankommt. Die richtigen Zubeh\u00f6rteile k\u00f6nnen sowohl den Geschmack als auch die Pr\u00e4sentation des Getr\u00e4nks ma\u00dfgeblich beeinflussen \u2013 vom cremigen Milchschaum bis hin zum gesamten Zubereitungserlebnis.<\/p>\n<p class=\"p3\">Milchaufsch\u00e4umer und weitere Barista-Hilfsmittel erm\u00f6glichen es Ihnen, Cappuccino, Latte oder hei\u00dfe Schokolade wie vom Profi zuzubereiten \u2013 einfach und bequem direkt zu Hause oder bei der Arbeit.<\/p>\n<h4 class=\"p4\"><span class=\"s2\">\ud83d\udca1 <\/span><b>Warum Kaffeezubeh\u00f6r w\u00e4hlen?<\/b><b><\/b><\/h4>\n<p class=\"p3\">\u2013 Perfekter Milchschaum f\u00fcr Cappuccino, Latte und Matcha-Latte<\/p>\n<p class=\"p3\">\u2013 Einfachere und schnellere Zubereitung von Getr\u00e4nken<\/p>\n<p class=\"p3\">\u2013 Professionelles Ergebnis ohne komplizierte Einstellungen<\/p>\n<p class=\"p3\">\u2013 Ideal f\u00fcr Haushalte, B\u00fcros und kleinere Betriebe<\/p>\n<h4 class=\"p4\"><span class=\"s2\">\ud83c\udf3f <\/span><b>Verf\u00fcgbare Produkte:<\/b><b><\/b><\/h4>\n<p class=\"p1\"><span class=\"s1\"><b>Milchaufsch\u00e4umer Mesko MS 4502b<\/b><\/span> \u2013 Praktischer Helfer f\u00fcr schnellen und cremigen Milchschaum f\u00fcr Cappuccino, Latte und weitere beliebte Getr\u00e4nke<\/p>\n<p class=\"p3\">\ud83d\udce6 <span class=\"s3\"><b>Verpackung:<\/b><\/span> je nach Produkt<\/p>\n<p class=\"p1\"><span class=\"s1\">\ud83c\uddea\ud83c\uddfa <\/span><b>Hergestellt in der EU<\/b><b><\/b><\/p>\n<p class=\"p3\">\ud83d\udccd <span class=\"s2\"><b>Distributor in der EU:<\/b><\/span> Drinkera SK, N\u00e1bre\u017en\u00e1 3467\/8, 038 61 Vr\u00fatky, Slovensko<\/p>","protected":false},"excerpt":{"rendered":"<p class=\"p1\">Kaffeezubeh\u00f6r, das Ihre Getr\u00e4nkezubereitung auf ein h\u00f6heres Niveau hebt. Milchaufsch\u00e4umer und Barista-Zubeh\u00f6r f\u00fcr perfekten Cappuccino, Latte und Matcha-Latte.<\/p>","protected":false},"featured_media":14737,"template":"","meta":{"_kad_post_transparent":"default","_kad_post_title":"","_kad_post_layout":"default","_kad_post_sidebar_id":"","_kad_post_content_style":"default","_kad_post_vertical_padding":"default","_kad_post_feature":"","_kad_post_feature_position":"","_kad_post_header":false,"_kad_post_footer":false,"_kad_post_classname":""},"product_brand":[],"product_cat":[25],"product_tag":[],"class_list":{"0":"post-14687","1":"product","2":"type-product","3":"status-publish","4":"has-post-thumbnail","6":"product_cat-kava","8":"first","9":"instock","10":"taxable","11":"shipping-taxable","12":"purchasable","13":"product-type-variable","14":"entry","15":"content-bg","16":"loop-entry"},"yoast_head":"<!-- This site is optimized with the Yoast SEO plugin v27.6 - https:\/\/yoast.com\/product\/yoast-seo-wordpress\/ -->\n<title>K\u00e1vov\u00e9 pr\u00edslu\u0161enstvo - Drinkera SK<\/title>\n<meta name=\"description\" content=\"K\u00e1vov\u00e9 pr\u00edslu\u0161enstvo a nape\u0148ova\u010de mlieka pre dokonal\u00e9 cappuccino, latte aj matcha latte. Jednoduch\u00e1 pr\u00edprava a kr\u00e9mov\u00e1 pena ako od baristu.\" \/>\n<meta name=\"robots\" content=\"noindex, follow\" \/>\n<meta property=\"og:locale\" content=\"de_DE\" \/>\n<meta property=\"og:type\" content=\"article\" \/>\n<meta property=\"og:title\" content=\"K\u00e1vov\u00e9 pr\u00edslu\u0161enstvo - Drinkera SK\" \/>\n<meta property=\"og:description\" content=\"K\u00e1vov\u00e9 pr\u00edslu\u0161enstvo a nape\u0148ova\u010de mlieka pre dokonal\u00e9 cappuccino, latte aj matcha latte. Jednoduch\u00e1 pr\u00edprava a kr\u00e9mov\u00e1 pena ako od baristu.\" \/>\n<meta property=\"og:url\" content=\"https:\/\/drinkera.sk\/de\/product-2\/kavove-prislusenstvo\/\" \/>\n<meta property=\"og:site_name\" content=\"Drinkera SK\" \/>\n<meta property=\"article:modified_time\" content=\"2026-04-28T05:15:17+00:00\" \/>\n<meta property=\"og:image\" content=\"https:\/\/drinkera.sk\/wp-content\/uploads\/2026\/04\/Napenovac-mlieka-Mesko-MS-4502b.png\" \/>\n\t<meta property=\"og:image:width\" content=\"800\" \/>\n\t<meta property=\"og:image:height\" content=\"800\" \/>\n\t<meta property=\"og:image:type\" content=\"image\/png\" \/>\n<meta name=\"twitter:card\" content=\"summary_large_image\" \/>\n<meta name=\"twitter:label1\" content=\"Gesch\u00e4tzte Lesezeit\" \/>\n\t<meta name=\"twitter:data1\" content=\"1\u00a0Minute\" \/>\n<script type=\"application\/ld+json\" class=\"yoast-schema-graph\">{\"@context\":\"https:\\\/\\\/schema.org\",\"@graph\":[{\"@type\":\"WebPage\",\"@id\":\"https:\\\/\\\/drinkera.sk\\\/produkt\\\/kavove-prislusenstvo\\\/\",\"url\":\"https:\\\/\\\/drinkera.sk\\\/produkt\\\/kavove-prislusenstvo\\\/\",\"name\":\"K\u00e1vov\u00e9 pr\u00edslu\u0161enstvo - Drinkera SK\",\"isPartOf\":{\"@id\":\"https:\\\/\\\/drinkera.sk\\\/#website\"},\"primaryImageOfPage\":{\"@id\":\"https:\\\/\\\/drinkera.sk\\\/produkt\\\/kavove-prislusenstvo\\\/#primaryimage\"},\"image\":{\"@id\":\"https:\\\/\\\/drinkera.sk\\\/produkt\\\/kavove-prislusenstvo\\\/#primaryimage\"},\"thumbnailUrl\":\"https:\\\/\\\/drinkera.sk\\\/wp-content\\\/uploads\\\/2026\\\/04\\\/Napenovac-mlieka-Mesko-MS-4502b.png\",\"datePublished\":\"2026-04-20T17:53:50+00:00\",\"dateModified\":\"2026-04-28T05:15:17+00:00\",\"description\":\"K\u00e1vov\u00e9 pr\u00edslu\u0161enstvo a nape\u0148ova\u010de mlieka pre dokonal\u00e9 cappuccino, latte aj matcha latte. Jednoduch\u00e1 pr\u00edprava a kr\u00e9mov\u00e1 pena ako od baristu.\",\"breadcrumb\":{\"@id\":\"https:\\\/\\\/drinkera.sk\\\/produkt\\\/kavove-prislusenstvo\\\/#breadcrumb\"},\"inLanguage\":\"de\",\"potentialAction\":[{\"@type\":\"ReadAction\",\"target\":[\"https:\\\/\\\/drinkera.sk\\\/produkt\\\/kavove-prislusenstvo\\\/\"]}]},{\"@type\":\"ImageObject\",\"inLanguage\":\"de\",\"@id\":\"https:\\\/\\\/drinkera.sk\\\/produkt\\\/kavove-prislusenstvo\\\/#primaryimage\",\"url\":\"https:\\\/\\\/drinkera.sk\\\/wp-content\\\/uploads\\\/2026\\\/04\\\/Napenovac-mlieka-Mesko-MS-4502b.png\",\"contentUrl\":\"https:\\\/\\\/drinkera.sk\\\/wp-content\\\/uploads\\\/2026\\\/04\\\/Napenovac-mlieka-Mesko-MS-4502b.png\",\"width\":800,\"height\":800,\"caption\":\"Nape\u0148ova\u010d mlieka Mesko MS 4502b | drinkera.sk\"},{\"@type\":\"BreadcrumbList\",\"@id\":\"https:\\\/\\\/drinkera.sk\\\/produkt\\\/kavove-prislusenstvo\\\/#breadcrumb\",\"itemListElement\":[{\"@type\":\"ListItem\",\"position\":1,\"name\":\"Domovsk\u00e1 str\u00e1nka\",\"item\":\"https:\\\/\\\/drinkera.sk\\\/\"},{\"@type\":\"ListItem\",\"position\":2,\"name\":\"E-shop\",\"item\":\"https:\\\/\\\/drinkera.sk\\\/obchod\\\/\"},{\"@type\":\"ListItem\",\"position\":3,\"name\":\"K\u00e1vov\u00e9 pr\u00edslu\u0161enstvo\"}]},{\"@type\":\"WebSite\",\"@id\":\"https:\\\/\\\/drinkera.sk\\\/#website\",\"url\":\"https:\\\/\\\/drinkera.sk\\\/\",\"name\":\"Drinkera SK\",\"description\":\"Miesto, kde bav\u00edme svet n\u00e1pojmi\",\"publisher\":{\"@id\":\"https:\\\/\\\/drinkera.sk\\\/#organization\"},\"potentialAction\":[{\"@type\":\"SearchAction\",\"target\":{\"@type\":\"EntryPoint\",\"urlTemplate\":\"https:\\\/\\\/drinkera.sk\\\/?s={search_term_string}\"},\"query-input\":{\"@type\":\"PropertyValueSpecification\",\"valueRequired\":true,\"valueName\":\"search_term_string\"}}],\"inLanguage\":\"de\"},{\"@type\":\"Organization\",\"@id\":\"https:\\\/\\\/drinkera.sk\\\/#organization\",\"name\":\"Drinkera SK\",\"url\":\"https:\\\/\\\/drinkera.sk\\\/\",\"logo\":{\"@type\":\"ImageObject\",\"inLanguage\":\"de\",\"@id\":\"https:\\\/\\\/drinkera.sk\\\/#\\\/schema\\\/logo\\\/image\\\/\",\"url\":\"https:\\\/\\\/drinkera.sk\\\/wp-content\\\/uploads\\\/2025\\\/05\\\/cropped-Drinkera-logo-scaled-1.png\",\"contentUrl\":\"https:\\\/\\\/drinkera.sk\\\/wp-content\\\/uploads\\\/2025\\\/05\\\/cropped-Drinkera-logo-scaled-1.png\",\"width\":2145,\"height\":571,\"caption\":\"Drinkera SK\"},\"image\":{\"@id\":\"https:\\\/\\\/drinkera.sk\\\/#\\\/schema\\\/logo\\\/image\\\/\"}}]}<\/script>\n<!-- \/ Yoast SEO plugin. -->","yoast_head_json":{"title":"Kaffeezubeh\u00f6r - Drinkera SK","description":"Kaffeezubeh\u00f6r und Milchaufsch\u00e4umer f\u00fcr perfekten Cappuccino, Latte und Matcha-Latte. Einfache Zubereitung und cremiger Schaum wie vom Barista.","robots":{"index":"noindex","follow":"follow"},"og_locale":"de_DE","og_type":"article","og_title":"K\u00e1vov\u00e9 pr\u00edslu\u0161enstvo - Drinkera SK","og_description":"K\u00e1vov\u00e9 pr\u00edslu\u0161enstvo a nape\u0148ova\u010de mlieka pre dokonal\u00e9 cappuccino, latte aj matcha latte. Jednoduch\u00e1 pr\u00edprava a kr\u00e9mov\u00e1 pena ako od baristu.","og_url":"https:\/\/drinkera.sk\/de\/product-2\/kavove-prislusenstvo\/","og_site_name":"Drinkera SK","article_modified_time":"2026-04-28T05:15:17+00:00","og_image":[{"width":800,"height":800,"url":"https:\/\/drinkera.sk\/wp-content\/uploads\/2026\/04\/Napenovac-mlieka-Mesko-MS-4502b.png","type":"image\/png"}],"twitter_card":"summary_large_image","twitter_misc":{"Gesch\u00e4tzte Lesezeit":"1\u00a0Minute"},"schema":{"@context":"https:\/\/schema.org","@graph":[{"@type":"WebPage","@id":"https:\/\/drinkera.sk\/produkt\/kavove-prislusenstvo\/","url":"https:\/\/drinkera.sk\/produkt\/kavove-prislusenstvo\/","name":"Kaffeezubeh\u00f6r - Drinkera SK","isPartOf":{"@id":"https:\/\/drinkera.sk\/#website"},"primaryImageOfPage":{"@id":"https:\/\/drinkera.sk\/produkt\/kavove-prislusenstvo\/#primaryimage"},"image":{"@id":"https:\/\/drinkera.sk\/produkt\/kavove-prislusenstvo\/#primaryimage"},"thumbnailUrl":"https:\/\/drinkera.sk\/wp-content\/uploads\/2026\/04\/Napenovac-mlieka-Mesko-MS-4502b.png","datePublished":"2026-04-20T17:53:50+00:00","dateModified":"2026-04-28T05:15:17+00:00","description":"Kaffeezubeh\u00f6r und Milchaufsch\u00e4umer f\u00fcr perfekten Cappuccino, Latte und Matcha-Latte. Einfache Zubereitung und cremiger Schaum wie vom Barista.","breadcrumb":{"@id":"https:\/\/drinkera.sk\/produkt\/kavove-prislusenstvo\/#breadcrumb"},"inLanguage":"de","potentialAction":[{"@type":"ReadAction","target":["https:\/\/drinkera.sk\/produkt\/kavove-prislusenstvo\/"]}]},{"@type":"ImageObject","inLanguage":"de","@id":"https:\/\/drinkera.sk\/produkt\/kavove-prislusenstvo\/#primaryimage","url":"https:\/\/drinkera.sk\/wp-content\/uploads\/2026\/04\/Napenovac-mlieka-Mesko-MS-4502b.png","contentUrl":"https:\/\/drinkera.sk\/wp-content\/uploads\/2026\/04\/Napenovac-mlieka-Mesko-MS-4502b.png","width":800,"height":800,"caption":"Nape\u0148ova\u010d mlieka Mesko MS 4502b | drinkera.sk"},{"@type":"BreadcrumbList","@id":"https:\/\/drinkera.sk\/produkt\/kavove-prislusenstvo\/#breadcrumb","itemListElement":[{"@type":"ListItem","position":1,"name":"Domovsk\u00e1 str\u00e1nka","item":"https:\/\/drinkera.sk\/"},{"@type":"ListItem","position":2,"name":"E-shop","item":"https:\/\/drinkera.sk\/obchod\/"},{"@type":"ListItem","position":3,"name":"K\u00e1vov\u00e9 pr\u00edslu\u0161enstvo"}]},{"@type":"WebSite","@id":"https:\/\/drinkera.sk\/#website","url":"https:\/\/drinkera.sk\/","name":"Drinkera SK","description":"Ein Ort, an dem wir die Welt mit Getr\u00e4nken unterhalten.","publisher":{"@id":"https:\/\/drinkera.sk\/#organization"},"potentialAction":[{"@type":"SearchAction","target":{"@type":"EntryPoint","urlTemplate":"https:\/\/drinkera.sk\/?s={search_term_string}"},"query-input":{"@type":"PropertyValueSpecification","valueRequired":true,"valueName":"search_term_string"}}],"inLanguage":"de"},{"@type":"Organization","@id":"https:\/\/drinkera.sk\/#organization","name":"Drinkera SK","url":"https:\/\/drinkera.sk\/","logo":{"@type":"ImageObject","inLanguage":"de","@id":"https:\/\/drinkera.sk\/#\/schema\/logo\/image\/","url":"https:\/\/drinkera.sk\/wp-content\/uploads\/2025\/05\/cropped-Drinkera-logo-scaled-1.png","contentUrl":"https:\/\/drinkera.sk\/wp-content\/uploads\/2025\/05\/cropped-Drinkera-logo-scaled-1.png","width":2145,"height":571,"caption":"Drinkera SK"},"image":{"@id":"https:\/\/drinkera.sk\/#\/schema\/logo\/image\/"}}]}},"_links":{"self":[{"href":"https:\/\/drinkera.sk\/de\/wp-json\/wp\/v2\/product\/14687","targetHints":{"allow":["GET"]}}],"collection":[{"href":"https:\/\/drinkera.sk\/de\/wp-json\/wp\/v2\/product"}],"about":[{"href":"https:\/\/drinkera.sk\/de\/wp-json\/wp\/v2\/types\/product"}],"wp:featuredmedia":[{"embeddable":true,"href":"https:\/\/drinkera.sk\/de\/wp-json\/wp\/v2\/media\/14737"}],"wp:attachment":[{"href":"https:\/\/drinkera.sk\/de\/wp-json\/wp\/v2\/media?parent=14687"}],"wp:term":[{"taxonomy":"product_brand","embeddable":true,"href":"https:\/\/drinkera.sk\/de\/wp-json\/wp\/v2\/product_brand?post=14687"},{"taxonomy":"product_cat","embeddable":true,"href":"https:\/\/drinkera.sk\/de\/wp-json\/wp\/v2\/product_cat?post=14687"},{"taxonomy":"product_tag","embeddable":true,"href":"https:\/\/drinkera.sk\/de\/wp-json\/wp\/v2\/product_tag?post=14687"}],"curies":[{"name":"wp","href":"https:\/\/api.w.org\/{rel}","templated":true}]}}