{"id":10800,"date":"2025-03-20T10:49:45","date_gmt":"2025-03-20T09:49:45","guid":{"rendered":"https:\/\/drinkera.sk\/?post_type=product&#038;p=10800"},"modified":"2026-05-13T14:25:46","modified_gmt":"2026-05-13T12:25:46","slug":"sweetbird-uk-kreativne-sirupy","status":"publish","type":"product","link":"https:\/\/drinkera.sk\/pl\/produkt\/sweetbird-uk-kreativne-sirupy\/","title":{"rendered":"Syropy Barista Sweetbird Profi 1 l"},"content":{"rendered":"<h3><b>\u2615 Syropy Barista Sweetbird Profi \u2013 kreatywny zestaw smak\u00f3w do ka\u017cdego coffee baru<\/b><\/h3>\n<p class=\"p3\">Premium kolekcja syrop\u00f3w Sweetbird zosta\u0142a stworzona specjalnie dla barist\u00f3w, kt\u00f3rzy ceni\u0105 jako\u015b\u0107, sp\u00f3jn\u0105 intensywno\u015b\u0107 smaku i kreatywno\u015b\u0107 w przygotowywaniu napoj\u00f3w kawowych oraz mlecznych. Niezale\u017cnie od tego, czy wybierasz klasyki takie jak Wanilia, Karmel czy Czekolada, czy bardziej nietypowe smaki jak Pumpkin Spice, S\u0142ony karmel lub Chilli \u2013 ka\u017cdy syrop oferuje autentyczny aromat, doskona\u0142\u0105 rozpuszczalno\u015b\u0107 i wysok\u0105 koncentracj\u0119 dla efektywnego dozowania.<\/p>\n<p class=\"p3\">Syropy Sweetbird zosta\u0142y zaprojektowane tak, aby idealnie komponowa\u0142y si\u0119 z kaw\u0105, frapp\u00e9, gor\u0105c\u0105 czekolad\u0105, herbat\u0105 oraz ro\u015blinnymi alternatywami mleka \u2013 bez sztucznych dodatk\u00f3w i kompromis\u00f3w. Sprawdz\u0105 si\u0119 tak\u017ce w koktajlach, deserach i kreatywnych drinkach.<strong>.<\/strong><\/p>\n<h4 class=\"p3\"><strong>\ud83d\udca1 Dlaczego bari\u015bci je pokochali?<\/strong><\/h4>\n<p class=\"p3\">\u2013 Intensywny smak ju\u017c przy ma\u0142ym dozowaniu (8 \u2013 16 ml)<\/p>\n<p class=\"p3\">\u2013 Idealne do napoj\u00f3w na ciep\u0142o i na zimno<\/p>\n<p class=\"p3\">\u2013 Rozpuszczalne tak\u017ce w napojach ro\u015blinnych<\/p>\n<p class=\"p3\">\ud83c\udf31 Bez sztucznych barwnik\u00f3w, konserwant\u00f3w i GMO<\/p>\n<p class=\"p3\">\ud83d\udfe2 <strong>Wega\u0144skie<\/strong> \u2013 zarejestrowane w Vegan Society<\/p>\n<p class=\"p3\">\ud83d\udce6 <strong data-start=\"1222\" data-end=\"1232\">Pojemno\u015b\u0107:<\/strong> 1 litr<br data-start=\"1240\" data-end=\"1243\" \/>\ud83c\uddec\ud83c\udde7 <strong data-start=\"1248\" data-end=\"1267\">Kraj pochodzenia:<\/strong> Zjednoczone Kr\u00f3lestwo<br data-start=\"1286\" data-end=\"1289\" \/>\ud83d\udccd <strong data-start=\"1292\" data-end=\"1313\">Dystrybutor na S\u0142owacji:<\/strong> Drinkera SK, N\u00e1bre\u017en\u00e1 3467\/8, 038 61 Vr\u00fatky<\/p>","protected":false},"excerpt":{"rendered":"<p class=\"p1\">Syropy Sweetbird zosta\u0142y stworzone dla barist\u00f3w \u2013 skoncentrowane, wyj\u0105tkowo smaczne i bez sztucznych dodatk\u00f3w. Idealne do aromatyzowania latte, frapp\u00e9, kakao czy herbaty \u2013 z unikalnymi smakami, kt\u00f3re Twoi klienci zapami\u0119taj\u0105.<\/p>","protected":false},"featured_media":12933,"template":"","meta":{"_kad_post_transparent":"default","_kad_post_title":"","_kad_post_layout":"default","_kad_post_sidebar_id":"","_kad_post_content_style":"default","_kad_post_vertical_padding":"default","_kad_post_feature":"","_kad_post_feature_position":"","_kad_post_header":false,"_kad_post_footer":false,"_kad_post_classname":""},"product_brand":[],"product_cat":[22],"product_tag":[],"class_list":{"0":"post-10800","1":"product","2":"type-product","3":"status-publish","4":"has-post-thumbnail","6":"product_cat-sirupy-a-ovocne-pyre","8":"first","9":"instock","10":"taxable","11":"shipping-taxable","12":"purchasable","13":"product-type-variable","14":"entry","15":"content-bg","16":"loop-entry"},"yoast_head":"<!-- This site is optimized with the Yoast SEO plugin v27.6 - https:\/\/yoast.com\/product\/yoast-seo-wordpress\/ -->\n<title>Sweetbird Profi Barista Sirupy 1l - Drinkera SK<\/title>\n<meta name=\"description\" content=\"Sweetbird baristick\u00e9 sirupy \u2013 bez umel\u00edn, vysoko koncentrovan\u00e9 a vhodn\u00e9 pre veg\u00e1nov. Perfektn\u00e9 na k\u00e1vu, frapp\u00e9 aj kreat\u00edvne drinky.\" \/>\n<meta name=\"robots\" content=\"index, follow, max-snippet:-1, max-image-preview:large, max-video-preview:-1\" \/>\n<link rel=\"canonical\" href=\"https:\/\/drinkera.sk\/pl\/product-2\/sweetbird-uk-kreativne-sirupy\/\" \/>\n<meta property=\"og:locale\" content=\"pl_PL\" \/>\n<meta property=\"og:type\" content=\"article\" \/>\n<meta property=\"og:title\" content=\"Sweetbird Profi Barista Sirupy 1l - Drinkera SK\" \/>\n<meta property=\"og:description\" content=\"Sweetbird baristick\u00e9 sirupy \u2013 bez umel\u00edn, vysoko koncentrovan\u00e9 a vhodn\u00e9 pre veg\u00e1nov. Perfektn\u00e9 na k\u00e1vu, frapp\u00e9 aj kreat\u00edvne drinky.\" \/>\n<meta property=\"og:url\" content=\"https:\/\/drinkera.sk\/pl\/product-2\/sweetbird-uk-kreativne-sirupy\/\" \/>\n<meta property=\"og:site_name\" content=\"Drinkera SK\" \/>\n<meta property=\"article:modified_time\" content=\"2026-05-13T12:25:46+00:00\" \/>\n<meta property=\"og:image\" content=\"https:\/\/drinkera.sk\/wp-content\/uploads\/2025\/04\/Sweetbird-UK-Profi-Barista-Sirupy.png\" \/>\n\t<meta property=\"og:image:width\" content=\"800\" \/>\n\t<meta property=\"og:image:height\" content=\"800\" \/>\n\t<meta property=\"og:image:type\" content=\"image\/png\" \/>\n<meta name=\"twitter:card\" content=\"summary_large_image\" \/>\n<meta name=\"twitter:label1\" content=\"Szacowany czas czytania\" \/>\n\t<meta name=\"twitter:data1\" content=\"2 minuty\" \/>\n<script type=\"application\/ld+json\" class=\"yoast-schema-graph\">{\"@context\":\"https:\\\/\\\/schema.org\",\"@graph\":[{\"@type\":\"WebPage\",\"@id\":\"https:\\\/\\\/drinkera.sk\\\/produkt\\\/sweetbird-uk-kreativne-sirupy\\\/\",\"url\":\"https:\\\/\\\/drinkera.sk\\\/produkt\\\/sweetbird-uk-kreativne-sirupy\\\/\",\"name\":\"Sweetbird Profi Barista Sirupy 1l - Drinkera SK\",\"isPartOf\":{\"@id\":\"https:\\\/\\\/drinkera.sk\\\/#website\"},\"primaryImageOfPage\":{\"@id\":\"https:\\\/\\\/drinkera.sk\\\/produkt\\\/sweetbird-uk-kreativne-sirupy\\\/#primaryimage\"},\"image\":{\"@id\":\"https:\\\/\\\/drinkera.sk\\\/produkt\\\/sweetbird-uk-kreativne-sirupy\\\/#primaryimage\"},\"thumbnailUrl\":\"https:\\\/\\\/drinkera.sk\\\/wp-content\\\/uploads\\\/2025\\\/04\\\/Sweetbird-UK-Profi-Barista-Sirupy.png\",\"datePublished\":\"2025-03-20T09:49:45+00:00\",\"dateModified\":\"2026-05-13T12:25:46+00:00\",\"description\":\"Sweetbird baristick\u00e9 sirupy \u2013 bez umel\u00edn, vysoko koncentrovan\u00e9 a vhodn\u00e9 pre veg\u00e1nov. Perfektn\u00e9 na k\u00e1vu, frapp\u00e9 aj kreat\u00edvne drinky.\",\"breadcrumb\":{\"@id\":\"https:\\\/\\\/drinkera.sk\\\/produkt\\\/sweetbird-uk-kreativne-sirupy\\\/#breadcrumb\"},\"inLanguage\":\"pl-PL\",\"potentialAction\":[{\"@type\":\"ReadAction\",\"target\":[\"https:\\\/\\\/drinkera.sk\\\/produkt\\\/sweetbird-uk-kreativne-sirupy\\\/\"]}]},{\"@type\":\"ImageObject\",\"inLanguage\":\"pl-PL\",\"@id\":\"https:\\\/\\\/drinkera.sk\\\/produkt\\\/sweetbird-uk-kreativne-sirupy\\\/#primaryimage\",\"url\":\"https:\\\/\\\/drinkera.sk\\\/wp-content\\\/uploads\\\/2025\\\/04\\\/Sweetbird-UK-Profi-Barista-Sirupy.png\",\"contentUrl\":\"https:\\\/\\\/drinkera.sk\\\/wp-content\\\/uploads\\\/2025\\\/04\\\/Sweetbird-UK-Profi-Barista-Sirupy.png\",\"width\":800,\"height\":800,\"caption\":\"Sweetbird UK Profi barista sirupy 1l \u2013 Karamel, \u010cokol\u00e1da a Chilli pre k\u00e1vov\u00e9 \u0161peciality | drinkera.sk\"},{\"@type\":\"BreadcrumbList\",\"@id\":\"https:\\\/\\\/drinkera.sk\\\/produkt\\\/sweetbird-uk-kreativne-sirupy\\\/#breadcrumb\",\"itemListElement\":[{\"@type\":\"ListItem\",\"position\":1,\"name\":\"Domovsk\u00e1 str\u00e1nka\",\"item\":\"https:\\\/\\\/drinkera.sk\\\/\"},{\"@type\":\"ListItem\",\"position\":2,\"name\":\"E-shop\",\"item\":\"https:\\\/\\\/drinkera.sk\\\/obchod\\\/\"},{\"@type\":\"ListItem\",\"position\":3,\"name\":\"Sweetbird Profi Barista Sirupy 1l\"}]},{\"@type\":\"WebSite\",\"@id\":\"https:\\\/\\\/drinkera.sk\\\/#website\",\"url\":\"https:\\\/\\\/drinkera.sk\\\/\",\"name\":\"Drinkera SK\",\"description\":\"Miesto, kde bav\u00edme svet n\u00e1pojmi\",\"publisher\":{\"@id\":\"https:\\\/\\\/drinkera.sk\\\/#organization\"},\"potentialAction\":[{\"@type\":\"SearchAction\",\"target\":{\"@type\":\"EntryPoint\",\"urlTemplate\":\"https:\\\/\\\/drinkera.sk\\\/?s={search_term_string}\"},\"query-input\":{\"@type\":\"PropertyValueSpecification\",\"valueRequired\":true,\"valueName\":\"search_term_string\"}}],\"inLanguage\":\"pl-PL\"},{\"@type\":\"Organization\",\"@id\":\"https:\\\/\\\/drinkera.sk\\\/#organization\",\"name\":\"Drinkera SK\",\"url\":\"https:\\\/\\\/drinkera.sk\\\/\",\"logo\":{\"@type\":\"ImageObject\",\"inLanguage\":\"pl-PL\",\"@id\":\"https:\\\/\\\/drinkera.sk\\\/#\\\/schema\\\/logo\\\/image\\\/\",\"url\":\"https:\\\/\\\/drinkera.sk\\\/wp-content\\\/uploads\\\/2025\\\/05\\\/cropped-Drinkera-logo-scaled-1.png\",\"contentUrl\":\"https:\\\/\\\/drinkera.sk\\\/wp-content\\\/uploads\\\/2025\\\/05\\\/cropped-Drinkera-logo-scaled-1.png\",\"width\":2145,\"height\":571,\"caption\":\"Drinkera SK\"},\"image\":{\"@id\":\"https:\\\/\\\/drinkera.sk\\\/#\\\/schema\\\/logo\\\/image\\\/\"}}]}<\/script>\n<!-- \/ Yoast SEO plugin. -->","yoast_head_json":{"title":"Syropy Barista Sweetbird Profi 1 l - Drinkera SK","description":"Baristyczne syropy Sweetbird \u2013 bez sztucznych dodatk\u00f3w, wysoko skoncentrowane i odpowiednie dla wegan. Idealne do kawy, frapp\u00e9 i kreatywnych drink\u00f3w.","robots":{"index":"index","follow":"follow","max-snippet":"max-snippet:-1","max-image-preview":"max-image-preview:large","max-video-preview":"max-video-preview:-1"},"canonical":"https:\/\/drinkera.sk\/pl\/product-2\/sweetbird-uk-kreativne-sirupy\/","og_locale":"pl_PL","og_type":"article","og_title":"Sweetbird Profi Barista Sirupy 1l - Drinkera SK","og_description":"Sweetbird baristick\u00e9 sirupy \u2013 bez umel\u00edn, vysoko koncentrovan\u00e9 a vhodn\u00e9 pre veg\u00e1nov. Perfektn\u00e9 na k\u00e1vu, frapp\u00e9 aj kreat\u00edvne drinky.","og_url":"https:\/\/drinkera.sk\/pl\/product-2\/sweetbird-uk-kreativne-sirupy\/","og_site_name":"Drinkera SK","article_modified_time":"2026-05-13T12:25:46+00:00","og_image":[{"width":800,"height":800,"url":"https:\/\/drinkera.sk\/wp-content\/uploads\/2025\/04\/Sweetbird-UK-Profi-Barista-Sirupy.png","type":"image\/png"}],"twitter_card":"summary_large_image","twitter_misc":{"Szacowany czas czytania":"2 minuty"},"schema":{"@context":"https:\/\/schema.org","@graph":[{"@type":"WebPage","@id":"https:\/\/drinkera.sk\/produkt\/sweetbird-uk-kreativne-sirupy\/","url":"https:\/\/drinkera.sk\/produkt\/sweetbird-uk-kreativne-sirupy\/","name":"Syropy Barista Sweetbird Profi 1 l - Drinkera SK","isPartOf":{"@id":"https:\/\/drinkera.sk\/#website"},"primaryImageOfPage":{"@id":"https:\/\/drinkera.sk\/produkt\/sweetbird-uk-kreativne-sirupy\/#primaryimage"},"image":{"@id":"https:\/\/drinkera.sk\/produkt\/sweetbird-uk-kreativne-sirupy\/#primaryimage"},"thumbnailUrl":"https:\/\/drinkera.sk\/wp-content\/uploads\/2025\/04\/Sweetbird-UK-Profi-Barista-Sirupy.png","datePublished":"2025-03-20T09:49:45+00:00","dateModified":"2026-05-13T12:25:46+00:00","description":"Baristyczne syropy Sweetbird \u2013 bez sztucznych dodatk\u00f3w, wysoko skoncentrowane i odpowiednie dla wegan. Idealne do kawy, frapp\u00e9 i kreatywnych drink\u00f3w.","breadcrumb":{"@id":"https:\/\/drinkera.sk\/produkt\/sweetbird-uk-kreativne-sirupy\/#breadcrumb"},"inLanguage":"pl-PL","potentialAction":[{"@type":"ReadAction","target":["https:\/\/drinkera.sk\/produkt\/sweetbird-uk-kreativne-sirupy\/"]}]},{"@type":"ImageObject","inLanguage":"pl-PL","@id":"https:\/\/drinkera.sk\/produkt\/sweetbird-uk-kreativne-sirupy\/#primaryimage","url":"https:\/\/drinkera.sk\/wp-content\/uploads\/2025\/04\/Sweetbird-UK-Profi-Barista-Sirupy.png","contentUrl":"https:\/\/drinkera.sk\/wp-content\/uploads\/2025\/04\/Sweetbird-UK-Profi-Barista-Sirupy.png","width":800,"height":800,"caption":"Sweetbird UK Profi barista sirupy 1l \u2013 Karamel, \u010cokol\u00e1da a Chilli pre k\u00e1vov\u00e9 \u0161peciality | drinkera.sk"},{"@type":"BreadcrumbList","@id":"https:\/\/drinkera.sk\/produkt\/sweetbird-uk-kreativne-sirupy\/#breadcrumb","itemListElement":[{"@type":"ListItem","position":1,"name":"Domovsk\u00e1 str\u00e1nka","item":"https:\/\/drinkera.sk\/"},{"@type":"ListItem","position":2,"name":"E-shop","item":"https:\/\/drinkera.sk\/obchod\/"},{"@type":"ListItem","position":3,"name":"Sweetbird Profi Barista Sirupy 1l"}]},{"@type":"WebSite","@id":"https:\/\/drinkera.sk\/#website","url":"https:\/\/drinkera.sk\/","name":"Drinkera SK","description":"Miejsce, gdzie bawimy \u015bwiat napojami.","publisher":{"@id":"https:\/\/drinkera.sk\/#organization"},"potentialAction":[{"@type":"SearchAction","target":{"@type":"EntryPoint","urlTemplate":"https:\/\/drinkera.sk\/?s={search_term_string}"},"query-input":{"@type":"PropertyValueSpecification","valueRequired":true,"valueName":"search_term_string"}}],"inLanguage":"pl-PL"},{"@type":"Organization","@id":"https:\/\/drinkera.sk\/#organization","name":"Drinkera SK","url":"https:\/\/drinkera.sk\/","logo":{"@type":"ImageObject","inLanguage":"pl-PL","@id":"https:\/\/drinkera.sk\/#\/schema\/logo\/image\/","url":"https:\/\/drinkera.sk\/wp-content\/uploads\/2025\/05\/cropped-Drinkera-logo-scaled-1.png","contentUrl":"https:\/\/drinkera.sk\/wp-content\/uploads\/2025\/05\/cropped-Drinkera-logo-scaled-1.png","width":2145,"height":571,"caption":"Drinkera SK"},"image":{"@id":"https:\/\/drinkera.sk\/#\/schema\/logo\/image\/"}}]}},"_links":{"self":[{"href":"https:\/\/drinkera.sk\/pl\/wp-json\/wp\/v2\/product\/10800","targetHints":{"allow":["GET"]}}],"collection":[{"href":"https:\/\/drinkera.sk\/pl\/wp-json\/wp\/v2\/product"}],"about":[{"href":"https:\/\/drinkera.sk\/pl\/wp-json\/wp\/v2\/types\/product"}],"wp:featuredmedia":[{"embeddable":true,"href":"https:\/\/drinkera.sk\/pl\/wp-json\/wp\/v2\/media\/12933"}],"wp:attachment":[{"href":"https:\/\/drinkera.sk\/pl\/wp-json\/wp\/v2\/media?parent=10800"}],"wp:term":[{"taxonomy":"product_brand","embeddable":true,"href":"https:\/\/drinkera.sk\/pl\/wp-json\/wp\/v2\/product_brand?post=10800"},{"taxonomy":"product_cat","embeddable":true,"href":"https:\/\/drinkera.sk\/pl\/wp-json\/wp\/v2\/product_cat?post=10800"},{"taxonomy":"product_tag","embeddable":true,"href":"https:\/\/drinkera.sk\/pl\/wp-json\/wp\/v2\/product_tag?post=10800"}],"curies":[{"name":"wp","href":"https:\/\/api.w.org\/{rel}","templated":true}]}}