{"id":11009,"date":"2025-03-20T11:25:39","date_gmt":"2025-03-20T10:25:39","guid":{"rendered":"https:\/\/drinkera.sk\/?post_type=product&#038;p=11009"},"modified":"2026-05-12T09:02:40","modified_gmt":"2026-05-12T07:02:40","slug":"domaci-cajicek-doza","status":"publish","type":"product","link":"https:\/\/drinkera.sk\/pl\/produkt\/domaci-cajicek-doza\/","title":{"rendered":"Domowy Czajik sypany \u2013 puszka"},"content":{"rendered":"<h3><b>\ud83c\udf75 Dom\u00e1ci \u010caj\u00ed\u010dek \u2013 sypane herbaty w puszce pe\u0142ne natury i smaku<\/b><\/h3>\n<p class=\"p3\">Kolekcja Dom\u00e1ci \u010caj\u00ed\u010dek w puszce to wyb\u00f3r <span class=\"s2\"><b>zio\u0142owych, owocowych i herbacianych mieszanek<\/b><\/span>, kt\u00f3re zachwycaj\u0105 aromatem, dzia\u0142aniem i estetycznym wykonaniem. Ka\u017cda mieszanka zawiera <span class=\"s2\"><b>wysokiej jako\u015bci suszone kawa\u0142ki owoc\u00f3w, kwiaty i li\u015bcie zi\u00f3\u0142<\/b><\/span>, bez aromat\u00f3w, barwnik\u00f3w i konserwant\u00f3w. W ofercie znajdziesz <span class=\"s2\"><b>harmonijne po\u0142\u0105czenia, takie jak Rumianek, Lipa i Mi\u0119ta, \u015bwie\u017cy Imbir i Cytryna oraz owocowe klasyki jak Truskawka i Owoce jagodowe<\/b><\/span>. Herbaty s\u0105 sypane, <span class=\"s2\"><b>zapakowane w eleganck\u0105 i praktyczn\u0105 puszk\u0119<\/b><\/span>, kt\u00f3ra chroni jako\u015b\u0107 i przed\u0142u\u017ca \u015bwie\u017co\u015b\u0107 mieszanki.<\/p>\n<h4 class=\"p4\"><span class=\"s3\">\ud83d\udca1 <\/span><b>Jak herbata uprzyjemni Ci dzie\u0144?<\/b><b><\/b><\/h4>\n<p class=\"p3\">\u2013 Ka\u017cde opakowanie zawiera pe\u0142nowarto\u015bciow\u0105 mieszank\u0119 na dziesi\u0105tki fili\u017canek<\/p>\n<p class=\"p3\">\u2013 Odpowiednie do codziennego i rytualnego picia \u2013 w zale\u017cno\u015bci od nastroju lub potrzeby<\/p>\n<p class=\"p3\">\u2013 Pyszny smak, funkcjonalny sk\u0142ad i pi\u0119kna oprawa wizualna<\/p>\n<p class=\"p3\">Sypane herbaty Dom\u00e1ci \u010caj\u00ed\u010dek to doskona\u0142y prezent oraz codzienny towarzysz dla wszystkich, kt\u00f3rzy ceni\u0105 jako\u015b\u0107 bez kompromis\u00f3w.<\/p>\n<p class=\"p3\">\ud83d\udce6 <strong>Opakowanie:<\/strong> puszka<\/p>\n<p class=\"p3\">\ud83c\udf3f 100% naturalne sk\u0142adniki \u2013 bez aromat\u00f3w, barwnik\u00f3w i konserwant\u00f3w<\/p>\n<p>\ud83c\uddea\ud83c\uddfa <strong>Wyprodukowano w UE<\/strong><\/p>\n<p class=\"p3\">\ud83d\udccd <strong>Sprzeda\u017c w UE:<\/strong> Drinkera SK, N\u00e1bre\u017en\u00e1 3467\/8, 038 61 Vr\u00fatky<\/p>","protected":false},"excerpt":{"rendered":"<p class=\"p1\">Dom\u00e1ci \u010caj\u00ed\u010dek w puszce \u2013 sypane mieszanki owocowe, zio\u0142owe i herbaciane bez aromat\u00f3w i konserwant\u00f3w. Uczciwe herbaty pe\u0142ne aromatu, smaku i natury.<\/p>","protected":false},"featured_media":12997,"template":"","meta":{"_kad_post_transparent":"default","_kad_post_title":"","_kad_post_layout":"default","_kad_post_sidebar_id":"","_kad_post_content_style":"default","_kad_post_vertical_padding":"default","_kad_post_feature":"","_kad_post_feature_position":"","_kad_post_header":false,"_kad_post_footer":false,"_kad_post_classname":""},"product_brand":[],"product_cat":[24],"product_tag":[],"class_list":{"0":"post-11009","1":"product","2":"type-product","3":"status-publish","4":"has-post-thumbnail","6":"product_cat-caj-cajovi-medvedici","8":"first","9":"instock","10":"taxable","11":"shipping-taxable","12":"purchasable","13":"product-type-variable","14":"entry","15":"content-bg","16":"loop-entry"},"yoast_head":"<!-- This site is optimized with the Yoast SEO plugin v27.6 - https:\/\/yoast.com\/product\/yoast-seo-wordpress\/ -->\n<title>Dom\u00e1ci \u010caj\u00ed\u010dek sypan\u00fd - d\u00f3za - Drinkera SK<\/title>\n<meta name=\"description\" content=\"Sypan\u00e9 \u010daje Dom\u00e1ci \u010caj\u00ed\u010dek v d\u00f3ze \u2013 ovocn\u00e9, bylinkov\u00e9 a \u010dierne\/zelen\u00e9 zmesi bez ar\u00f3m a konzervantov. Kvalita, funkcia a v\u00fdnimo\u010dn\u00e1 chu\u0165 v ka\u017edej \u0161\u00e1lke.\" \/>\n<meta name=\"robots\" content=\"index, follow, max-snippet:-1, max-image-preview:large, max-video-preview:-1\" \/>\n<link rel=\"canonical\" href=\"https:\/\/drinkera.sk\/pl\/product-2\/domaci-cajicek-doza\/\" \/>\n<meta property=\"og:locale\" content=\"pl_PL\" \/>\n<meta property=\"og:type\" content=\"article\" \/>\n<meta property=\"og:title\" content=\"Dom\u00e1ci \u010caj\u00ed\u010dek sypan\u00fd - d\u00f3za - Drinkera SK\" \/>\n<meta property=\"og:description\" content=\"Sypan\u00e9 \u010daje Dom\u00e1ci \u010caj\u00ed\u010dek v d\u00f3ze \u2013 ovocn\u00e9, bylinkov\u00e9 a \u010dierne\/zelen\u00e9 zmesi bez ar\u00f3m a konzervantov. Kvalita, funkcia a v\u00fdnimo\u010dn\u00e1 chu\u0165 v ka\u017edej \u0161\u00e1lke.\" \/>\n<meta property=\"og:url\" content=\"https:\/\/drinkera.sk\/pl\/product-2\/domaci-cajicek-doza\/\" \/>\n<meta property=\"og:site_name\" content=\"Drinkera SK\" \/>\n<meta property=\"article:modified_time\" content=\"2026-05-12T07:02:40+00:00\" \/>\n<meta property=\"og:image\" content=\"https:\/\/drinkera.sk\/wp-content\/uploads\/2025\/03\/Domaci-Cajicek-sypany-\u2013-Doza.png\" \/>\n\t<meta property=\"og:image:width\" content=\"800\" \/>\n\t<meta property=\"og:image:height\" content=\"800\" \/>\n\t<meta property=\"og:image:type\" content=\"image\/png\" \/>\n<meta name=\"twitter:card\" content=\"summary_large_image\" \/>\n<meta name=\"twitter:label1\" content=\"Szacowany czas czytania\" \/>\n\t<meta name=\"twitter:data1\" content=\"2 minuty\" \/>\n<script type=\"application\/ld+json\" class=\"yoast-schema-graph\">{\"@context\":\"https:\\\/\\\/schema.org\",\"@graph\":[{\"@type\":\"WebPage\",\"@id\":\"https:\\\/\\\/drinkera.sk\\\/produkt\\\/domaci-cajicek-doza\\\/\",\"url\":\"https:\\\/\\\/drinkera.sk\\\/produkt\\\/domaci-cajicek-doza\\\/\",\"name\":\"Dom\u00e1ci \u010caj\u00ed\u010dek sypan\u00fd - d\u00f3za - Drinkera SK\",\"isPartOf\":{\"@id\":\"https:\\\/\\\/drinkera.sk\\\/#website\"},\"primaryImageOfPage\":{\"@id\":\"https:\\\/\\\/drinkera.sk\\\/produkt\\\/domaci-cajicek-doza\\\/#primaryimage\"},\"image\":{\"@id\":\"https:\\\/\\\/drinkera.sk\\\/produkt\\\/domaci-cajicek-doza\\\/#primaryimage\"},\"thumbnailUrl\":\"https:\\\/\\\/drinkera.sk\\\/wp-content\\\/uploads\\\/2025\\\/03\\\/Domaci-Cajicek-sypany-\u2013-Doza.png\",\"datePublished\":\"2025-03-20T10:25:39+00:00\",\"dateModified\":\"2026-05-12T07:02:40+00:00\",\"description\":\"Sypan\u00e9 \u010daje Dom\u00e1ci \u010caj\u00ed\u010dek v d\u00f3ze \u2013 ovocn\u00e9, bylinkov\u00e9 a \u010dierne\\\/zelen\u00e9 zmesi bez ar\u00f3m a konzervantov. Kvalita, funkcia a v\u00fdnimo\u010dn\u00e1 chu\u0165 v ka\u017edej \u0161\u00e1lke.\",\"breadcrumb\":{\"@id\":\"https:\\\/\\\/drinkera.sk\\\/produkt\\\/domaci-cajicek-doza\\\/#breadcrumb\"},\"inLanguage\":\"pl-PL\",\"potentialAction\":[{\"@type\":\"ReadAction\",\"target\":[\"https:\\\/\\\/drinkera.sk\\\/produkt\\\/domaci-cajicek-doza\\\/\"]}]},{\"@type\":\"ImageObject\",\"inLanguage\":\"pl-PL\",\"@id\":\"https:\\\/\\\/drinkera.sk\\\/produkt\\\/domaci-cajicek-doza\\\/#primaryimage\",\"url\":\"https:\\\/\\\/drinkera.sk\\\/wp-content\\\/uploads\\\/2025\\\/03\\\/Domaci-Cajicek-sypany-\u2013-Doza.png\",\"contentUrl\":\"https:\\\/\\\/drinkera.sk\\\/wp-content\\\/uploads\\\/2025\\\/03\\\/Domaci-Cajicek-sypany-\u2013-Doza.png\",\"width\":800,\"height\":800,\"caption\":\"Dom\u00e1ci \u010caj\u00ed\u010dek v d\u00f3ze \u2013 125 g ovocn\u00e9 a 70 g bylinkov\u00e9 \u010daje v dar\u010dekovom balen\u00ed | drinkera.sk\"},{\"@type\":\"BreadcrumbList\",\"@id\":\"https:\\\/\\\/drinkera.sk\\\/produkt\\\/domaci-cajicek-doza\\\/#breadcrumb\",\"itemListElement\":[{\"@type\":\"ListItem\",\"position\":1,\"name\":\"Domovsk\u00e1 str\u00e1nka\",\"item\":\"https:\\\/\\\/drinkera.sk\\\/\"},{\"@type\":\"ListItem\",\"position\":2,\"name\":\"E-shop\",\"item\":\"https:\\\/\\\/drinkera.sk\\\/obchod\\\/\"},{\"@type\":\"ListItem\",\"position\":3,\"name\":\"Dom\u00e1ci \u010caj\u00ed\u010dek sypan\u00fd &#8211; d\u00f3za\"}]},{\"@type\":\"WebSite\",\"@id\":\"https:\\\/\\\/drinkera.sk\\\/#website\",\"url\":\"https:\\\/\\\/drinkera.sk\\\/\",\"name\":\"Drinkera SK\",\"description\":\"Miesto, kde bav\u00edme svet n\u00e1pojmi\",\"publisher\":{\"@id\":\"https:\\\/\\\/drinkera.sk\\\/#organization\"},\"potentialAction\":[{\"@type\":\"SearchAction\",\"target\":{\"@type\":\"EntryPoint\",\"urlTemplate\":\"https:\\\/\\\/drinkera.sk\\\/?s={search_term_string}\"},\"query-input\":{\"@type\":\"PropertyValueSpecification\",\"valueRequired\":true,\"valueName\":\"search_term_string\"}}],\"inLanguage\":\"pl-PL\"},{\"@type\":\"Organization\",\"@id\":\"https:\\\/\\\/drinkera.sk\\\/#organization\",\"name\":\"Drinkera SK\",\"url\":\"https:\\\/\\\/drinkera.sk\\\/\",\"logo\":{\"@type\":\"ImageObject\",\"inLanguage\":\"pl-PL\",\"@id\":\"https:\\\/\\\/drinkera.sk\\\/#\\\/schema\\\/logo\\\/image\\\/\",\"url\":\"https:\\\/\\\/drinkera.sk\\\/wp-content\\\/uploads\\\/2025\\\/05\\\/cropped-Drinkera-logo-scaled-1.png\",\"contentUrl\":\"https:\\\/\\\/drinkera.sk\\\/wp-content\\\/uploads\\\/2025\\\/05\\\/cropped-Drinkera-logo-scaled-1.png\",\"width\":2145,\"height\":571,\"caption\":\"Drinkera SK\"},\"image\":{\"@id\":\"https:\\\/\\\/drinkera.sk\\\/#\\\/schema\\\/logo\\\/image\\\/\"}}]}<\/script>\n<!-- \/ Yoast SEO plugin. -->","yoast_head_json":{"title":"Dom\u00e1ci \u010caj\u00ed\u010dek sypany \u2013 puszka \u2013 Drinkera SK","description":"Sypane herbaty Dom\u00e1ci \u010caj\u00ed\u010dek w puszce \u2013 owocowe, zio\u0142owe oraz czarne\/zielone mieszanki bez aromat\u00f3w i konserwant\u00f3w. Jako\u015b\u0107, funkcjonalno\u015b\u0107 i wyj\u0105tkowy smak w ka\u017cdej fili\u017cance.","robots":{"index":"index","follow":"follow","max-snippet":"max-snippet:-1","max-image-preview":"max-image-preview:large","max-video-preview":"max-video-preview:-1"},"canonical":"https:\/\/drinkera.sk\/pl\/product-2\/domaci-cajicek-doza\/","og_locale":"pl_PL","og_type":"article","og_title":"Dom\u00e1ci \u010caj\u00ed\u010dek sypan\u00fd - d\u00f3za - Drinkera SK","og_description":"Sypan\u00e9 \u010daje Dom\u00e1ci \u010caj\u00ed\u010dek v d\u00f3ze \u2013 ovocn\u00e9, bylinkov\u00e9 a \u010dierne\/zelen\u00e9 zmesi bez ar\u00f3m a konzervantov. Kvalita, funkcia a v\u00fdnimo\u010dn\u00e1 chu\u0165 v ka\u017edej \u0161\u00e1lke.","og_url":"https:\/\/drinkera.sk\/pl\/product-2\/domaci-cajicek-doza\/","og_site_name":"Drinkera SK","article_modified_time":"2026-05-12T07:02:40+00:00","og_image":[{"width":800,"height":800,"url":"https:\/\/drinkera.sk\/wp-content\/uploads\/2025\/03\/Domaci-Cajicek-sypany-\u2013-Doza.png","type":"image\/png"}],"twitter_card":"summary_large_image","twitter_misc":{"Szacowany czas czytania":"2 minuty"},"schema":{"@context":"https:\/\/schema.org","@graph":[{"@type":"WebPage","@id":"https:\/\/drinkera.sk\/produkt\/domaci-cajicek-doza\/","url":"https:\/\/drinkera.sk\/produkt\/domaci-cajicek-doza\/","name":"Dom\u00e1ci \u010caj\u00ed\u010dek sypany \u2013 puszka \u2013 Drinkera SK","isPartOf":{"@id":"https:\/\/drinkera.sk\/#website"},"primaryImageOfPage":{"@id":"https:\/\/drinkera.sk\/produkt\/domaci-cajicek-doza\/#primaryimage"},"image":{"@id":"https:\/\/drinkera.sk\/produkt\/domaci-cajicek-doza\/#primaryimage"},"thumbnailUrl":"https:\/\/drinkera.sk\/wp-content\/uploads\/2025\/03\/Domaci-Cajicek-sypany-\u2013-Doza.png","datePublished":"2025-03-20T10:25:39+00:00","dateModified":"2026-05-12T07:02:40+00:00","description":"Sypane herbaty Dom\u00e1ci \u010caj\u00ed\u010dek w puszce \u2013 owocowe, zio\u0142owe oraz czarne\/zielone mieszanki bez aromat\u00f3w i konserwant\u00f3w. Jako\u015b\u0107, funkcjonalno\u015b\u0107 i wyj\u0105tkowy smak w ka\u017cdej fili\u017cance.","breadcrumb":{"@id":"https:\/\/drinkera.sk\/produkt\/domaci-cajicek-doza\/#breadcrumb"},"inLanguage":"pl-PL","potentialAction":[{"@type":"ReadAction","target":["https:\/\/drinkera.sk\/produkt\/domaci-cajicek-doza\/"]}]},{"@type":"ImageObject","inLanguage":"pl-PL","@id":"https:\/\/drinkera.sk\/produkt\/domaci-cajicek-doza\/#primaryimage","url":"https:\/\/drinkera.sk\/wp-content\/uploads\/2025\/03\/Domaci-Cajicek-sypany-\u2013-Doza.png","contentUrl":"https:\/\/drinkera.sk\/wp-content\/uploads\/2025\/03\/Domaci-Cajicek-sypany-\u2013-Doza.png","width":800,"height":800,"caption":"Dom\u00e1ci \u010caj\u00ed\u010dek v d\u00f3ze \u2013 125 g ovocn\u00e9 a 70 g bylinkov\u00e9 \u010daje v dar\u010dekovom balen\u00ed | drinkera.sk"},{"@type":"BreadcrumbList","@id":"https:\/\/drinkera.sk\/produkt\/domaci-cajicek-doza\/#breadcrumb","itemListElement":[{"@type":"ListItem","position":1,"name":"Domovsk\u00e1 str\u00e1nka","item":"https:\/\/drinkera.sk\/"},{"@type":"ListItem","position":2,"name":"E-shop","item":"https:\/\/drinkera.sk\/obchod\/"},{"@type":"ListItem","position":3,"name":"Dom\u00e1ci \u010caj\u00ed\u010dek sypan\u00fd &#8211; d\u00f3za"}]},{"@type":"WebSite","@id":"https:\/\/drinkera.sk\/#website","url":"https:\/\/drinkera.sk\/","name":"Drinkera SK","description":"Miejsce, gdzie bawimy \u015bwiat napojami.","publisher":{"@id":"https:\/\/drinkera.sk\/#organization"},"potentialAction":[{"@type":"SearchAction","target":{"@type":"EntryPoint","urlTemplate":"https:\/\/drinkera.sk\/?s={search_term_string}"},"query-input":{"@type":"PropertyValueSpecification","valueRequired":true,"valueName":"search_term_string"}}],"inLanguage":"pl-PL"},{"@type":"Organization","@id":"https:\/\/drinkera.sk\/#organization","name":"Drinkera SK","url":"https:\/\/drinkera.sk\/","logo":{"@type":"ImageObject","inLanguage":"pl-PL","@id":"https:\/\/drinkera.sk\/#\/schema\/logo\/image\/","url":"https:\/\/drinkera.sk\/wp-content\/uploads\/2025\/05\/cropped-Drinkera-logo-scaled-1.png","contentUrl":"https:\/\/drinkera.sk\/wp-content\/uploads\/2025\/05\/cropped-Drinkera-logo-scaled-1.png","width":2145,"height":571,"caption":"Drinkera SK"},"image":{"@id":"https:\/\/drinkera.sk\/#\/schema\/logo\/image\/"}}]}},"_links":{"self":[{"href":"https:\/\/drinkera.sk\/pl\/wp-json\/wp\/v2\/product\/11009","targetHints":{"allow":["GET"]}}],"collection":[{"href":"https:\/\/drinkera.sk\/pl\/wp-json\/wp\/v2\/product"}],"about":[{"href":"https:\/\/drinkera.sk\/pl\/wp-json\/wp\/v2\/types\/product"}],"wp:featuredmedia":[{"embeddable":true,"href":"https:\/\/drinkera.sk\/pl\/wp-json\/wp\/v2\/media\/12997"}],"wp:attachment":[{"href":"https:\/\/drinkera.sk\/pl\/wp-json\/wp\/v2\/media?parent=11009"}],"wp:term":[{"taxonomy":"product_brand","embeddable":true,"href":"https:\/\/drinkera.sk\/pl\/wp-json\/wp\/v2\/product_brand?post=11009"},{"taxonomy":"product_cat","embeddable":true,"href":"https:\/\/drinkera.sk\/pl\/wp-json\/wp\/v2\/product_cat?post=11009"},{"taxonomy":"product_tag","embeddable":true,"href":"https:\/\/drinkera.sk\/pl\/wp-json\/wp\/v2\/product_tag?post=11009"}],"curies":[{"name":"wp","href":"https:\/\/api.w.org\/{rel}","templated":true}]}}