{"id":11162,"date":"2025-03-20T12:48:33","date_gmt":"2025-03-20T11:48:33","guid":{"rendered":"https:\/\/drinkera.sk\/?post_type=product&#038;p=11162"},"modified":"2026-05-13T07:30:35","modified_gmt":"2026-05-13T05:30:35","slug":"frappe-sweetbird-uk-vegan","status":"publish","type":"product","link":"https:\/\/drinkera.sk\/pl\/produkt\/frappe-sweetbird-uk-vegan\/","title":{"rendered":"Frapp\u00e9 Sweetbird UK (Vegan) 1 kg"},"content":{"rendered":"<h3>\ud83c\udf67 <strong data-start=\"3\" data-end=\"68\">Frapp\u00e9 Sweetbird (Vegan) \u2013 pyszne orze\u017awienie bez kompromis\u00f3w<\/strong><\/h3>\n<p class=\"p3\">Premium frapp\u00e9 Sweetbird to idealne orze\u017awienie o wyj\u0105tkowym smaku \u2013 <span class=\"s2\"><b>bez laktozy, bez sk\u0142adnik\u00f3w odzwierz\u0119cych i bez chemii.<\/b><\/span>. Przygotowane ze starannie wyselekcjonowanych sk\u0142adnik\u00f3w, odpowiednie dla wegan i wszystkich, kt\u00f3rzy szukaj\u0105 czystego, pe\u0142nowarto\u015bciowego sk\u0142adu.<\/p>\n<p>&nbsp;<\/p>\n<h4 class=\"p4\"><span class=\"s3\">\ud83d\udca1 <\/span><b>Dlaczego je pokochasz?<\/b><b><\/b><\/h4>\n<p class=\"p3\">\u2013 G\u0119sta, kremowa konsystencja po zmiksowaniu<\/p>\n<p class=\"p3\">\u2013 Smak prawdziwej kawy lub prawdziwych lasek wanilii<\/p>\n<p class=\"p3\">\u2013 Bez barwnik\u00f3w, sztucznych aromat\u00f3w, uwodornionych t\u0142uszcz\u00f3w ani konserwant\u00f3w<\/p>\n<p class=\"p4\"><span class=\"s3\">\u2013 <\/span><b>Przyjazne dla wegan i bez laktozy<\/b><b><\/b><\/p>\n<p class=\"p3\">\u2013 Zarejestrowane w The Vegan Society<\/p>\n<p>&nbsp;<\/p>\n<p class=\"p3\">Niezale\u017cnie od tego, czy si\u0119gniesz po <span class=\"s2\"><b>klasycznego smaku kawy<\/b><\/span> lub <span class=\"s2\"><b>delikatnie s\u0142odkiej wanilii<\/b><\/span>, frapp\u00e9 Sweetbird zapewni Ci orze\u017awienie na najwy\u017cszym poziomie \u2013 wygodnie, prosto i bez wyrzut\u00f3w sumienia.<\/p>\n<p>&nbsp;<\/p>\n<p class=\"p3\">\ud83d\udce6 <strong>Opakowanie:<\/strong> 1 kg \/ ok. 25 porcji<\/p>\n<p class=\"p3\">\ud83c\uddec\ud83c\udde7 <strong>Wyprodukowano w UK<\/strong><br data-start=\"886\" data-end=\"889\" \/><br data-start=\"911\" data-end=\"914\" \/>\ud83d\udccd <strong data-start=\"917\" data-end=\"938\">Dystrybutor w UE:<\/strong> Drinkera SK, N\u00e1bre\u017en\u00e1 3467\/8, 038 61 Vr\u00fatky<\/p>","protected":false},"excerpt":{"rendered":"<p class=\"p1\">Pyszne wega\u0144skie frapp\u00e9 Sweetbird bez laktozy i zb\u0119dnej chemii. Kawowe i waniliowe orze\u017awienie o g\u0119stej konsystencji i czystym sk\u0142adzie. Idealne na lato!<\/p>","protected":false},"featured_media":13000,"template":"","meta":{"_kad_post_transparent":"default","_kad_post_title":"","_kad_post_layout":"default","_kad_post_sidebar_id":"","_kad_post_content_style":"default","_kad_post_vertical_padding":"default","_kad_post_feature":"","_kad_post_feature_position":"","_kad_post_header":false,"_kad_post_footer":false,"_kad_post_classname":""},"product_brand":[],"product_cat":[27],"product_tag":[],"class_list":{"0":"post-11162","1":"product","2":"type-product","3":"status-publish","4":"has-post-thumbnail","6":"product_cat-frappe","8":"first","9":"instock","10":"taxable","11":"shipping-taxable","12":"purchasable","13":"product-type-variable","14":"entry","15":"content-bg","16":"loop-entry"},"yoast_head":"<!-- This site is optimized with the Yoast SEO plugin v27.6 - https:\/\/yoast.com\/product\/yoast-seo-wordpress\/ -->\n<title>Frapp\u00e9 Sweetbird UK (Vegan) 1kg - Drinkera SK<\/title>\n<meta name=\"description\" content=\"Lahodn\u00e9 veg\u00e1nske frapp\u00e9 n\u00e1poje Sweetbird bez lakt\u00f3zy a ch\u00e9mie. K\u00e1vov\u00e9 a vanilkov\u00e9 osvie\u017eenie s hustou konzistenciou a \u010dist\u00fdm zlo\u017een\u00edm. Ide\u00e1lne na leto!\" \/>\n<meta name=\"robots\" content=\"index, follow, max-snippet:-1, max-image-preview:large, max-video-preview:-1\" \/>\n<link rel=\"canonical\" href=\"https:\/\/drinkera.sk\/pl\/product-2\/frappe-sweetbird-uk-vegan\/\" \/>\n<meta property=\"og:locale\" content=\"pl_PL\" \/>\n<meta property=\"og:type\" content=\"article\" \/>\n<meta property=\"og:title\" content=\"Frapp\u00e9 Sweetbird UK (Vegan) 1kg - Drinkera SK\" \/>\n<meta property=\"og:description\" content=\"Lahodn\u00e9 veg\u00e1nske frapp\u00e9 n\u00e1poje Sweetbird bez lakt\u00f3zy a ch\u00e9mie. K\u00e1vov\u00e9 a vanilkov\u00e9 osvie\u017eenie s hustou konzistenciou a \u010dist\u00fdm zlo\u017een\u00edm. Ide\u00e1lne na leto!\" \/>\n<meta property=\"og:url\" content=\"https:\/\/drinkera.sk\/pl\/product-2\/frappe-sweetbird-uk-vegan\/\" \/>\n<meta property=\"og:site_name\" content=\"Drinkera SK\" \/>\n<meta property=\"article:modified_time\" content=\"2026-05-13T05:30:35+00:00\" \/>\n<meta property=\"og:image\" content=\"https:\/\/drinkera.sk\/wp-content\/uploads\/2025\/03\/Frappe-Sweetbird-UK-Vegan-1.png\" \/>\n\t<meta property=\"og:image:width\" content=\"800\" \/>\n\t<meta property=\"og:image:height\" content=\"800\" \/>\n\t<meta property=\"og:image:type\" content=\"image\/png\" \/>\n<meta name=\"twitter:card\" content=\"summary_large_image\" \/>\n<meta name=\"twitter:label1\" content=\"Szacowany czas czytania\" \/>\n\t<meta name=\"twitter:data1\" content=\"1 minuta\" \/>\n<script type=\"application\/ld+json\" class=\"yoast-schema-graph\">{\"@context\":\"https:\\\/\\\/schema.org\",\"@graph\":[{\"@type\":\"WebPage\",\"@id\":\"https:\\\/\\\/drinkera.sk\\\/produkt\\\/frappe-sweetbird-uk-vegan\\\/\",\"url\":\"https:\\\/\\\/drinkera.sk\\\/produkt\\\/frappe-sweetbird-uk-vegan\\\/\",\"name\":\"Frapp\u00e9 Sweetbird UK (Vegan) 1kg - Drinkera SK\",\"isPartOf\":{\"@id\":\"https:\\\/\\\/drinkera.sk\\\/#website\"},\"primaryImageOfPage\":{\"@id\":\"https:\\\/\\\/drinkera.sk\\\/produkt\\\/frappe-sweetbird-uk-vegan\\\/#primaryimage\"},\"image\":{\"@id\":\"https:\\\/\\\/drinkera.sk\\\/produkt\\\/frappe-sweetbird-uk-vegan\\\/#primaryimage\"},\"thumbnailUrl\":\"https:\\\/\\\/drinkera.sk\\\/wp-content\\\/uploads\\\/2025\\\/03\\\/Frappe-Sweetbird-UK-Vegan-1.png\",\"datePublished\":\"2025-03-20T11:48:33+00:00\",\"dateModified\":\"2026-05-13T05:30:35+00:00\",\"description\":\"Lahodn\u00e9 veg\u00e1nske frapp\u00e9 n\u00e1poje Sweetbird bez lakt\u00f3zy a ch\u00e9mie. K\u00e1vov\u00e9 a vanilkov\u00e9 osvie\u017eenie s hustou konzistenciou a \u010dist\u00fdm zlo\u017een\u00edm. Ide\u00e1lne na leto!\",\"breadcrumb\":{\"@id\":\"https:\\\/\\\/drinkera.sk\\\/produkt\\\/frappe-sweetbird-uk-vegan\\\/#breadcrumb\"},\"inLanguage\":\"pl-PL\",\"potentialAction\":[{\"@type\":\"ReadAction\",\"target\":[\"https:\\\/\\\/drinkera.sk\\\/produkt\\\/frappe-sweetbird-uk-vegan\\\/\"]}]},{\"@type\":\"ImageObject\",\"inLanguage\":\"pl-PL\",\"@id\":\"https:\\\/\\\/drinkera.sk\\\/produkt\\\/frappe-sweetbird-uk-vegan\\\/#primaryimage\",\"url\":\"https:\\\/\\\/drinkera.sk\\\/wp-content\\\/uploads\\\/2025\\\/03\\\/Frappe-Sweetbird-UK-Vegan-1.png\",\"contentUrl\":\"https:\\\/\\\/drinkera.sk\\\/wp-content\\\/uploads\\\/2025\\\/03\\\/Frappe-Sweetbird-UK-Vegan-1.png\",\"width\":800,\"height\":800,\"caption\":\"Frapp\u00e9 Sweetbird UK (Vegan) \u2013 pr\u00edchute Caff\u00e9 a Vanilla Bean pre letn\u00e9 k\u00e1vov\u00e9 frapp\u00e9 | drinkera.sk\"},{\"@type\":\"BreadcrumbList\",\"@id\":\"https:\\\/\\\/drinkera.sk\\\/produkt\\\/frappe-sweetbird-uk-vegan\\\/#breadcrumb\",\"itemListElement\":[{\"@type\":\"ListItem\",\"position\":1,\"name\":\"Domovsk\u00e1 str\u00e1nka\",\"item\":\"https:\\\/\\\/drinkera.sk\\\/\"},{\"@type\":\"ListItem\",\"position\":2,\"name\":\"E-shop\",\"item\":\"https:\\\/\\\/drinkera.sk\\\/obchod\\\/\"},{\"@type\":\"ListItem\",\"position\":3,\"name\":\"Frapp\u00e9 Sweetbird UK (Vegan) 1kg\"}]},{\"@type\":\"WebSite\",\"@id\":\"https:\\\/\\\/drinkera.sk\\\/#website\",\"url\":\"https:\\\/\\\/drinkera.sk\\\/\",\"name\":\"Drinkera SK\",\"description\":\"Miesto, kde bav\u00edme svet n\u00e1pojmi\",\"publisher\":{\"@id\":\"https:\\\/\\\/drinkera.sk\\\/#organization\"},\"potentialAction\":[{\"@type\":\"SearchAction\",\"target\":{\"@type\":\"EntryPoint\",\"urlTemplate\":\"https:\\\/\\\/drinkera.sk\\\/?s={search_term_string}\"},\"query-input\":{\"@type\":\"PropertyValueSpecification\",\"valueRequired\":true,\"valueName\":\"search_term_string\"}}],\"inLanguage\":\"pl-PL\"},{\"@type\":\"Organization\",\"@id\":\"https:\\\/\\\/drinkera.sk\\\/#organization\",\"name\":\"Drinkera SK\",\"url\":\"https:\\\/\\\/drinkera.sk\\\/\",\"logo\":{\"@type\":\"ImageObject\",\"inLanguage\":\"pl-PL\",\"@id\":\"https:\\\/\\\/drinkera.sk\\\/#\\\/schema\\\/logo\\\/image\\\/\",\"url\":\"https:\\\/\\\/drinkera.sk\\\/wp-content\\\/uploads\\\/2025\\\/05\\\/cropped-Drinkera-logo-scaled-1.png\",\"contentUrl\":\"https:\\\/\\\/drinkera.sk\\\/wp-content\\\/uploads\\\/2025\\\/05\\\/cropped-Drinkera-logo-scaled-1.png\",\"width\":2145,\"height\":571,\"caption\":\"Drinkera SK\"},\"image\":{\"@id\":\"https:\\\/\\\/drinkera.sk\\\/#\\\/schema\\\/logo\\\/image\\\/\"}}]}<\/script>\n<!-- \/ Yoast SEO plugin. -->","yoast_head_json":{"title":"Frapp\u00e9 Sweetbird UK (Vegan) 1kg - Drinkera SK","description":"Pyszne wega\u0144skie frapp\u00e9 Sweetbird bez laktozy i zb\u0119dnej chemii. Kawowe i waniliowe orze\u017awienie o g\u0119stej konsystencji i czystym sk\u0142adzie. Idealne na lato!","robots":{"index":"index","follow":"follow","max-snippet":"max-snippet:-1","max-image-preview":"max-image-preview:large","max-video-preview":"max-video-preview:-1"},"canonical":"https:\/\/drinkera.sk\/pl\/product-2\/frappe-sweetbird-uk-vegan\/","og_locale":"pl_PL","og_type":"article","og_title":"Frapp\u00e9 Sweetbird UK (Vegan) 1kg - Drinkera SK","og_description":"Lahodn\u00e9 veg\u00e1nske frapp\u00e9 n\u00e1poje Sweetbird bez lakt\u00f3zy a ch\u00e9mie. K\u00e1vov\u00e9 a vanilkov\u00e9 osvie\u017eenie s hustou konzistenciou a \u010dist\u00fdm zlo\u017een\u00edm. Ide\u00e1lne na leto!","og_url":"https:\/\/drinkera.sk\/pl\/product-2\/frappe-sweetbird-uk-vegan\/","og_site_name":"Drinkera SK","article_modified_time":"2026-05-13T05:30:35+00:00","og_image":[{"width":800,"height":800,"url":"https:\/\/drinkera.sk\/wp-content\/uploads\/2025\/03\/Frappe-Sweetbird-UK-Vegan-1.png","type":"image\/png"}],"twitter_card":"summary_large_image","twitter_misc":{"Szacowany czas czytania":"1 minuta"},"schema":{"@context":"https:\/\/schema.org","@graph":[{"@type":"WebPage","@id":"https:\/\/drinkera.sk\/produkt\/frappe-sweetbird-uk-vegan\/","url":"https:\/\/drinkera.sk\/produkt\/frappe-sweetbird-uk-vegan\/","name":"Frapp\u00e9 Sweetbird UK (Vegan) 1kg - Drinkera SK","isPartOf":{"@id":"https:\/\/drinkera.sk\/#website"},"primaryImageOfPage":{"@id":"https:\/\/drinkera.sk\/produkt\/frappe-sweetbird-uk-vegan\/#primaryimage"},"image":{"@id":"https:\/\/drinkera.sk\/produkt\/frappe-sweetbird-uk-vegan\/#primaryimage"},"thumbnailUrl":"https:\/\/drinkera.sk\/wp-content\/uploads\/2025\/03\/Frappe-Sweetbird-UK-Vegan-1.png","datePublished":"2025-03-20T11:48:33+00:00","dateModified":"2026-05-13T05:30:35+00:00","description":"Pyszne wega\u0144skie frapp\u00e9 Sweetbird bez laktozy i zb\u0119dnej chemii. Kawowe i waniliowe orze\u017awienie o g\u0119stej konsystencji i czystym sk\u0142adzie. Idealne na lato!","breadcrumb":{"@id":"https:\/\/drinkera.sk\/produkt\/frappe-sweetbird-uk-vegan\/#breadcrumb"},"inLanguage":"pl-PL","potentialAction":[{"@type":"ReadAction","target":["https:\/\/drinkera.sk\/produkt\/frappe-sweetbird-uk-vegan\/"]}]},{"@type":"ImageObject","inLanguage":"pl-PL","@id":"https:\/\/drinkera.sk\/produkt\/frappe-sweetbird-uk-vegan\/#primaryimage","url":"https:\/\/drinkera.sk\/wp-content\/uploads\/2025\/03\/Frappe-Sweetbird-UK-Vegan-1.png","contentUrl":"https:\/\/drinkera.sk\/wp-content\/uploads\/2025\/03\/Frappe-Sweetbird-UK-Vegan-1.png","width":800,"height":800,"caption":"Frapp\u00e9 Sweetbird UK (Vegan) \u2013 pr\u00edchute Caff\u00e9 a Vanilla Bean pre letn\u00e9 k\u00e1vov\u00e9 frapp\u00e9 | drinkera.sk"},{"@type":"BreadcrumbList","@id":"https:\/\/drinkera.sk\/produkt\/frappe-sweetbird-uk-vegan\/#breadcrumb","itemListElement":[{"@type":"ListItem","position":1,"name":"Domovsk\u00e1 str\u00e1nka","item":"https:\/\/drinkera.sk\/"},{"@type":"ListItem","position":2,"name":"E-shop","item":"https:\/\/drinkera.sk\/obchod\/"},{"@type":"ListItem","position":3,"name":"Frapp\u00e9 Sweetbird UK (Vegan) 1kg"}]},{"@type":"WebSite","@id":"https:\/\/drinkera.sk\/#website","url":"https:\/\/drinkera.sk\/","name":"Drinkera SK","description":"Miejsce, gdzie bawimy \u015bwiat napojami.","publisher":{"@id":"https:\/\/drinkera.sk\/#organization"},"potentialAction":[{"@type":"SearchAction","target":{"@type":"EntryPoint","urlTemplate":"https:\/\/drinkera.sk\/?s={search_term_string}"},"query-input":{"@type":"PropertyValueSpecification","valueRequired":true,"valueName":"search_term_string"}}],"inLanguage":"pl-PL"},{"@type":"Organization","@id":"https:\/\/drinkera.sk\/#organization","name":"Drinkera SK","url":"https:\/\/drinkera.sk\/","logo":{"@type":"ImageObject","inLanguage":"pl-PL","@id":"https:\/\/drinkera.sk\/#\/schema\/logo\/image\/","url":"https:\/\/drinkera.sk\/wp-content\/uploads\/2025\/05\/cropped-Drinkera-logo-scaled-1.png","contentUrl":"https:\/\/drinkera.sk\/wp-content\/uploads\/2025\/05\/cropped-Drinkera-logo-scaled-1.png","width":2145,"height":571,"caption":"Drinkera SK"},"image":{"@id":"https:\/\/drinkera.sk\/#\/schema\/logo\/image\/"}}]}},"_links":{"self":[{"href":"https:\/\/drinkera.sk\/pl\/wp-json\/wp\/v2\/product\/11162","targetHints":{"allow":["GET"]}}],"collection":[{"href":"https:\/\/drinkera.sk\/pl\/wp-json\/wp\/v2\/product"}],"about":[{"href":"https:\/\/drinkera.sk\/pl\/wp-json\/wp\/v2\/types\/product"}],"wp:featuredmedia":[{"embeddable":true,"href":"https:\/\/drinkera.sk\/pl\/wp-json\/wp\/v2\/media\/13000"}],"wp:attachment":[{"href":"https:\/\/drinkera.sk\/pl\/wp-json\/wp\/v2\/media?parent=11162"}],"wp:term":[{"taxonomy":"product_brand","embeddable":true,"href":"https:\/\/drinkera.sk\/pl\/wp-json\/wp\/v2\/product_brand?post=11162"},{"taxonomy":"product_cat","embeddable":true,"href":"https:\/\/drinkera.sk\/pl\/wp-json\/wp\/v2\/product_cat?post=11162"},{"taxonomy":"product_tag","embeddable":true,"href":"https:\/\/drinkera.sk\/pl\/wp-json\/wp\/v2\/product_tag?post=11162"}],"curies":[{"name":"wp","href":"https:\/\/api.w.org\/{rel}","templated":true}]}}