{"id":13668,"date":"2025-07-28T16:54:54","date_gmt":"2025-07-28T14:54:54","guid":{"rendered":"https:\/\/drinkera.sk\/?post_type=product&#038;p=13668"},"modified":"2026-05-04T07:20:12","modified_gmt":"2026-05-04T05:20:12","slug":"nadoby-do-frapovaca","status":"publish","type":"product","link":"https:\/\/drinkera.sk\/pl\/produkt\/nadoby-do-frapovaca\/","title":{"rendered":"Pojemniki do blendera do frapp\u00e9"},"content":{"rendered":"<h4 data-start=\"0\" data-end=\"90\">\ud83c\udf67 <strong data-start=\"3\" data-end=\"64\">Pojemniki do blender\u00f3w do frapp\u00e9 Johny AK\/20 AUTO LOGO i AK\/2-2TA ECO<\/strong> (1 l plastikowe i nierdzewne)<\/h4>\n<p data-start=\"92\" data-end=\"318\">Nasze pojemniki zosta\u0142y zaprojektowane specjalnie do modeli Johny AK\/20 AUTO LOGO i AK\/2-2TA ECO \u2013 wersja plastikowa jest lekka, odporna na uderzenia i praktyczna, natomiast wersja nierdzewna zapewnia premium po\u0142ysk, doskona\u0142e przewodnictwo cieplne oraz d\u0142ugotrwa\u0142\u0105 trwa\u0142o\u015b\u0107.<\/p>\n<h4 data-start=\"320\" data-end=\"601\">\ud83d\udca1 <strong data-start=\"323\" data-end=\"346\">Dlaczego je uwielbiamy?<\/strong><\/h4>\n<p data-start=\"320\" data-end=\"601\">\u2013 G\u0142adka wewn\u0119trzna powierzchnia zapewniaj\u0105ca szybkie miksowanie i \u0142atwe czyszczenie<br data-start=\"411\" data-end=\"414\" \/>\u2013 Plastikowe: bezpieczne do codziennego u\u017cytku<br data-start=\"458\" data-end=\"461\" \/>\u2013 Nierdzewne: profesjonalny wygl\u0105d i odporno\u015b\u0107 na \u015bcieranie oraz korozj\u0119<br data-start=\"527\" data-end=\"530\" \/>\u2013 W pe\u0142ni kompatybilne z blenderami do frapp\u00e9 Johny AK\/20 AUTO LOGO i AK\/2-2TA ECO<\/p>\n<h4 data-start=\"0\" data-end=\"86\"><span style=\"font-size: 17px; font-weight: normal;\">\ud83d\udce6 <\/span><strong style=\"font-size: 17px;\">Opakowanie:<\/strong><span style=\"font-size: 17px; font-weight: normal;\"> pojedynczo (plastikowe i nierdzewne)<\/span><\/h4>\n<p data-start=\"717\" data-end=\"845\" data-is-last-node=\"\" data-is-only-node=\"\">\ud83c\uddea\ud83c\uddfa <strong>Wyprodukowano w UE<\/strong><br data-start=\"783\" data-end=\"786\" \/>\ud83d\udccd <strong>Sprzeda\u017c w UE:<\/strong> Drinkera SK, N\u00e1bre\u017en\u00e1 3467\/8, 038 61 Vr\u00fatky<\/p>","protected":false},"excerpt":{"rendered":"<p class=\"p1\">Plastowe pojemniki Johny 1 l do modeli AK\/20 AUTO LOGO i AK\/2-2TA ECO s\u0105 lekkie, odporne na uderzenia i praktyczne, natomiast wersje nierdzewne 1 l zapewniaj\u0105 premium po\u0142ysk, doskona\u0142e przewodnictwo cieplne i d\u0142ugotrwa\u0142\u0105 trwa\u0142o\u015b\u0107.<\/p>","protected":false},"featured_media":13675,"template":"","meta":{"_kad_post_transparent":"default","_kad_post_title":"","_kad_post_layout":"default","_kad_post_sidebar_id":"","_kad_post_content_style":"default","_kad_post_vertical_padding":"default","_kad_post_feature":"","_kad_post_feature_position":"","_kad_post_header":false,"_kad_post_footer":false,"_kad_post_classname":""},"product_brand":[],"product_cat":[29],"product_tag":[],"class_list":{"0":"post-13668","1":"product","2":"type-product","3":"status-publish","4":"has-post-thumbnail","6":"product_cat-sklo-porcelan","8":"first","9":"instock","10":"taxable","11":"shipping-taxable","12":"purchasable","13":"product-type-variable","14":"entry","15":"content-bg","16":"loop-entry"},"yoast_head":"<!-- This site is optimized with the Yoast SEO plugin v27.6 - https:\/\/yoast.com\/product\/yoast-seo-wordpress\/ -->\n<title>N\u00e1doby do frapova\u010da - Drinkera SK<\/title>\n<meta name=\"description\" content=\"1 l plastov\u00e9 a nerezov\u00e9 n\u00e1doby Johny pre frapova\u010de AK\/20 AUTO LOGO &amp; AK\/2-2TA ECO \u2013 \u013eahk\u00e9, odoln\u00e9 a profesion\u00e1lne s jednoduch\u00fdm mixovan\u00edm a \u010disten\u00edm.\" \/>\n<meta name=\"robots\" content=\"index, follow, max-snippet:-1, max-image-preview:large, max-video-preview:-1\" \/>\n<link rel=\"canonical\" href=\"https:\/\/drinkera.sk\/pl\/product-2\/nadoby-do-frapovaca\/\" \/>\n<meta property=\"og:locale\" content=\"pl_PL\" \/>\n<meta property=\"og:type\" content=\"article\" \/>\n<meta property=\"og:title\" content=\"N\u00e1doby do frapova\u010da - Drinkera SK\" \/>\n<meta property=\"og:description\" content=\"1 l plastov\u00e9 a nerezov\u00e9 n\u00e1doby Johny pre frapova\u010de AK\/20 AUTO LOGO &amp; AK\/2-2TA ECO \u2013 \u013eahk\u00e9, odoln\u00e9 a profesion\u00e1lne s jednoduch\u00fdm mixovan\u00edm a \u010disten\u00edm.\" \/>\n<meta property=\"og:url\" content=\"https:\/\/drinkera.sk\/pl\/product-2\/nadoby-do-frapovaca\/\" \/>\n<meta property=\"og:site_name\" content=\"Drinkera SK\" \/>\n<meta property=\"article:modified_time\" content=\"2026-05-04T05:20:12+00:00\" \/>\n<meta property=\"og:image\" content=\"https:\/\/drinkera.sk\/wp-content\/uploads\/2025\/07\/Nadoby-do-frapovaca.png\" \/>\n\t<meta property=\"og:image:width\" content=\"800\" \/>\n\t<meta property=\"og:image:height\" content=\"800\" \/>\n\t<meta property=\"og:image:type\" content=\"image\/png\" \/>\n<meta name=\"twitter:card\" content=\"summary_large_image\" \/>\n<meta name=\"twitter:label1\" content=\"Szacowany czas czytania\" \/>\n\t<meta name=\"twitter:data1\" content=\"1 minuta\" \/>\n<script type=\"application\/ld+json\" class=\"yoast-schema-graph\">{\"@context\":\"https:\\\/\\\/schema.org\",\"@graph\":[{\"@type\":\"WebPage\",\"@id\":\"https:\\\/\\\/drinkera.sk\\\/produkt\\\/nadoby-do-frapovaca\\\/\",\"url\":\"https:\\\/\\\/drinkera.sk\\\/produkt\\\/nadoby-do-frapovaca\\\/\",\"name\":\"N\u00e1doby do frapova\u010da - Drinkera SK\",\"isPartOf\":{\"@id\":\"https:\\\/\\\/drinkera.sk\\\/#website\"},\"primaryImageOfPage\":{\"@id\":\"https:\\\/\\\/drinkera.sk\\\/produkt\\\/nadoby-do-frapovaca\\\/#primaryimage\"},\"image\":{\"@id\":\"https:\\\/\\\/drinkera.sk\\\/produkt\\\/nadoby-do-frapovaca\\\/#primaryimage\"},\"thumbnailUrl\":\"https:\\\/\\\/drinkera.sk\\\/wp-content\\\/uploads\\\/2025\\\/07\\\/Nadoby-do-frapovaca.png\",\"datePublished\":\"2025-07-28T14:54:54+00:00\",\"dateModified\":\"2026-05-04T05:20:12+00:00\",\"description\":\"1 l plastov\u00e9 a nerezov\u00e9 n\u00e1doby Johny pre frapova\u010de AK\\\/20 AUTO LOGO & AK\\\/2-2TA ECO \u2013 \u013eahk\u00e9, odoln\u00e9 a profesion\u00e1lne s jednoduch\u00fdm mixovan\u00edm a \u010disten\u00edm.\",\"breadcrumb\":{\"@id\":\"https:\\\/\\\/drinkera.sk\\\/produkt\\\/nadoby-do-frapovaca\\\/#breadcrumb\"},\"inLanguage\":\"pl-PL\",\"potentialAction\":[{\"@type\":\"ReadAction\",\"target\":[\"https:\\\/\\\/drinkera.sk\\\/produkt\\\/nadoby-do-frapovaca\\\/\"]}]},{\"@type\":\"ImageObject\",\"inLanguage\":\"pl-PL\",\"@id\":\"https:\\\/\\\/drinkera.sk\\\/produkt\\\/nadoby-do-frapovaca\\\/#primaryimage\",\"url\":\"https:\\\/\\\/drinkera.sk\\\/wp-content\\\/uploads\\\/2025\\\/07\\\/Nadoby-do-frapovaca.png\",\"contentUrl\":\"https:\\\/\\\/drinkera.sk\\\/wp-content\\\/uploads\\\/2025\\\/07\\\/Nadoby-do-frapovaca.png\",\"width\":800,\"height\":800,\"caption\":\"N\u00e1doby do frappova\u010da Johny 1 l \u2013 Plastov\u00e1 & Nerezov\u00e1 | drinkera.sk\"},{\"@type\":\"BreadcrumbList\",\"@id\":\"https:\\\/\\\/drinkera.sk\\\/produkt\\\/nadoby-do-frapovaca\\\/#breadcrumb\",\"itemListElement\":[{\"@type\":\"ListItem\",\"position\":1,\"name\":\"Domovsk\u00e1 str\u00e1nka\",\"item\":\"https:\\\/\\\/drinkera.sk\\\/\"},{\"@type\":\"ListItem\",\"position\":2,\"name\":\"E-shop\",\"item\":\"https:\\\/\\\/drinkera.sk\\\/obchod\\\/\"},{\"@type\":\"ListItem\",\"position\":3,\"name\":\"N\u00e1doby do frapova\u010da\"}]},{\"@type\":\"WebSite\",\"@id\":\"https:\\\/\\\/drinkera.sk\\\/#website\",\"url\":\"https:\\\/\\\/drinkera.sk\\\/\",\"name\":\"Drinkera SK\",\"description\":\"Miesto, kde bav\u00edme svet n\u00e1pojmi\",\"publisher\":{\"@id\":\"https:\\\/\\\/drinkera.sk\\\/#organization\"},\"potentialAction\":[{\"@type\":\"SearchAction\",\"target\":{\"@type\":\"EntryPoint\",\"urlTemplate\":\"https:\\\/\\\/drinkera.sk\\\/?s={search_term_string}\"},\"query-input\":{\"@type\":\"PropertyValueSpecification\",\"valueRequired\":true,\"valueName\":\"search_term_string\"}}],\"inLanguage\":\"pl-PL\"},{\"@type\":\"Organization\",\"@id\":\"https:\\\/\\\/drinkera.sk\\\/#organization\",\"name\":\"Drinkera SK\",\"url\":\"https:\\\/\\\/drinkera.sk\\\/\",\"logo\":{\"@type\":\"ImageObject\",\"inLanguage\":\"pl-PL\",\"@id\":\"https:\\\/\\\/drinkera.sk\\\/#\\\/schema\\\/logo\\\/image\\\/\",\"url\":\"https:\\\/\\\/drinkera.sk\\\/wp-content\\\/uploads\\\/2025\\\/05\\\/cropped-Drinkera-logo-scaled-1.png\",\"contentUrl\":\"https:\\\/\\\/drinkera.sk\\\/wp-content\\\/uploads\\\/2025\\\/05\\\/cropped-Drinkera-logo-scaled-1.png\",\"width\":2145,\"height\":571,\"caption\":\"Drinkera SK\"},\"image\":{\"@id\":\"https:\\\/\\\/drinkera.sk\\\/#\\\/schema\\\/logo\\\/image\\\/\"}}]}<\/script>\n<!-- \/ Yoast SEO plugin. -->","yoast_head_json":{"title":"Pojemniki do blendera do frapp\u00e9 - Drinkera SK","description":"Plastowe i nierdzewne pojemniki Johny 1 l do blender\u00f3w do frapp\u00e9 AK\/20 AUTO LOGO i AK\/2-2TA ECO \u2013 lekkie, trwa\u0142e i profesjonalne, z \u0142atwym miksowaniem i czyszczeniem.","robots":{"index":"index","follow":"follow","max-snippet":"max-snippet:-1","max-image-preview":"max-image-preview:large","max-video-preview":"max-video-preview:-1"},"canonical":"https:\/\/drinkera.sk\/pl\/product-2\/nadoby-do-frapovaca\/","og_locale":"pl_PL","og_type":"article","og_title":"N\u00e1doby do frapova\u010da - Drinkera SK","og_description":"1 l plastov\u00e9 a nerezov\u00e9 n\u00e1doby Johny pre frapova\u010de AK\/20 AUTO LOGO & AK\/2-2TA ECO \u2013 \u013eahk\u00e9, odoln\u00e9 a profesion\u00e1lne s jednoduch\u00fdm mixovan\u00edm a \u010disten\u00edm.","og_url":"https:\/\/drinkera.sk\/pl\/product-2\/nadoby-do-frapovaca\/","og_site_name":"Drinkera SK","article_modified_time":"2026-05-04T05:20:12+00:00","og_image":[{"width":800,"height":800,"url":"https:\/\/drinkera.sk\/wp-content\/uploads\/2025\/07\/Nadoby-do-frapovaca.png","type":"image\/png"}],"twitter_card":"summary_large_image","twitter_misc":{"Szacowany czas czytania":"1 minuta"},"schema":{"@context":"https:\/\/schema.org","@graph":[{"@type":"WebPage","@id":"https:\/\/drinkera.sk\/produkt\/nadoby-do-frapovaca\/","url":"https:\/\/drinkera.sk\/produkt\/nadoby-do-frapovaca\/","name":"Pojemniki do blendera do frapp\u00e9 - Drinkera SK","isPartOf":{"@id":"https:\/\/drinkera.sk\/#website"},"primaryImageOfPage":{"@id":"https:\/\/drinkera.sk\/produkt\/nadoby-do-frapovaca\/#primaryimage"},"image":{"@id":"https:\/\/drinkera.sk\/produkt\/nadoby-do-frapovaca\/#primaryimage"},"thumbnailUrl":"https:\/\/drinkera.sk\/wp-content\/uploads\/2025\/07\/Nadoby-do-frapovaca.png","datePublished":"2025-07-28T14:54:54+00:00","dateModified":"2026-05-04T05:20:12+00:00","description":"Plastowe i nierdzewne pojemniki Johny 1 l do blender\u00f3w do frapp\u00e9 AK\/20 AUTO LOGO i AK\/2-2TA ECO \u2013 lekkie, trwa\u0142e i profesjonalne, z \u0142atwym miksowaniem i czyszczeniem.","breadcrumb":{"@id":"https:\/\/drinkera.sk\/produkt\/nadoby-do-frapovaca\/#breadcrumb"},"inLanguage":"pl-PL","potentialAction":[{"@type":"ReadAction","target":["https:\/\/drinkera.sk\/produkt\/nadoby-do-frapovaca\/"]}]},{"@type":"ImageObject","inLanguage":"pl-PL","@id":"https:\/\/drinkera.sk\/produkt\/nadoby-do-frapovaca\/#primaryimage","url":"https:\/\/drinkera.sk\/wp-content\/uploads\/2025\/07\/Nadoby-do-frapovaca.png","contentUrl":"https:\/\/drinkera.sk\/wp-content\/uploads\/2025\/07\/Nadoby-do-frapovaca.png","width":800,"height":800,"caption":"N\u00e1doby do frappova\u010da Johny 1 l \u2013 Plastov\u00e1 & Nerezov\u00e1 | drinkera.sk"},{"@type":"BreadcrumbList","@id":"https:\/\/drinkera.sk\/produkt\/nadoby-do-frapovaca\/#breadcrumb","itemListElement":[{"@type":"ListItem","position":1,"name":"Domovsk\u00e1 str\u00e1nka","item":"https:\/\/drinkera.sk\/"},{"@type":"ListItem","position":2,"name":"E-shop","item":"https:\/\/drinkera.sk\/obchod\/"},{"@type":"ListItem","position":3,"name":"N\u00e1doby do frapova\u010da"}]},{"@type":"WebSite","@id":"https:\/\/drinkera.sk\/#website","url":"https:\/\/drinkera.sk\/","name":"Drinkera SK","description":"Miejsce, gdzie bawimy \u015bwiat napojami.","publisher":{"@id":"https:\/\/drinkera.sk\/#organization"},"potentialAction":[{"@type":"SearchAction","target":{"@type":"EntryPoint","urlTemplate":"https:\/\/drinkera.sk\/?s={search_term_string}"},"query-input":{"@type":"PropertyValueSpecification","valueRequired":true,"valueName":"search_term_string"}}],"inLanguage":"pl-PL"},{"@type":"Organization","@id":"https:\/\/drinkera.sk\/#organization","name":"Drinkera SK","url":"https:\/\/drinkera.sk\/","logo":{"@type":"ImageObject","inLanguage":"pl-PL","@id":"https:\/\/drinkera.sk\/#\/schema\/logo\/image\/","url":"https:\/\/drinkera.sk\/wp-content\/uploads\/2025\/05\/cropped-Drinkera-logo-scaled-1.png","contentUrl":"https:\/\/drinkera.sk\/wp-content\/uploads\/2025\/05\/cropped-Drinkera-logo-scaled-1.png","width":2145,"height":571,"caption":"Drinkera SK"},"image":{"@id":"https:\/\/drinkera.sk\/#\/schema\/logo\/image\/"}}]}},"_links":{"self":[{"href":"https:\/\/drinkera.sk\/pl\/wp-json\/wp\/v2\/product\/13668","targetHints":{"allow":["GET"]}}],"collection":[{"href":"https:\/\/drinkera.sk\/pl\/wp-json\/wp\/v2\/product"}],"about":[{"href":"https:\/\/drinkera.sk\/pl\/wp-json\/wp\/v2\/types\/product"}],"wp:featuredmedia":[{"embeddable":true,"href":"https:\/\/drinkera.sk\/pl\/wp-json\/wp\/v2\/media\/13675"}],"wp:attachment":[{"href":"https:\/\/drinkera.sk\/pl\/wp-json\/wp\/v2\/media?parent=13668"}],"wp:term":[{"taxonomy":"product_brand","embeddable":true,"href":"https:\/\/drinkera.sk\/pl\/wp-json\/wp\/v2\/product_brand?post=13668"},{"taxonomy":"product_cat","embeddable":true,"href":"https:\/\/drinkera.sk\/pl\/wp-json\/wp\/v2\/product_cat?post=13668"},{"taxonomy":"product_tag","embeddable":true,"href":"https:\/\/drinkera.sk\/pl\/wp-json\/wp\/v2\/product_tag?post=13668"}],"curies":[{"name":"wp","href":"https:\/\/api.w.org\/{rel}","templated":true}]}}